{"id":932,"date":"2024-04-03T16:33:19","date_gmt":"2024-04-03T14:33:19","guid":{"rendered":"https:\/\/frenchyfondant.fr\/?post_type=product&#038;p=932"},"modified":"2024-11-01T18:22:44","modified_gmt":"2024-11-01T17:22:44","slug":"maquis-corse","status":"publish","type":"product","link":"https:\/\/frenchyfondant.fr\/?product=maquis-corse","title":{"rendered":"MAQUIS CORSE"},"content":{"rendered":"<p style=\"text-align: center;\">Fondant de bougie senteur \u00ab\u00a0Maquis corse\u00a0\u00bb<\/p>\n<p>Offrez-vous une promenade dans la garrigue corse gr\u00e2ce \u00e0 cette essence aromatique. L&rsquo;entame de lavandin et d&rsquo;armoise vous transporte instantan\u00e9ment dans le maquis, l\u00e0 o\u00f9 la nature est reine. En son c\u0153ur, les notes robustes de thym et de romarin \u00e9voquent les collines sauvages de la Corse. En finale, le c\u00e8dre s&rsquo;allie \u00e0 la f\u00e8ve tonka pour cr\u00e9er une impression de chaleur et de terre sauvage, un hommage vibrant \u00e0 la beaut\u00e9 brute de l&rsquo;\u00eele de beaut\u00e9.<\/p>\n<p style=\"text-align: center;\">100% artisanal &amp; fabriqu\u00e9 en France<\/p>\n<p style=\"text-align: center;\">Parfum sans CMR, ni phtalates &#8211; Origine Grasse<\/p>\n<p style=\"text-align: center;\">Cire de soja 100% naturelle &#8211; Origine: UE (Espagne)<\/p>\n<p style=\"text-align: center;\">Colorant naturel (d&rsquo;origine v\u00e9g\u00e9tale ou min\u00e9rale)<\/p>\n<p style=\"text-align: center;\">20g<\/p>\n","protected":false},"excerpt":{"rendered":"<p style=\"text-align: center;\">Fondant de bougie senteur \u00ab\u00a0Maquis corse\u00a0\u00bb<\/p>\n<p>Offrez-vous une promenade dans la garrigue corse gr\u00e2ce \u00e0 cette essence aromatique. L&rsquo;entame de lavandin et d&rsquo;armoise vous transporte instantan\u00e9ment dans le maquis, l\u00e0 o\u00f9 la nature est reine. En son c\u0153ur, les notes robustes de thym et de romarin \u00e9voquent les collines sauvages de la Corse. En finale, le c\u00e8dre s&rsquo;allie \u00e0 la f\u00e8ve tonka pour cr\u00e9er une impression de chaleur et de terre sauvage, un hommage vibrant \u00e0 la beaut\u00e9 brute de l&rsquo;\u00eele de beaut\u00e9.<\/p>\n<p>&nbsp;<\/p>\n","protected":false},"featured_media":1334,"comment_status":"open","ping_status":"closed","template":"","meta":{"om_disable_all_campaigns":false,"_monsterinsights_skip_tracking":false,"_monsterinsights_sitenote_active":false,"_monsterinsights_sitenote_note":"","_monsterinsights_sitenote_category":0},"product_cat":[38,39],"product_tag":[],"aioseo_notices":[],"jetpack_sharing_enabled":true,"_links":{"self":[{"href":"https:\/\/frenchyfondant.fr\/index.php?rest_route=\/wp\/v2\/product\/932"}],"collection":[{"href":"https:\/\/frenchyfondant.fr\/index.php?rest_route=\/wp\/v2\/product"}],"about":[{"href":"https:\/\/frenchyfondant.fr\/index.php?rest_route=\/wp\/v2\/types\/product"}],"replies":[{"embeddable":true,"href":"https:\/\/frenchyfondant.fr\/index.php?rest_route=%2Fwp%2Fv2%2Fcomments&post=932"}],"wp:featuredmedia":[{"embeddable":true,"href":"https:\/\/frenchyfondant.fr\/index.php?rest_route=\/wp\/v2\/media\/1334"}],"wp:attachment":[{"href":"https:\/\/frenchyfondant.fr\/index.php?rest_route=%2Fwp%2Fv2%2Fmedia&parent=932"}],"wp:term":[{"taxonomy":"product_cat","embeddable":true,"href":"https:\/\/frenchyfondant.fr\/index.php?rest_route=%2Fwp%2Fv2%2Fproduct_cat&post=932"},{"taxonomy":"product_tag","embeddable":true,"href":"https:\/\/frenchyfondant.fr\/index.php?rest_route=%2Fwp%2Fv2%2Fproduct_tag&post=932"}],"curies":[{"name":"wp","href":"https:\/\/api.w.org\/{rel}","templated":true}]}}