{"id":923,"date":"2024-04-03T16:12:25","date_gmt":"2024-04-03T14:12:25","guid":{"rendered":"https:\/\/frenchyfondant.fr\/?post_type=product&#038;p=923"},"modified":"2025-02-01T01:01:01","modified_gmt":"2025-02-01T00:01:01","slug":"bois-de-oud-patchouli","status":"publish","type":"product","link":"https:\/\/frenchyfondant.fr\/?product=bois-de-oud-patchouli","title":{"rendered":"BOIS DE OUD &#8211; PATCHOULI"},"content":{"rendered":"<p style=\"text-align: center;\">Fondant de bougie senteur \u00ab\u00a0Bois de Oud-Patchouli\u00a0\u00bb<\/p>\n<p>Le fondant au Bois de Oud et au Patchouli est une fusion envo\u00fbtante de deux notes profond\u00e9ment riches et terreuses. Le bois de oud, \u00e9galement connu sous le nom d&rsquo;agarwood, apporte une chaleur intense et bois\u00e9e avec des nuances fum\u00e9es et cuir\u00e9es. Il \u00e9voque un sentiment de myst\u00e8re et de sophistication. Le patchouli, quant \u00e0 lui, ajoute une dimension terreuse et herbac\u00e9e, avec des accents bois\u00e9s et l\u00e9g\u00e8rement \u00e9pic\u00e9s. Ensemble, ces deux notes cr\u00e9ent un parfum captivant et sensuel, \u00e9quilibrant la profondeur du bois de oud avec la richesse du patchouli. Le r\u00e9sultat est une senteur r\u00e9solument masculine et raffin\u00e9e, qui transporte celui qui la respire dans un voyage sensoriel fascinant.<\/p>\n<p style=\"text-align: center;\">100% artisanal &amp; fabriqu\u00e9 en France<\/p>\n<p style=\"text-align: center;\">Parfum sans CMR, ni phtalates &#8211; Origine Grasse<\/p>\n<p style=\"text-align: center;\">Cire de soja 100% naturelle &#8211; Origine: UE (Espagne)<\/p>\n<p style=\"text-align: center;\">Colorant naturel (d&rsquo;origine v\u00e9g\u00e9tale ou min\u00e9rale)<\/p>\n<p style=\"text-align: center;\">20g<\/p>\n","protected":false},"excerpt":{"rendered":"<p style=\"text-align: center;\">Fondant de bougie senteur \u00ab\u00a0Bois de Oud- Patchouli\u00a0\u00bb<\/p>\n<p style=\"text-align: center;\">Le fondant au Bois de Oud et au Patchouli est une fusion envo\u00fbtante de deux notes profond\u00e9ment riches et terreuses. Le bois de oud, \u00e9galement connu sous le nom d&rsquo;agarwood, apporte une chaleur intense et bois\u00e9e avec des nuances fum\u00e9es et cuir\u00e9es. Il \u00e9voque un sentiment de myst\u00e8re et de sophistication. Le patchouli, quant \u00e0 lui, ajoute une dimension terreuse et herbac\u00e9e, avec des accents bois\u00e9s et l\u00e9g\u00e8rement \u00e9pic\u00e9s.<\/p>\n","protected":false},"featured_media":1342,"comment_status":"open","ping_status":"closed","template":"","meta":{"om_disable_all_campaigns":false,"_monsterinsights_skip_tracking":false,"_monsterinsights_sitenote_active":false,"_monsterinsights_sitenote_note":"","_monsterinsights_sitenote_category":0},"product_cat":[38,35],"product_tag":[],"aioseo_notices":[],"jetpack_sharing_enabled":true,"_links":{"self":[{"href":"https:\/\/frenchyfondant.fr\/index.php?rest_route=\/wp\/v2\/product\/923"}],"collection":[{"href":"https:\/\/frenchyfondant.fr\/index.php?rest_route=\/wp\/v2\/product"}],"about":[{"href":"https:\/\/frenchyfondant.fr\/index.php?rest_route=\/wp\/v2\/types\/product"}],"replies":[{"embeddable":true,"href":"https:\/\/frenchyfondant.fr\/index.php?rest_route=%2Fwp%2Fv2%2Fcomments&post=923"}],"wp:featuredmedia":[{"embeddable":true,"href":"https:\/\/frenchyfondant.fr\/index.php?rest_route=\/wp\/v2\/media\/1342"}],"wp:attachment":[{"href":"https:\/\/frenchyfondant.fr\/index.php?rest_route=%2Fwp%2Fv2%2Fmedia&parent=923"}],"wp:term":[{"taxonomy":"product_cat","embeddable":true,"href":"https:\/\/frenchyfondant.fr\/index.php?rest_route=%2Fwp%2Fv2%2Fproduct_cat&post=923"},{"taxonomy":"product_tag","embeddable":true,"href":"https:\/\/frenchyfondant.fr\/index.php?rest_route=%2Fwp%2Fv2%2Fproduct_tag&post=923"}],"curies":[{"name":"wp","href":"https:\/\/api.w.org\/{rel}","templated":true}]}}