{"id":921,"date":"2024-04-03T15:57:42","date_gmt":"2024-04-03T13:57:42","guid":{"rendered":"https:\/\/frenchyfondant.fr\/?post_type=product&#038;p=921"},"modified":"2025-02-01T01:01:01","modified_gmt":"2025-02-01T00:01:01","slug":"orange-epicee","status":"publish","type":"product","link":"https:\/\/frenchyfondant.fr\/?product=orange-epicee","title":{"rendered":"ORANGE \u00c9PIC\u00c9E"},"content":{"rendered":"<p style=\"text-align: center;\">Fondant de bougie senteur \u00ab\u00a0Orange \u00e9pic\u00e9e\u00a0\u00bb<\/p>\n<div class=\"relative flex w-full flex-col agent-turn\">\n<div class=\"flex-col gap-1 md:gap-3\">\n<div class=\"flex flex-grow flex-col max-w-full\">\n<div class=\"min-h-[20px] text-message flex flex-col items-start gap-3 whitespace-pre-wrap break-words [.text-message+&amp;]:mt-5 overflow-x-auto\" data-message-author-role=\"assistant\" data-message-id=\"22efb7ee-1243-421b-93ce-cd902868042c\">\n<div class=\"markdown prose w-full break-words dark:prose-invert dark\">\n<p style=\"text-align: center;\">La senteur Orange \u00e9pic\u00e9e est une combinaison envo\u00fbtante d&rsquo;agrumes vibrants et d&rsquo;\u00e9pices r\u00e9confortantes. Imaginez-vous plong\u00e9 dans un verger d&rsquo;orangers baign\u00e9 de soleil, o\u00f9 l&rsquo;air est empreint du parfum sucr\u00e9 des oranges fra\u00eechement cueillies. Ajoutez \u00e0 cela une touche d&rsquo;\u00e9pices chaleureuses comme la cannelle, le clou de girofle et le gingembre, qui viennent rehausser la fragrance avec leur caract\u00e8re \u00e9pic\u00e9 et envo\u00fbtant.<\/p>\n<p style=\"text-align: center;\">Cette senteur offre un \u00e9quilibre parfait entre la fra\u00eecheur vive des agrumes et la chaleur r\u00e9confortante des \u00e9pices, cr\u00e9ant ainsi une ambiance accueillante et stimulante. L&rsquo;orange \u00e9pic\u00e9e \u00e9veille les sens et cr\u00e9e une atmosph\u00e8re invitante, id\u00e9ale pour les journ\u00e9es fra\u00eeches d&rsquo;automne ou les soir\u00e9es conviviales entre amis et famille. Son caract\u00e8re vivifiant et r\u00e9confortant en fait une option polyvalente qui peut \u00eatre appr\u00e9ci\u00e9e toute l&rsquo;ann\u00e9e.<\/p>\n<\/div>\n<\/div>\n<\/div>\n<\/div>\n<\/div>\n<p style=\"text-align: center;\">100% artisanal &amp; fabriqu\u00e9 en France<\/p>\n<p style=\"text-align: center;\">Parfum sans CMR, ni phtalates &#8211; Origine Grasse<\/p>\n<p style=\"text-align: center;\">Cire de soja 100% naturelle &#8211; Origine: UE (Espagne)<\/p>\n<p style=\"text-align: center;\">Colorant naturel (d&rsquo;origine v\u00e9g\u00e9tale ou min\u00e9rale)<\/p>\n<p style=\"text-align: center;\">20g<\/p>\n","protected":false},"excerpt":{"rendered":"<p style=\"text-align: center;\">Fondant de bougie senteur \u00ab\u00a0Orange \u00e9pic\u00e9e\u00a0\u00bb<\/p>\n<p style=\"text-align: center;\">Entrez dans un univers chaleureux et \u00e9pic\u00e9 avec ce fondant \u00e0 la fragrance qui s&rsquo;ouvre sur des notes vivifiantes de citron et de cannelle. Le c\u0153ur, centr\u00e9 sur l&rsquo;orange, s&rsquo;associe \u00e0 des notes de fond de cumin et de girofle, offrant une interpr\u00e9tation moderne et \u00e9pic\u00e9e de la fragrance d&rsquo;orange classique.<\/p>\n","protected":false},"featured_media":1347,"comment_status":"open","ping_status":"closed","template":"","meta":{"om_disable_all_campaigns":false,"_monsterinsights_skip_tracking":false,"_monsterinsights_sitenote_active":false,"_monsterinsights_sitenote_note":"","_monsterinsights_sitenote_category":0},"product_cat":[38,36],"product_tag":[],"aioseo_notices":[],"jetpack_sharing_enabled":true,"_links":{"self":[{"href":"https:\/\/frenchyfondant.fr\/index.php?rest_route=\/wp\/v2\/product\/921"}],"collection":[{"href":"https:\/\/frenchyfondant.fr\/index.php?rest_route=\/wp\/v2\/product"}],"about":[{"href":"https:\/\/frenchyfondant.fr\/index.php?rest_route=\/wp\/v2\/types\/product"}],"replies":[{"embeddable":true,"href":"https:\/\/frenchyfondant.fr\/index.php?rest_route=%2Fwp%2Fv2%2Fcomments&post=921"}],"wp:featuredmedia":[{"embeddable":true,"href":"https:\/\/frenchyfondant.fr\/index.php?rest_route=\/wp\/v2\/media\/1347"}],"wp:attachment":[{"href":"https:\/\/frenchyfondant.fr\/index.php?rest_route=%2Fwp%2Fv2%2Fmedia&parent=921"}],"wp:term":[{"taxonomy":"product_cat","embeddable":true,"href":"https:\/\/frenchyfondant.fr\/index.php?rest_route=%2Fwp%2Fv2%2Fproduct_cat&post=921"},{"taxonomy":"product_tag","embeddable":true,"href":"https:\/\/frenchyfondant.fr\/index.php?rest_route=%2Fwp%2Fv2%2Fproduct_tag&post=921"}],"curies":[{"name":"wp","href":"https:\/\/api.w.org\/{rel}","templated":true}]}}