{"id":919,"date":"2024-04-03T15:54:13","date_gmt":"2024-04-03T13:54:13","guid":{"rendered":"https:\/\/frenchyfondant.fr\/?post_type=product&#038;p=919"},"modified":"2025-09-01T10:50:26","modified_gmt":"2025-09-01T08:50:26","slug":"palo-santo","status":"publish","type":"product","link":"https:\/\/frenchyfondant.fr\/?product=palo-santo","title":{"rendered":"PALO SANTO"},"content":{"rendered":"<p style=\"text-align: center;\">Fondant de bougie senteur \u00ab\u00a0Palo Santo\u00a0\u00bb<\/p>\n<p style=\"text-align: center;\">Le Palo Santo, \u00e9galement connu sous le nom de \u00ab\u00a0bois sacr\u00e9\u00a0\u00bb en espagnol, est un arbre originaire d&rsquo;Am\u00e9rique du Sud, principalement trouv\u00e9 dans les r\u00e9gions de l&rsquo;\u00c9quateur, du P\u00e9rou et de la p\u00e9ninsule du Yucat\u00e1n au Mexique. Son nom scientifique est Bursera graveolens. Le Palo Santo est r\u00e9put\u00e9 pour son parfum distinctif et apaisant, souvent d\u00e9crit comme bois\u00e9, terreux et l\u00e9g\u00e8rement sucr\u00e9.<\/p>\n<p style=\"text-align: center;\">En plus de son parfum enivrant, le Palo Santo est \u00e9galement associ\u00e9 \u00e0 diverses propri\u00e9t\u00e9s spirituelles et de gu\u00e9rison. Il est souvent utilis\u00e9 dans les pratiques de purification, de m\u00e9ditation et de relaxation pour \u00e9lever l&rsquo;esprit et purifier l&rsquo;atmosph\u00e8re.<\/p>\n<p>En r\u00e9sum\u00e9, la senteur du Palo Santo est bois\u00e9e, terreux et l\u00e9g\u00e8rement sucr\u00e9e, avec des notes de citron et de menthe. Elle cr\u00e9e une ambiance apaisante et spirituelle, id\u00e9ale pour la m\u00e9ditation et la relaxation.<\/p>\n<p>&nbsp;<\/p>\n<p style=\"text-align: center;\">100% artisanal &amp; fabriqu\u00e9 en France<\/p>\n<p style=\"text-align: center;\">Parfum sans CMR, ni phtalates &#8211; Origine Grasse<\/p>\n<p style=\"text-align: center;\">Cire de soja 100% naturelle &#8211; Origine: UE (Espagne)<\/p>\n<p style=\"text-align: center;\">Colorant naturel (d&rsquo;origine v\u00e9g\u00e9tale ou min\u00e9rale)<\/p>\n<p style=\"text-align: center;\">20g<\/p>\n","protected":false},"excerpt":{"rendered":"<p style=\"text-align: center;\">Fondant de bougie senteur \u00ab\u00a0Palo Santo\u00a0\u00bb<\/p>\n<p style=\"text-align: center;\">Le Palo Santo, \u00e9galement connu sous le nom de \u00ab\u00a0bois sacr\u00e9\u00a0\u00bb en espagnol, est un arbre originaire d&rsquo;Am\u00e9rique du Sud, principalement trouv\u00e9 dans les r\u00e9gions de l&rsquo;\u00c9quateur, du P\u00e9rou et de la p\u00e9ninsule du Yucat\u00e1n au Mexique. Il est r\u00e9put\u00e9 pour son parfum distinctif et apaisant, souvent d\u00e9crit comme bois\u00e9, terreux et l\u00e9g\u00e8rement sucr\u00e9.<\/p>\n<p>&nbsp;<\/p>\n","protected":false},"featured_media":1365,"comment_status":"open","ping_status":"closed","template":"","meta":{"om_disable_all_campaigns":false,"_monsterinsights_skip_tracking":false,"_monsterinsights_sitenote_active":false,"_monsterinsights_sitenote_note":"","_monsterinsights_sitenote_category":0},"product_cat":[38,35],"product_tag":[],"aioseo_notices":[],"jetpack_sharing_enabled":true,"_links":{"self":[{"href":"https:\/\/frenchyfondant.fr\/index.php?rest_route=\/wp\/v2\/product\/919"}],"collection":[{"href":"https:\/\/frenchyfondant.fr\/index.php?rest_route=\/wp\/v2\/product"}],"about":[{"href":"https:\/\/frenchyfondant.fr\/index.php?rest_route=\/wp\/v2\/types\/product"}],"replies":[{"embeddable":true,"href":"https:\/\/frenchyfondant.fr\/index.php?rest_route=%2Fwp%2Fv2%2Fcomments&post=919"}],"wp:featuredmedia":[{"embeddable":true,"href":"https:\/\/frenchyfondant.fr\/index.php?rest_route=\/wp\/v2\/media\/1365"}],"wp:attachment":[{"href":"https:\/\/frenchyfondant.fr\/index.php?rest_route=%2Fwp%2Fv2%2Fmedia&parent=919"}],"wp:term":[{"taxonomy":"product_cat","embeddable":true,"href":"https:\/\/frenchyfondant.fr\/index.php?rest_route=%2Fwp%2Fv2%2Fproduct_cat&post=919"},{"taxonomy":"product_tag","embeddable":true,"href":"https:\/\/frenchyfondant.fr\/index.php?rest_route=%2Fwp%2Fv2%2Fproduct_tag&post=919"}],"curies":[{"name":"wp","href":"https:\/\/api.w.org\/{rel}","templated":true}]}}