{"id":832,"date":"2024-04-03T12:35:36","date_gmt":"2024-04-03T10:35:36","guid":{"rendered":"https:\/\/frenchyfondant.fr\/?post_type=product&#038;p=832"},"modified":"2025-09-01T10:49:08","modified_gmt":"2025-09-01T08:49:08","slug":"verveine-fondant-de-bougie","status":"publish","type":"product","link":"https:\/\/frenchyfondant.fr\/?product=verveine-fondant-de-bougie","title":{"rendered":"VERVEINE"},"content":{"rendered":"<p style=\"text-align: center;\">Fondant de bougie senteur Verveine<\/p>\n<p style=\"text-align: center;\">Soyez revigor\u00e9 par la fra\u00eecheur vibrante de notre fondant \u00e0 la senteur\u00a0\u00ab\u00a0Verveine\u00a0\u00bb. En t\u00eate, la menthe \u00e9clate, pr\u00e9parant le terrain pour un c\u0153ur vibrant de verveine et de citron. En finale, le musc vient adoucir cette explosion d&rsquo;agrumes, laissant une empreinte l\u00e9g\u00e8re et rafra\u00eechissante.<\/p>\n<p style=\"text-align: center;\">100% artisanal &amp; fabriqu\u00e9 en France<\/p>\n<p style=\"text-align: center;\">Parfum sans CMR, sans Phtalates &#8211; Origine Grasse<\/p>\n<p style=\"text-align: center;\">Cire de soja 100% naturelle &#8211; Origine: UE (Espagne)<\/p>\n<p style=\"text-align: center;\">Colorant naturel (d&rsquo;origine v\u00e9g\u00e9tale ou min\u00e9rale)<\/p>\n<p>&nbsp;<\/p>\n","protected":false},"excerpt":{"rendered":"<p style=\"text-align: center;\">Fondant de bougie senteur Verveine<\/p>\n<p style=\"text-align: center;\">Soyez revigor\u00e9 par la fra\u00eecheur vibrante de notre fondant \u00e0 la senteur\u00a0\u00ab\u00a0Verveine\u00a0\u00bb. En t\u00eate, la menthe \u00e9clate, pr\u00e9parant le terrain pour un c\u0153ur vibrant de verveine et de citron. En finale, le musc vient adoucir cette explosion d&rsquo;agrumes, laissant une empreinte l\u00e9g\u00e8re et rafra\u00eechissante.<\/p>\n","protected":false},"featured_media":1312,"comment_status":"open","ping_status":"closed","template":"","meta":{"om_disable_all_campaigns":false,"_monsterinsights_skip_tracking":false,"_monsterinsights_sitenote_active":false,"_monsterinsights_sitenote_note":"","_monsterinsights_sitenote_category":0},"product_cat":[38,42],"product_tag":[],"aioseo_notices":[],"jetpack_sharing_enabled":true,"_links":{"self":[{"href":"https:\/\/frenchyfondant.fr\/index.php?rest_route=\/wp\/v2\/product\/832"}],"collection":[{"href":"https:\/\/frenchyfondant.fr\/index.php?rest_route=\/wp\/v2\/product"}],"about":[{"href":"https:\/\/frenchyfondant.fr\/index.php?rest_route=\/wp\/v2\/types\/product"}],"replies":[{"embeddable":true,"href":"https:\/\/frenchyfondant.fr\/index.php?rest_route=%2Fwp%2Fv2%2Fcomments&post=832"}],"wp:featuredmedia":[{"embeddable":true,"href":"https:\/\/frenchyfondant.fr\/index.php?rest_route=\/wp\/v2\/media\/1312"}],"wp:attachment":[{"href":"https:\/\/frenchyfondant.fr\/index.php?rest_route=%2Fwp%2Fv2%2Fmedia&parent=832"}],"wp:term":[{"taxonomy":"product_cat","embeddable":true,"href":"https:\/\/frenchyfondant.fr\/index.php?rest_route=%2Fwp%2Fv2%2Fproduct_cat&post=832"},{"taxonomy":"product_tag","embeddable":true,"href":"https:\/\/frenchyfondant.fr\/index.php?rest_route=%2Fwp%2Fv2%2Fproduct_tag&post=832"}],"curies":[{"name":"wp","href":"https:\/\/api.w.org\/{rel}","templated":true}]}}