{"id":830,"date":"2024-04-03T12:31:33","date_gmt":"2024-04-03T10:31:33","guid":{"rendered":"https:\/\/frenchyfondant.fr\/?post_type=product&#038;p=830"},"modified":"2025-02-01T01:01:01","modified_gmt":"2025-02-01T00:01:01","slug":"rose-fondant-de-bougie","status":"publish","type":"product","link":"https:\/\/frenchyfondant.fr\/?product=rose-fondant-de-bougie","title":{"rendered":"ROSE"},"content":{"rendered":"<p style=\"text-align: center;\">Fondant de bougie senteur Rose<\/p>\n<p>Explorez les nuances complexes et balsamiques de la rose dans cette fragrance raffin\u00e9e. La note de t\u00eate m\u00e9lange l&rsquo;orange p\u00e9tillante, le citron frais et la cardamome \u00e9pic\u00e9e, offrant une introduction dynamique et vivifiante. Le c\u0153ur d\u00e9voile un bouquet floral \u00e9l\u00e9gant, mariant les feuilles de th\u00e9 \u00e0 la rose centifolia, \u00e9voquant un jardin de roses en pleine floraison. Le sillage se compose de notes bois\u00e9es de c\u00e8dre et d&rsquo;ambre, laissant une impression durable et chaleureuse.<\/p>\n<p>&nbsp;<\/p>\n<p style=\"text-align: center;\">100% artisanal &amp; fabriqu\u00e9 en France<\/p>\n<p style=\"text-align: center;\">Parfum sans CMR, ni Phtalates &#8211; Origine Grasse<\/p>\n<p style=\"text-align: center;\">Cire de soja 100% naturelle &#8211; Origine: UE (Espagne)<\/p>\n<p style=\"text-align: center;\">Colorant naturel (d&rsquo;origine v\u00e9g\u00e9tale ou min\u00e9rale)<\/p>\n<p style=\"text-align: center;\">\n","protected":false},"excerpt":{"rendered":"<p style=\"text-align: center;\">Fondant de bougie senteur Rose<\/p>\n<p>Explorez les nuances complexes et balsamiques de la rose dans cette fragrance raffin\u00e9e. La note de t\u00eate m\u00e9lange l&rsquo;orange p\u00e9tillante, le citron frais et la cardamome \u00e9pic\u00e9e, offrant une introduction dynamique et vivifiante. Le c\u0153ur d\u00e9voile un bouquet floral \u00e9l\u00e9gant, mariant les feuilles de th\u00e9 \u00e0 la rose centifolia, \u00e9voquant un jardin de roses en pleine floraison. Le sillage se compose de notes bois\u00e9es de c\u00e8dre et d&rsquo;ambre, laissant une impression durable et chaleureuse.<\/p>\n","protected":false},"featured_media":1332,"comment_status":"open","ping_status":"closed","template":"","meta":{"om_disable_all_campaigns":false,"_monsterinsights_skip_tracking":false,"_monsterinsights_sitenote_active":false,"_monsterinsights_sitenote_note":"","_monsterinsights_sitenote_category":0},"product_cat":[38,42],"product_tag":[],"aioseo_notices":[],"jetpack_sharing_enabled":true,"_links":{"self":[{"href":"https:\/\/frenchyfondant.fr\/index.php?rest_route=\/wp\/v2\/product\/830"}],"collection":[{"href":"https:\/\/frenchyfondant.fr\/index.php?rest_route=\/wp\/v2\/product"}],"about":[{"href":"https:\/\/frenchyfondant.fr\/index.php?rest_route=\/wp\/v2\/types\/product"}],"replies":[{"embeddable":true,"href":"https:\/\/frenchyfondant.fr\/index.php?rest_route=%2Fwp%2Fv2%2Fcomments&post=830"}],"wp:featuredmedia":[{"embeddable":true,"href":"https:\/\/frenchyfondant.fr\/index.php?rest_route=\/wp\/v2\/media\/1332"}],"wp:attachment":[{"href":"https:\/\/frenchyfondant.fr\/index.php?rest_route=%2Fwp%2Fv2%2Fmedia&parent=830"}],"wp:term":[{"taxonomy":"product_cat","embeddable":true,"href":"https:\/\/frenchyfondant.fr\/index.php?rest_route=%2Fwp%2Fv2%2Fproduct_cat&post=830"},{"taxonomy":"product_tag","embeddable":true,"href":"https:\/\/frenchyfondant.fr\/index.php?rest_route=%2Fwp%2Fv2%2Fproduct_tag&post=830"}],"curies":[{"name":"wp","href":"https:\/\/api.w.org\/{rel}","templated":true}]}}