{"id":824,"date":"2024-04-03T12:23:41","date_gmt":"2024-04-03T10:23:41","guid":{"rendered":"https:\/\/frenchyfondant.fr\/?post_type=product&#038;p=824"},"modified":"2025-02-01T01:01:01","modified_gmt":"2025-02-01T00:01:01","slug":"monoi-fondant-de-bougie","status":"publish","type":"product","link":"https:\/\/frenchyfondant.fr\/?product=monoi-fondant-de-bougie","title":{"rendered":"MONO\u00cf DES \u00eeLES"},"content":{"rendered":"<p style=\"text-align: center;\">Fondant de bougie senteur Mono\u00ef<\/p>\n<p style=\"text-align: center;\">Laissez-vous transporter dans les \u00eeles du Pacifique avec cette essence qui d\u00e9bute avec des notes florales d&rsquo;ylang-ylang et d&rsquo;orchid\u00e9e. Le c\u0153ur, une harmonie de mono\u00ef, tiar\u00e9 et jasmin, se fond dans un fond sucr\u00e9 de vanille et de noix de coco, cr\u00e9ant une impression de paradis tropical.<\/p>\n<p style=\"text-align: center;\">100% artisanal &amp; fabriqu\u00e9 en France<\/p>\n<p style=\"text-align: center;\">Parfum sans CMR, ni Phtalate &#8211; Origine Grasse<\/p>\n<p style=\"text-align: center;\">Cire de soja 100% naturelle &#8211; Origine: UE (Espagne)<\/p>\n<p style=\"text-align: center;\">Colorant naturel d&rsquo;origine v\u00e9g\u00e9tale<\/p>\n<p>&nbsp;<\/p>\n","protected":false},"excerpt":{"rendered":"<p style=\"text-align: center;\">Fondant de bougie senteur Mono\u00ef<\/p>\n<p style=\"text-align: center;\">Laissez-vous transporter dans les \u00eeles du Pacifique avec cette essence qui d\u00e9bute avec des notes florales d&rsquo;ylang-ylang et d&rsquo;orchid\u00e9e. Le c\u0153ur, une harmonie de mono\u00ef, tiar\u00e9 et jasmin, se fond dans un fond sucr\u00e9 de vanille et de noix de coco, cr\u00e9ant une impression de paradis tropical.<\/p>\n","protected":false},"featured_media":1333,"comment_status":"open","ping_status":"closed","template":"","meta":{"om_disable_all_campaigns":false,"_monsterinsights_skip_tracking":false,"_monsterinsights_sitenote_active":false,"_monsterinsights_sitenote_note":"","_monsterinsights_sitenote_category":0},"product_cat":[38,40],"product_tag":[],"aioseo_notices":[],"jetpack_sharing_enabled":true,"_links":{"self":[{"href":"https:\/\/frenchyfondant.fr\/index.php?rest_route=\/wp\/v2\/product\/824"}],"collection":[{"href":"https:\/\/frenchyfondant.fr\/index.php?rest_route=\/wp\/v2\/product"}],"about":[{"href":"https:\/\/frenchyfondant.fr\/index.php?rest_route=\/wp\/v2\/types\/product"}],"replies":[{"embeddable":true,"href":"https:\/\/frenchyfondant.fr\/index.php?rest_route=%2Fwp%2Fv2%2Fcomments&post=824"}],"wp:featuredmedia":[{"embeddable":true,"href":"https:\/\/frenchyfondant.fr\/index.php?rest_route=\/wp\/v2\/media\/1333"}],"wp:attachment":[{"href":"https:\/\/frenchyfondant.fr\/index.php?rest_route=%2Fwp%2Fv2%2Fmedia&parent=824"}],"wp:term":[{"taxonomy":"product_cat","embeddable":true,"href":"https:\/\/frenchyfondant.fr\/index.php?rest_route=%2Fwp%2Fv2%2Fproduct_cat&post=824"},{"taxonomy":"product_tag","embeddable":true,"href":"https:\/\/frenchyfondant.fr\/index.php?rest_route=%2Fwp%2Fv2%2Fproduct_tag&post=824"}],"curies":[{"name":"wp","href":"https:\/\/api.w.org\/{rel}","templated":true}]}}