{"id":818,"date":"2024-04-03T10:55:30","date_gmt":"2024-04-03T08:55:30","guid":{"rendered":"https:\/\/frenchyfondant.fr\/?post_type=product&#038;p=818"},"modified":"2025-02-01T01:01:01","modified_gmt":"2025-02-01T00:01:01","slug":"patchouli-fondant-de-bougie","status":"publish","type":"product","link":"https:\/\/frenchyfondant.fr\/?product=patchouli-fondant-de-bougie","title":{"rendered":"PATCHOULI"},"content":{"rendered":"<p style=\"text-align: center;\">Fondant de bougie senteur Patchouli<\/p>\n<p style=\"text-align: center;\">Ce parfum, aux notes bois\u00e9es et \u00e9pic\u00e9es, est une v\u00e9ritable explosion sensorielle pour vos savons. Il d\u00e9marre avec l&rsquo;audace piquante de la cannelle et du cumin en notes de t\u00eate, d\u00e9voilant ensuite un c\u0153ur palpitant de patchouli et de poivre. La fragrance s&rsquo;ach\u00e8ve sur une base accueillante de c\u00e8dre et de f\u00e8ve tonka, \u00e9voquant l&rsquo;atmosph\u00e8re vibrante d&rsquo;une nuit dans un bazar exotique.<\/p>\n<p style=\"text-align: center;\">100% artisanal &amp; fabriqu\u00e9 en France<\/p>\n<p style=\"text-align: center;\">Parfum sans CMR, ni Phtalate &#8211; Origine Grasse<\/p>\n<p style=\"text-align: center;\">Cire de soja 100% naturelle &#8211; Origine: UE (Espagne)<\/p>\n<p style=\"text-align: center;\">Colorant naturel d&rsquo;origine v\u00e9g\u00e9tale (argile rose)<\/p>\n<p style=\"text-align: center;\">\n","protected":false},"excerpt":{"rendered":"<p style=\"text-align: center;\">Fondant de bougie senteur Patchouli<\/p>\n<p style=\"text-align: center;\">Ce parfum, aux notes bois\u00e9es et \u00e9pic\u00e9es, est une v\u00e9ritable explosion sensorielle pour vos savons. Il d\u00e9marre avec l&rsquo;audace piquante de la cannelle et du cumin en notes de t\u00eate, d\u00e9voilant ensuite un c\u0153ur palpitant de patchouli et de poivre. La fragrance s&rsquo;ach\u00e8ve sur une base accueillante de c\u00e8dre et de f\u00e8ve tonka, \u00e9voquant l&rsquo;atmosph\u00e8re vibrante d&rsquo;une nuit dans un bazar exotique.<\/p>\n<p>&nbsp;<\/p>\n","protected":false},"featured_media":1344,"comment_status":"open","ping_status":"closed","template":"","meta":{"om_disable_all_campaigns":false,"_monsterinsights_skip_tracking":false,"_monsterinsights_sitenote_active":false,"_monsterinsights_sitenote_note":"","_monsterinsights_sitenote_category":0},"product_cat":[38,35],"product_tag":[],"aioseo_notices":[],"jetpack_sharing_enabled":true,"_links":{"self":[{"href":"https:\/\/frenchyfondant.fr\/index.php?rest_route=\/wp\/v2\/product\/818"}],"collection":[{"href":"https:\/\/frenchyfondant.fr\/index.php?rest_route=\/wp\/v2\/product"}],"about":[{"href":"https:\/\/frenchyfondant.fr\/index.php?rest_route=\/wp\/v2\/types\/product"}],"replies":[{"embeddable":true,"href":"https:\/\/frenchyfondant.fr\/index.php?rest_route=%2Fwp%2Fv2%2Fcomments&post=818"}],"wp:featuredmedia":[{"embeddable":true,"href":"https:\/\/frenchyfondant.fr\/index.php?rest_route=\/wp\/v2\/media\/1344"}],"wp:attachment":[{"href":"https:\/\/frenchyfondant.fr\/index.php?rest_route=%2Fwp%2Fv2%2Fmedia&parent=818"}],"wp:term":[{"taxonomy":"product_cat","embeddable":true,"href":"https:\/\/frenchyfondant.fr\/index.php?rest_route=%2Fwp%2Fv2%2Fproduct_cat&post=818"},{"taxonomy":"product_tag","embeddable":true,"href":"https:\/\/frenchyfondant.fr\/index.php?rest_route=%2Fwp%2Fv2%2Fproduct_tag&post=818"}],"curies":[{"name":"wp","href":"https:\/\/api.w.org\/{rel}","templated":true}]}}