{"id":807,"date":"2024-04-03T00:03:10","date_gmt":"2024-04-02T22:03:10","guid":{"rendered":"https:\/\/frenchyfondant.fr\/?post_type=product&#038;p=807"},"modified":"2025-09-01T10:56:08","modified_gmt":"2025-09-01T08:56:08","slug":"la-chocolatine","status":"publish","type":"product","link":"https:\/\/frenchyfondant.fr\/?product=la-chocolatine","title":{"rendered":"La Chocolatine"},"content":{"rendered":"<p>Bougie de massage 100% pur beurre de cacao.<\/p>\n<p>Enti\u00e8rement naturelle et ultra-nourrissante gr\u00e2ce aux propri\u00e9t\u00e9s hydratantes du beurre de cacao, notre bougie de massage \u00ab\u00a0Chocolatine\u00a0\u00bb d\u00e9gage un parfum r\u00e9confortant et gourmand de chocolat.<\/p>\n<p>A consommer sans mod\u00e9ration!<\/p>\n<p>&nbsp;<\/p>\n","protected":false},"excerpt":{"rendered":"<p>Bougie de massage 100% pur beurre de cacao.<\/p>\n<p>&nbsp;<\/p>\n<p>&nbsp;<\/p>\n<p>&nbsp;<\/p>\n","protected":false},"featured_media":819,"comment_status":"open","ping_status":"closed","template":"","meta":{"om_disable_all_campaigns":false,"_monsterinsights_skip_tracking":false,"_monsterinsights_sitenote_active":false,"_monsterinsights_sitenote_note":"","_monsterinsights_sitenote_category":0},"product_cat":[43],"product_tag":[],"aioseo_notices":[],"jetpack_sharing_enabled":true,"_links":{"self":[{"href":"https:\/\/frenchyfondant.fr\/index.php?rest_route=\/wp\/v2\/product\/807"}],"collection":[{"href":"https:\/\/frenchyfondant.fr\/index.php?rest_route=\/wp\/v2\/product"}],"about":[{"href":"https:\/\/frenchyfondant.fr\/index.php?rest_route=\/wp\/v2\/types\/product"}],"replies":[{"embeddable":true,"href":"https:\/\/frenchyfondant.fr\/index.php?rest_route=%2Fwp%2Fv2%2Fcomments&post=807"}],"wp:featuredmedia":[{"embeddable":true,"href":"https:\/\/frenchyfondant.fr\/index.php?rest_route=\/wp\/v2\/media\/819"}],"wp:attachment":[{"href":"https:\/\/frenchyfondant.fr\/index.php?rest_route=%2Fwp%2Fv2%2Fmedia&parent=807"}],"wp:term":[{"taxonomy":"product_cat","embeddable":true,"href":"https:\/\/frenchyfondant.fr\/index.php?rest_route=%2Fwp%2Fv2%2Fproduct_cat&post=807"},{"taxonomy":"product_tag","embeddable":true,"href":"https:\/\/frenchyfondant.fr\/index.php?rest_route=%2Fwp%2Fv2%2Fproduct_tag&post=807"}],"curies":[{"name":"wp","href":"https:\/\/api.w.org\/{rel}","templated":true}]}}