{"id":2166,"date":"2025-04-01T15:55:01","date_gmt":"2025-04-01T13:55:01","guid":{"rendered":"https:\/\/frenchyfondant.fr\/?post_type=product&#038;p=2166"},"modified":"2025-04-01T15:57:29","modified_gmt":"2025-04-01T13:57:29","slug":"coquelicot-sauvage","status":"publish","type":"product","link":"https:\/\/frenchyfondant.fr\/?product=coquelicot-sauvage","title":{"rendered":"COQUELICOT SAUVAGE"},"content":{"rendered":"<p style=\"text-align: center;\">Fondant de bougie Senteur \u00ab\u00a0Coquelicot sauvage\u00a0\u00bb<\/p>\n<div id=\"yrm-IZ4ew\" class=\"yrm-content yrm-content-2 yrm-content-hidden\" data-id=\"2\" data-show-status=\"true\" data-after-action=\"\">\n<div id=\"yrm-inner-content-yrm-IZ4ew\" class=\"yrm-inner-content-wrapper yrm-cntent-2\">\n<div id=\"yrm-IZ4ew\" class=\"yrm-content yrm-content-2 yrm-content-hidden\" data-id=\"2\" data-show-status=\"true\" data-after-action=\"\">\n<div id=\"yrm-inner-content-yrm-IZ4ew\" class=\"yrm-inner-content-wrapper yrm-cntent-2\">\n<p class=\"\" style=\"text-align: center;\" data-start=\"89\" data-end=\"354\">Une senteur florale l\u00e9g\u00e8re et a\u00e9rienne, inspir\u00e9e des champs baign\u00e9s de soleil. Le coquelicot d\u00e9voile une fragrance douce, poudr\u00e9e et l\u00e9g\u00e8rement musqu\u00e9e, comme une promenade \u00e0 travers les herbes folles et les fleurs des pr\u00e9s.<\/p>\n<\/div>\n<\/div>\n<\/div>\n<\/div>\n<p>&nbsp;<\/p>\n<p style=\"text-align: center;\">100% artisanal &amp; fabriqu\u00e9 en France<\/p>\n<p style=\"text-align: center;\">Parfum sans CMR, ni phtalates &#8211; Origine Grasse<\/p>\n<p style=\"text-align: center;\">Cire de soja 100% naturelle &#8211; Origine: UE (Espagne)<\/p>\n<p style=\"text-align: center;\">Colorant naturel (d&rsquo;origine v\u00e9g\u00e9tale ou min\u00e9rale)<\/p>\n<p style=\"text-align: center;\">20g<\/p>\n","protected":false},"excerpt":{"rendered":"<p style=\"text-align: center;\">Fondant de bougie Senteur \u00ab\u00a0Coquelicot sauvage\u00a0\u00bb<\/p>\n<div id=\"yrm-IZ4ew\" class=\"yrm-content yrm-content-2 yrm-content-hidden\" data-id=\"2\" data-show-status=\"true\" data-after-action=\"\">\n<div id=\"yrm-inner-content-yrm-IZ4ew\" class=\"yrm-inner-content-wrapper yrm-cntent-2\">\n<div id=\"yrm-IZ4ew\" class=\"yrm-content yrm-content-2 yrm-content-hidden\" data-id=\"2\" data-show-status=\"true\" data-after-action=\"\">\n<div id=\"yrm-inner-content-yrm-IZ4ew\" class=\"yrm-inner-content-wrapper yrm-cntent-2\">\n<p class=\"\" style=\"text-align: center;\" data-start=\"89\" data-end=\"354\">Une senteur florale l\u00e9g\u00e8re et a\u00e9rienne, inspir\u00e9e des champs baign\u00e9s de soleil. Le coquelicot d\u00e9voile une fragrance douce, poudr\u00e9e et l\u00e9g\u00e8rement musqu\u00e9e, comme une promenade \u00e0 travers les herbes folles et les fleurs des pr\u00e9s.<\/p>\n<\/div>\n<\/div>\n<\/div>\n<\/div>\n<p>&nbsp;<\/p>\n","protected":false},"featured_media":2167,"comment_status":"open","ping_status":"closed","template":"","meta":{"om_disable_all_campaigns":false,"_monsterinsights_skip_tracking":false,"_monsterinsights_sitenote_active":false,"_monsterinsights_sitenote_note":"","_monsterinsights_sitenote_category":0},"product_cat":[38,42],"product_tag":[],"aioseo_notices":[],"jetpack_sharing_enabled":true,"_links":{"self":[{"href":"https:\/\/frenchyfondant.fr\/index.php?rest_route=\/wp\/v2\/product\/2166"}],"collection":[{"href":"https:\/\/frenchyfondant.fr\/index.php?rest_route=\/wp\/v2\/product"}],"about":[{"href":"https:\/\/frenchyfondant.fr\/index.php?rest_route=\/wp\/v2\/types\/product"}],"replies":[{"embeddable":true,"href":"https:\/\/frenchyfondant.fr\/index.php?rest_route=%2Fwp%2Fv2%2Fcomments&post=2166"}],"wp:featuredmedia":[{"embeddable":true,"href":"https:\/\/frenchyfondant.fr\/index.php?rest_route=\/wp\/v2\/media\/2167"}],"wp:attachment":[{"href":"https:\/\/frenchyfondant.fr\/index.php?rest_route=%2Fwp%2Fv2%2Fmedia&parent=2166"}],"wp:term":[{"taxonomy":"product_cat","embeddable":true,"href":"https:\/\/frenchyfondant.fr\/index.php?rest_route=%2Fwp%2Fv2%2Fproduct_cat&post=2166"},{"taxonomy":"product_tag","embeddable":true,"href":"https:\/\/frenchyfondant.fr\/index.php?rest_route=%2Fwp%2Fv2%2Fproduct_tag&post=2166"}],"curies":[{"name":"wp","href":"https:\/\/api.w.org\/{rel}","templated":true}]}}