{"id":2161,"date":"2025-04-01T14:53:12","date_gmt":"2025-04-01T12:53:12","guid":{"rendered":"https:\/\/frenchyfondant.fr\/?post_type=product&#038;p=2161"},"modified":"2025-09-01T10:48:24","modified_gmt":"2025-09-01T08:48:24","slug":"orange-amere-epicee","status":"publish","type":"product","link":"https:\/\/frenchyfondant.fr\/?product=orange-amere-epicee","title":{"rendered":"ORANGE AM\u00c8RE EPIC\u00c9E"},"content":{"rendered":"<p style=\"text-align: center;\">Fondant de bougie Senteur \u00ab\u00a0Orange am\u00e8re \u00e9pic\u00e9e\u00a0\u00bb<\/p>\n<div id=\"yrm-IZ4ew\" class=\"yrm-content yrm-content-2 yrm-content-hidden\" data-id=\"2\" data-show-status=\"true\" data-after-action=\"\">\n<div id=\"yrm-inner-content-yrm-IZ4ew\" class=\"yrm-inner-content-wrapper yrm-cntent-2\">\n<div id=\"yrm-IZ4ew\" class=\"yrm-content yrm-content-2 yrm-content-hidden\" data-id=\"2\" data-show-status=\"true\" data-after-action=\"\">\n<div id=\"yrm-inner-content-yrm-IZ4ew\" class=\"yrm-inner-content-wrapper yrm-cntent-2\">\n<p class=\"\" style=\"text-align: center;\" data-start=\"109\" data-end=\"383\">Une fragrance p\u00e9tillante et chaleureuse o\u00f9 l\u2019orange am\u00e8re d\u00e9voile son caract\u00e8re vif, relev\u00e9 par un souffle d\u2019\u00e9pices douces. Ce parfum enveloppe la pi\u00e8ce d\u2019une \u00e9nergie solaire et r\u00e9confortante, entre zestes fruit\u00e9s et chaleur \u00e9pic\u00e9e.<\/p>\n<\/div>\n<\/div>\n<\/div>\n<\/div>\n<p>&nbsp;<\/p>\n<p style=\"text-align: center;\">100% artisanal &amp; fabriqu\u00e9 en France<\/p>\n<p style=\"text-align: center;\">Parfum sans CMR, ni phtalates &#8211; Origine Grasse<\/p>\n<p style=\"text-align: center;\">Cire de soja 100% naturelle &#8211; Origine: UE (Espagne)<\/p>\n<p style=\"text-align: center;\">Colorant naturel (d&rsquo;origine v\u00e9g\u00e9tale ou min\u00e9rale)<\/p>\n<p style=\"text-align: center;\">20g<\/p>\n","protected":false},"excerpt":{"rendered":"<p style=\"text-align: center;\">Fondant de bougie Senteur \u00ab\u00a0Orange am\u00e8re \u00e9pic\u00e9e\u00a0\u00bb<\/p>\n<div id=\"yrm-IZ4ew\" class=\"yrm-content yrm-content-2 yrm-content-hidden\" data-id=\"2\" data-show-status=\"true\" data-after-action=\"\">\n<div id=\"yrm-inner-content-yrm-IZ4ew\" class=\"yrm-inner-content-wrapper yrm-cntent-2\">\n<div id=\"yrm-IZ4ew\" class=\"yrm-content yrm-content-2 yrm-content-hidden\" data-id=\"2\" data-show-status=\"true\" data-after-action=\"\">\n<div id=\"yrm-inner-content-yrm-IZ4ew\" class=\"yrm-inner-content-wrapper yrm-cntent-2\">\n<p class=\"\" style=\"text-align: center;\" data-start=\"109\" data-end=\"383\">Une fragrance p\u00e9tillante et chaleureuse o\u00f9 l\u2019orange am\u00e8re d\u00e9voile son caract\u00e8re vif, relev\u00e9 par un souffle d\u2019\u00e9pices douces. Ce parfum enveloppe la pi\u00e8ce d\u2019une \u00e9nergie solaire et r\u00e9confortante, entre zestes fruit\u00e9s et chaleur \u00e9pic\u00e9e.<\/p>\n<\/div>\n<\/div>\n<\/div>\n<\/div>\n<p>&nbsp;<\/p>\n","protected":false},"featured_media":2162,"comment_status":"open","ping_status":"closed","template":"","meta":{"om_disable_all_campaigns":false,"_monsterinsights_skip_tracking":false,"_monsterinsights_sitenote_active":false,"_monsterinsights_sitenote_note":"","_monsterinsights_sitenote_category":0},"product_cat":[38,36,37],"product_tag":[],"aioseo_notices":[],"jetpack_sharing_enabled":true,"_links":{"self":[{"href":"https:\/\/frenchyfondant.fr\/index.php?rest_route=\/wp\/v2\/product\/2161"}],"collection":[{"href":"https:\/\/frenchyfondant.fr\/index.php?rest_route=\/wp\/v2\/product"}],"about":[{"href":"https:\/\/frenchyfondant.fr\/index.php?rest_route=\/wp\/v2\/types\/product"}],"replies":[{"embeddable":true,"href":"https:\/\/frenchyfondant.fr\/index.php?rest_route=%2Fwp%2Fv2%2Fcomments&post=2161"}],"wp:featuredmedia":[{"embeddable":true,"href":"https:\/\/frenchyfondant.fr\/index.php?rest_route=\/wp\/v2\/media\/2162"}],"wp:attachment":[{"href":"https:\/\/frenchyfondant.fr\/index.php?rest_route=%2Fwp%2Fv2%2Fmedia&parent=2161"}],"wp:term":[{"taxonomy":"product_cat","embeddable":true,"href":"https:\/\/frenchyfondant.fr\/index.php?rest_route=%2Fwp%2Fv2%2Fproduct_cat&post=2161"},{"taxonomy":"product_tag","embeddable":true,"href":"https:\/\/frenchyfondant.fr\/index.php?rest_route=%2Fwp%2Fv2%2Fproduct_tag&post=2161"}],"curies":[{"name":"wp","href":"https:\/\/api.w.org\/{rel}","templated":true}]}}