{"id":2159,"date":"2025-04-01T14:44:46","date_gmt":"2025-04-01T12:44:46","guid":{"rendered":"https:\/\/frenchyfondant.fr\/?post_type=product&#038;p=2159"},"modified":"2025-04-01T14:57:15","modified_gmt":"2025-04-01T12:57:15","slug":"musc-jasmin-blanc","status":"publish","type":"product","link":"https:\/\/frenchyfondant.fr\/?product=musc-jasmin-blanc","title":{"rendered":"MUSC &#038; JASMIN BLANC"},"content":{"rendered":"<p style=\"text-align: center;\">Fondant de bougie Senteur \u00ab\u00a0Musc &amp; Jasmin Blanc\u00a0\u00bb<\/p>\n<div id=\"yrm-IZ4ew\" class=\"yrm-content yrm-content-2 yrm-content-hidden\" data-id=\"2\" data-show-status=\"true\" data-after-action=\"\">\n<div id=\"yrm-inner-content-yrm-IZ4ew\" class=\"yrm-inner-content-wrapper yrm-cntent-2\">\n<div id=\"yrm-IZ4ew\" class=\"yrm-content yrm-content-2 yrm-content-hidden\" data-id=\"2\" data-show-status=\"true\" data-after-action=\"\">\n<div id=\"yrm-inner-content-yrm-IZ4ew\" class=\"yrm-inner-content-wrapper yrm-cntent-2\">\n<p class=\"\" style=\"text-align: center;\" data-start=\"102\" data-end=\"365\">Un parfum d\u00e9licat et enivrant o\u00f9 la puret\u00e9 du jasmin blanc rencontre la douceur velout\u00e9e du musc. Une senteur \u00e9l\u00e9gante, florale et sensuelle, qui \u00e9voque la fra\u00eecheur d\u2019un drap propre caress\u00e9 par une brise parfum\u00e9e.<\/p>\n<\/div>\n<\/div>\n<\/div>\n<\/div>\n<p>&nbsp;<\/p>\n<p style=\"text-align: center;\">100% artisanal &amp; fabriqu\u00e9 en France<\/p>\n<p style=\"text-align: center;\">Parfum sans CMR, ni phtalates &#8211; Origine Grasse<\/p>\n<p style=\"text-align: center;\">Cire de soja 100% naturelle &#8211; Origine: UE (Espagne)<\/p>\n<p style=\"text-align: center;\">Colorant naturel (d&rsquo;origine v\u00e9g\u00e9tale ou min\u00e9rale)<\/p>\n<p style=\"text-align: center;\">20g<\/p>\n","protected":false},"excerpt":{"rendered":"<p style=\"text-align: center;\">Fondant de bougie Senteur \u00ab\u00a0Musc &amp; Jasmin Blanc\u00a0\u00bb<\/p>\n<div id=\"yrm-IZ4ew\" class=\"yrm-content yrm-content-2 yrm-content-hidden\" data-id=\"2\" data-show-status=\"true\" data-after-action=\"\">\n<div id=\"yrm-inner-content-yrm-IZ4ew\" class=\"yrm-inner-content-wrapper yrm-cntent-2\">\n<div id=\"yrm-IZ4ew\" class=\"yrm-content yrm-content-2 yrm-content-hidden\" data-id=\"2\" data-show-status=\"true\" data-after-action=\"\">\n<div id=\"yrm-inner-content-yrm-IZ4ew\" class=\"yrm-inner-content-wrapper yrm-cntent-2\">\n<p class=\"\" style=\"text-align: center;\" data-start=\"102\" data-end=\"365\">Un parfum d\u00e9licat et enivrant o\u00f9 la puret\u00e9 du jasmin blanc rencontre la douceur velout\u00e9e du musc. Une senteur \u00e9l\u00e9gante, florale et sensuelle, qui \u00e9voque la fra\u00eecheur d\u2019un drap propre caress\u00e9 par une brise parfum\u00e9e.<\/p>\n<\/div>\n<\/div>\n<\/div>\n<\/div>\n<p>&nbsp;<\/p>\n","protected":false},"featured_media":2160,"comment_status":"open","ping_status":"closed","template":"","meta":{"om_disable_all_campaigns":false,"_monsterinsights_skip_tracking":false,"_monsterinsights_sitenote_active":false,"_monsterinsights_sitenote_note":"","_monsterinsights_sitenote_category":0},"product_cat":[38,35,39,42],"product_tag":[],"aioseo_notices":[],"jetpack_sharing_enabled":true,"_links":{"self":[{"href":"https:\/\/frenchyfondant.fr\/index.php?rest_route=\/wp\/v2\/product\/2159"}],"collection":[{"href":"https:\/\/frenchyfondant.fr\/index.php?rest_route=\/wp\/v2\/product"}],"about":[{"href":"https:\/\/frenchyfondant.fr\/index.php?rest_route=\/wp\/v2\/types\/product"}],"replies":[{"embeddable":true,"href":"https:\/\/frenchyfondant.fr\/index.php?rest_route=%2Fwp%2Fv2%2Fcomments&post=2159"}],"wp:featuredmedia":[{"embeddable":true,"href":"https:\/\/frenchyfondant.fr\/index.php?rest_route=\/wp\/v2\/media\/2160"}],"wp:attachment":[{"href":"https:\/\/frenchyfondant.fr\/index.php?rest_route=%2Fwp%2Fv2%2Fmedia&parent=2159"}],"wp:term":[{"taxonomy":"product_cat","embeddable":true,"href":"https:\/\/frenchyfondant.fr\/index.php?rest_route=%2Fwp%2Fv2%2Fproduct_cat&post=2159"},{"taxonomy":"product_tag","embeddable":true,"href":"https:\/\/frenchyfondant.fr\/index.php?rest_route=%2Fwp%2Fv2%2Fproduct_tag&post=2159"}],"curies":[{"name":"wp","href":"https:\/\/api.w.org\/{rel}","templated":true}]}}