{"id":2157,"date":"2025-04-01T14:40:34","date_gmt":"2025-04-01T12:40:34","guid":{"rendered":"https:\/\/frenchyfondant.fr\/?post_type=product&#038;p=2157"},"modified":"2025-04-01T14:43:12","modified_gmt":"2025-04-01T12:43:12","slug":"vetiver-bois-de-oud","status":"publish","type":"product","link":"https:\/\/frenchyfondant.fr\/?product=vetiver-bois-de-oud","title":{"rendered":"VETIVER &#038; BOIS DE OUD"},"content":{"rendered":"<p style=\"text-align: center;\">Fondant de bougie Senteur \u00ab\u00a0Vetiver et bois de Oud\u00a0\u00bb<\/p>\n<div id=\"yrm-IZ4ew\" class=\"yrm-content yrm-content-2 yrm-content-hidden\" data-id=\"2\" data-show-status=\"true\" data-after-action=\"\">\n<div id=\"yrm-inner-content-yrm-IZ4ew\" class=\"yrm-inner-content-wrapper yrm-cntent-2\">\n<div id=\"yrm-IZ4ew\" class=\"yrm-content yrm-content-2 yrm-content-hidden\" data-id=\"2\" data-show-status=\"true\" data-after-action=\"\">\n<div id=\"yrm-inner-content-yrm-IZ4ew\" class=\"yrm-inner-content-wrapper yrm-cntent-2\">\n<p class=\"\" style=\"text-align: center;\" data-start=\"102\" data-end=\"365\">Une alliance noble et profonde entre la fra\u00eecheur terreuse du v\u00e9tiver et la richesse myst\u00e9rieuse du bois de oud. Ce parfum enveloppe l\u2019espace d\u2019une \u00e9l\u00e9gance bois\u00e9e et l\u00e9g\u00e8rement fum\u00e9e, \u00e0 la fois apaisante et envo\u00fbtante.<\/p>\n<\/div>\n<\/div>\n<\/div>\n<\/div>\n<p>&nbsp;<\/p>\n<p style=\"text-align: center;\">100% artisanal &amp; fabriqu\u00e9 en France<\/p>\n<p style=\"text-align: center;\">Parfum sans CMR, ni phtalates &#8211; Origine Grasse<\/p>\n<p style=\"text-align: center;\">Cire de soja 100% naturelle &#8211; Origine: UE (Espagne)<\/p>\n<p style=\"text-align: center;\">Colorant naturel (d&rsquo;origine v\u00e9g\u00e9tale ou min\u00e9rale)<\/p>\n<p style=\"text-align: center;\">20g<\/p>\n","protected":false},"excerpt":{"rendered":"<p style=\"text-align: center;\">Fondant de bougie Senteur \u00ab\u00a0Vetiver et bois de Oud\u00a0\u00bb<\/p>\n<div id=\"yrm-IZ4ew\" class=\"yrm-content yrm-content-2 yrm-content-hidden\" data-id=\"2\" data-show-status=\"true\" data-after-action=\"\">\n<div id=\"yrm-inner-content-yrm-IZ4ew\" class=\"yrm-inner-content-wrapper yrm-cntent-2\">\n<div id=\"yrm-IZ4ew\" class=\"yrm-content yrm-content-2 yrm-content-hidden\" data-id=\"2\" data-show-status=\"true\" data-after-action=\"\">\n<div id=\"yrm-inner-content-yrm-IZ4ew\" class=\"yrm-inner-content-wrapper yrm-cntent-2\">\n<p class=\"\" style=\"text-align: center;\" data-start=\"102\" data-end=\"365\">Une alliance noble et profonde entre la fra\u00eecheur terreuse du v\u00e9tiver et la richesse myst\u00e9rieuse du bois de oud. Ce parfum enveloppe l\u2019espace d\u2019une \u00e9l\u00e9gance bois\u00e9e et l\u00e9g\u00e8rement fum\u00e9e, \u00e0 la fois apaisante et envo\u00fbtante.<\/p>\n<\/div>\n<\/div>\n<\/div>\n<\/div>\n<p>&nbsp;<\/p>\n","protected":false},"featured_media":2158,"comment_status":"open","ping_status":"closed","template":"","meta":{"om_disable_all_campaigns":false,"_monsterinsights_skip_tracking":false,"_monsterinsights_sitenote_active":false,"_monsterinsights_sitenote_note":"","_monsterinsights_sitenote_category":0},"product_cat":[38,35],"product_tag":[],"aioseo_notices":[],"jetpack_sharing_enabled":true,"_links":{"self":[{"href":"https:\/\/frenchyfondant.fr\/index.php?rest_route=\/wp\/v2\/product\/2157"}],"collection":[{"href":"https:\/\/frenchyfondant.fr\/index.php?rest_route=\/wp\/v2\/product"}],"about":[{"href":"https:\/\/frenchyfondant.fr\/index.php?rest_route=\/wp\/v2\/types\/product"}],"replies":[{"embeddable":true,"href":"https:\/\/frenchyfondant.fr\/index.php?rest_route=%2Fwp%2Fv2%2Fcomments&post=2157"}],"wp:featuredmedia":[{"embeddable":true,"href":"https:\/\/frenchyfondant.fr\/index.php?rest_route=\/wp\/v2\/media\/2158"}],"wp:attachment":[{"href":"https:\/\/frenchyfondant.fr\/index.php?rest_route=%2Fwp%2Fv2%2Fmedia&parent=2157"}],"wp:term":[{"taxonomy":"product_cat","embeddable":true,"href":"https:\/\/frenchyfondant.fr\/index.php?rest_route=%2Fwp%2Fv2%2Fproduct_cat&post=2157"},{"taxonomy":"product_tag","embeddable":true,"href":"https:\/\/frenchyfondant.fr\/index.php?rest_route=%2Fwp%2Fv2%2Fproduct_tag&post=2157"}],"curies":[{"name":"wp","href":"https:\/\/api.w.org\/{rel}","templated":true}]}}