{"id":2154,"date":"2025-04-01T14:18:52","date_gmt":"2025-04-01T12:18:52","guid":{"rendered":"https:\/\/frenchyfondant.fr\/?post_type=product&#038;p=2154"},"modified":"2025-04-01T14:34:31","modified_gmt":"2025-04-01T12:34:31","slug":"vetiver-2","status":"publish","type":"product","link":"https:\/\/frenchyfondant.fr\/?product=vetiver-2","title":{"rendered":"VETIVER"},"content":{"rendered":"<p style=\"text-align: center;\">Fondant de bougie Senteur \u00ab\u00a0Vetiver\u00a0\u00bb<\/p>\n<div id=\"yrm-IZ4ew\" class=\"yrm-content yrm-content-2 yrm-content-hidden\" data-id=\"2\" data-show-status=\"true\" data-after-action=\"\">\n<div id=\"yrm-inner-content-yrm-IZ4ew\" class=\"yrm-inner-content-wrapper yrm-cntent-2\">\n<div id=\"yrm-IZ4ew\" class=\"yrm-content yrm-content-2 yrm-content-hidden\" data-id=\"2\" data-show-status=\"true\" data-after-action=\"\">\n<div id=\"yrm-inner-content-yrm-IZ4ew\" class=\"yrm-inner-content-wrapper yrm-cntent-2\">Une fragrance \u00e9l\u00e9gante et bois\u00e9e, aux accents de terre et de racines fra\u00eeches. Le v\u00e9tiver apporte une sensation de profondeur apaisante, parfaite pour cr\u00e9er une ambiance raffin\u00e9e, naturelle et l\u00e9g\u00e8rement masculine.<\/div>\n<\/div>\n<\/div>\n<\/div>\n<p>&nbsp;<\/p>\n<p style=\"text-align: center;\">100% artisanal &amp; fabriqu\u00e9 en France<\/p>\n<p style=\"text-align: center;\">Parfum sans CMR, ni phtalates &#8211; Origine Grasse<\/p>\n<p style=\"text-align: center;\">Cire de soja 100% naturelle &#8211; Origine: UE (Espagne)<\/p>\n<p style=\"text-align: center;\">Colorant naturel (d&rsquo;origine v\u00e9g\u00e9tale ou min\u00e9rale)<\/p>\n<p style=\"text-align: center;\">20g<\/p>\n","protected":false},"excerpt":{"rendered":"<p style=\"text-align: center;\">Fondant de bougie Senteur \u00ab\u00a0Vetiver\u00a0\u00bb<\/p>\n<div id=\"yrm-IZ4ew\" class=\"yrm-content yrm-content-2 yrm-content-hidden\" data-id=\"2\" data-show-status=\"true\" data-after-action=\"\">\n<div id=\"yrm-inner-content-yrm-IZ4ew\" class=\"yrm-inner-content-wrapper yrm-cntent-2\">\n<div id=\"yrm-IZ4ew\" class=\"yrm-content yrm-content-2 yrm-content-hidden\" data-id=\"2\" data-show-status=\"true\" data-after-action=\"\">\n<div id=\"yrm-inner-content-yrm-IZ4ew\" class=\"yrm-inner-content-wrapper yrm-cntent-2\">Une fragrance \u00e9l\u00e9gante et bois\u00e9e, aux accents de terre et de racines fra\u00eeches. Le v\u00e9tiver apporte une sensation de profondeur apaisante, parfaite pour cr\u00e9er une ambiance raffin\u00e9e, naturelle et l\u00e9g\u00e8rement masculine.<\/div>\n<\/div>\n<\/div>\n<\/div>\n<p>&nbsp;<\/p>\n","protected":false},"featured_media":2142,"comment_status":"open","ping_status":"closed","template":"","meta":{"om_disable_all_campaigns":false,"_monsterinsights_skip_tracking":false,"_monsterinsights_sitenote_active":false,"_monsterinsights_sitenote_note":"","_monsterinsights_sitenote_category":0},"product_cat":[38,39],"product_tag":[],"aioseo_notices":[],"jetpack_sharing_enabled":true,"_links":{"self":[{"href":"https:\/\/frenchyfondant.fr\/index.php?rest_route=\/wp\/v2\/product\/2154"}],"collection":[{"href":"https:\/\/frenchyfondant.fr\/index.php?rest_route=\/wp\/v2\/product"}],"about":[{"href":"https:\/\/frenchyfondant.fr\/index.php?rest_route=\/wp\/v2\/types\/product"}],"replies":[{"embeddable":true,"href":"https:\/\/frenchyfondant.fr\/index.php?rest_route=%2Fwp%2Fv2%2Fcomments&post=2154"}],"wp:featuredmedia":[{"embeddable":true,"href":"https:\/\/frenchyfondant.fr\/index.php?rest_route=\/wp\/v2\/media\/2142"}],"wp:attachment":[{"href":"https:\/\/frenchyfondant.fr\/index.php?rest_route=%2Fwp%2Fv2%2Fmedia&parent=2154"}],"wp:term":[{"taxonomy":"product_cat","embeddable":true,"href":"https:\/\/frenchyfondant.fr\/index.php?rest_route=%2Fwp%2Fv2%2Fproduct_cat&post=2154"},{"taxonomy":"product_tag","embeddable":true,"href":"https:\/\/frenchyfondant.fr\/index.php?rest_route=%2Fwp%2Fv2%2Fproduct_tag&post=2154"}],"curies":[{"name":"wp","href":"https:\/\/api.w.org\/{rel}","templated":true}]}}