{"id":2151,"date":"2025-04-01T14:03:23","date_gmt":"2025-04-01T12:03:23","guid":{"rendered":"https:\/\/frenchyfondant.fr\/?post_type=product&#038;p=2151"},"modified":"2025-04-01T14:39:26","modified_gmt":"2025-04-01T12:39:26","slug":"creme-de-soin","status":"publish","type":"product","link":"https:\/\/frenchyfondant.fr\/?product=creme-de-soin","title":{"rendered":"CREME DE SOIN"},"content":{"rendered":"<p style=\"text-align: center;\">Fondant de bougie Senteur \u00ab\u00a0Cr\u00e8me de soin\u00a0\u00bb<\/p>\n<p style=\"text-align: center;\">Une senteur douce et r\u00e9confortante qui \u00e9voque la peau fra\u00eechement hydrat\u00e9e. Ce fondant diffuse un parfum propre et cocooning, rappelant les soins de beaut\u00e9 et les moments de bien-\u00eatre.<\/p>\n<p>&nbsp;<\/p>\n<p style=\"text-align: center;\">100% artisanal &amp; fabriqu\u00e9 en France<\/p>\n<p style=\"text-align: center;\">Parfum sans CMR, ni phtalates &#8211; Origine Grasse<\/p>\n<p style=\"text-align: center;\">Cire de soja 100% naturelle &#8211; Origine: UE (Espagne)<\/p>\n<p style=\"text-align: center;\">Colorant naturel (d&rsquo;origine v\u00e9g\u00e9tale ou min\u00e9rale)<\/p>\n<p style=\"text-align: center;\">20g<\/p>\n","protected":false},"excerpt":{"rendered":"<p style=\"text-align: center;\">Fondant de bougie Senteur \u00ab\u00a0Cr\u00e8me de soin\u00a0\u00bb<\/p>\n<p style=\"text-align: center;\">Une senteur douce et r\u00e9confortante qui \u00e9voque la peau fra\u00eechement hydrat\u00e9e. Ce fondant diffuse un parfum propre et cocooning, rappelant les soins de beaut\u00e9 et les moments de bien-\u00eatre.<\/p>\n<p>&nbsp;<\/p>\n","protected":false},"featured_media":2141,"comment_status":"open","ping_status":"closed","template":"","meta":{"om_disable_all_campaigns":false,"_monsterinsights_skip_tracking":false,"_monsterinsights_sitenote_active":false,"_monsterinsights_sitenote_note":"","_monsterinsights_sitenote_category":0},"product_cat":[38,35],"product_tag":[],"aioseo_notices":[],"jetpack_sharing_enabled":true,"_links":{"self":[{"href":"https:\/\/frenchyfondant.fr\/index.php?rest_route=\/wp\/v2\/product\/2151"}],"collection":[{"href":"https:\/\/frenchyfondant.fr\/index.php?rest_route=\/wp\/v2\/product"}],"about":[{"href":"https:\/\/frenchyfondant.fr\/index.php?rest_route=\/wp\/v2\/types\/product"}],"replies":[{"embeddable":true,"href":"https:\/\/frenchyfondant.fr\/index.php?rest_route=%2Fwp%2Fv2%2Fcomments&post=2151"}],"wp:featuredmedia":[{"embeddable":true,"href":"https:\/\/frenchyfondant.fr\/index.php?rest_route=\/wp\/v2\/media\/2141"}],"wp:attachment":[{"href":"https:\/\/frenchyfondant.fr\/index.php?rest_route=%2Fwp%2Fv2%2Fmedia&parent=2151"}],"wp:term":[{"taxonomy":"product_cat","embeddable":true,"href":"https:\/\/frenchyfondant.fr\/index.php?rest_route=%2Fwp%2Fv2%2Fproduct_cat&post=2151"},{"taxonomy":"product_tag","embeddable":true,"href":"https:\/\/frenchyfondant.fr\/index.php?rest_route=%2Fwp%2Fv2%2Fproduct_tag&post=2151"}],"curies":[{"name":"wp","href":"https:\/\/api.w.org\/{rel}","templated":true}]}}