{"id":1905,"date":"2024-11-25T20:14:15","date_gmt":"2024-11-25T19:14:15","guid":{"rendered":"https:\/\/frenchyfondant.fr\/?post_type=product&#038;p=1905"},"modified":"2024-11-25T20:16:23","modified_gmt":"2024-11-25T19:16:23","slug":"la-citronette","status":"publish","type":"product","link":"https:\/\/frenchyfondant.fr\/?product=la-citronette","title":{"rendered":"La Citronette"},"content":{"rendered":"<p style=\"text-align: center;\">Bougie de massage 100% naturelle fabriqu\u00e9e \u00e0 partir d&rsquo;huile essentielle de Citron et d&rsquo;Orange douce issues de l&rsquo;agriculture biologique (BIO).<\/p>\n<p style=\"text-align: center;\">Ultra-nourrissante gr\u00e2ce aux propri\u00e9t\u00e9s hydratantes de l&rsquo;huile de coco, notre Citronette d\u00e9gage un parfum doux et vivifiant d&rsquo;agrumes.<\/p>\n<p style=\"text-align: center;\">A vos massages!<\/p>\n<p>&nbsp;<\/p>\n","protected":false},"excerpt":{"rendered":"<p style=\"text-align: center;\">Bougie de massage 100% naturelle fabriqu\u00e9e \u00e0 partir d&rsquo;huile essentielle de Citron et d&rsquo;Orange douce issues de l&rsquo;agriculture biologique (BIO).<\/p>\n<p style=\"text-align: center;\">Ultra-nourrissante gr\u00e2ce aux propri\u00e9t\u00e9s hydratantes de l&rsquo;huile de coco, notre Citronette d\u00e9gage un parfum doux et vivifiant d&rsquo;agrumes.<\/p>\n<p style=\"text-align: center;\">A vos massages!<\/p>\n<p>&nbsp;<\/p>\n<p>&nbsp;<\/p>\n<p>&nbsp;<\/p>\n","protected":false},"featured_media":819,"comment_status":"open","ping_status":"closed","template":"","meta":{"om_disable_all_campaigns":false,"_monsterinsights_skip_tracking":false,"_monsterinsights_sitenote_active":false,"_monsterinsights_sitenote_note":"","_monsterinsights_sitenote_category":0},"product_cat":[43],"product_tag":[],"aioseo_notices":[],"jetpack_sharing_enabled":true,"_links":{"self":[{"href":"https:\/\/frenchyfondant.fr\/index.php?rest_route=\/wp\/v2\/product\/1905"}],"collection":[{"href":"https:\/\/frenchyfondant.fr\/index.php?rest_route=\/wp\/v2\/product"}],"about":[{"href":"https:\/\/frenchyfondant.fr\/index.php?rest_route=\/wp\/v2\/types\/product"}],"replies":[{"embeddable":true,"href":"https:\/\/frenchyfondant.fr\/index.php?rest_route=%2Fwp%2Fv2%2Fcomments&post=1905"}],"wp:featuredmedia":[{"embeddable":true,"href":"https:\/\/frenchyfondant.fr\/index.php?rest_route=\/wp\/v2\/media\/819"}],"wp:attachment":[{"href":"https:\/\/frenchyfondant.fr\/index.php?rest_route=%2Fwp%2Fv2%2Fmedia&parent=1905"}],"wp:term":[{"taxonomy":"product_cat","embeddable":true,"href":"https:\/\/frenchyfondant.fr\/index.php?rest_route=%2Fwp%2Fv2%2Fproduct_cat&post=1905"},{"taxonomy":"product_tag","embeddable":true,"href":"https:\/\/frenchyfondant.fr\/index.php?rest_route=%2Fwp%2Fv2%2Fproduct_tag&post=1905"}],"curies":[{"name":"wp","href":"https:\/\/api.w.org\/{rel}","templated":true}]}}