{"id":1904,"date":"2024-11-25T20:09:37","date_gmt":"2024-11-25T19:09:37","guid":{"rendered":"https:\/\/frenchyfondant.fr\/?post_type=product&#038;p=1904"},"modified":"2025-09-01T10:55:41","modified_gmt":"2025-09-01T08:55:41","slug":"fleurette","status":"publish","type":"product","link":"https:\/\/frenchyfondant.fr\/?product=fleurette","title":{"rendered":"Fleurette"},"content":{"rendered":"<p style=\"text-align: center;\">Bougie de massage \u00e0 la senteur Tub\u00e9reuse fabriqu\u00e9e \u00e0 partir d&rsquo;huile de Coco bio et Cire soja.<\/p>\n<p style=\"text-align: center;\">Ultra-nourrissante gr\u00e2ce aux propri\u00e9t\u00e9s hydratantes de l&rsquo;huile de coco, notre bougie de massage \u00ab\u00a0Fleurette\u00a0\u00bb d\u00e9gage un parfum r\u00e9confortant et doux de Fleur de Tub\u00e9reuse.<\/p>\n<p style=\"text-align: center;\">A vos massages!<\/p>\n<p>&nbsp;<\/p>\n","protected":false},"excerpt":{"rendered":"<p style=\"text-align: center;\">Bougie de massage \u00e0 la senteur Tub\u00e9reuse fabriqu\u00e9e \u00e0 partir d&rsquo;huile de Coco bio et Cire soja.<\/p>\n<p style=\"text-align: center;\">Ultra-nourrissante gr\u00e2ce aux propri\u00e9t\u00e9s hydratantes de l&rsquo;huile de coco, notre bougie de massage \u00ab\u00a0Fleurette\u00a0\u00bb d\u00e9gage un parfum r\u00e9confortant et doux de Fleur de Tub\u00e9reuse.<\/p>\n<p style=\"text-align: center;\">A vos massages!<\/p>\n<p>&nbsp;<\/p>\n<p>&nbsp;<\/p>\n<p>&nbsp;<\/p>\n<p>&nbsp;<\/p>\n","protected":false},"featured_media":819,"comment_status":"open","ping_status":"closed","template":"","meta":{"om_disable_all_campaigns":false,"_monsterinsights_skip_tracking":false,"_monsterinsights_sitenote_active":false,"_monsterinsights_sitenote_note":"","_monsterinsights_sitenote_category":0},"product_cat":[43],"product_tag":[],"aioseo_notices":[],"jetpack_sharing_enabled":true,"_links":{"self":[{"href":"https:\/\/frenchyfondant.fr\/index.php?rest_route=\/wp\/v2\/product\/1904"}],"collection":[{"href":"https:\/\/frenchyfondant.fr\/index.php?rest_route=\/wp\/v2\/product"}],"about":[{"href":"https:\/\/frenchyfondant.fr\/index.php?rest_route=\/wp\/v2\/types\/product"}],"replies":[{"embeddable":true,"href":"https:\/\/frenchyfondant.fr\/index.php?rest_route=%2Fwp%2Fv2%2Fcomments&post=1904"}],"wp:featuredmedia":[{"embeddable":true,"href":"https:\/\/frenchyfondant.fr\/index.php?rest_route=\/wp\/v2\/media\/819"}],"wp:attachment":[{"href":"https:\/\/frenchyfondant.fr\/index.php?rest_route=%2Fwp%2Fv2%2Fmedia&parent=1904"}],"wp:term":[{"taxonomy":"product_cat","embeddable":true,"href":"https:\/\/frenchyfondant.fr\/index.php?rest_route=%2Fwp%2Fv2%2Fproduct_cat&post=1904"},{"taxonomy":"product_tag","embeddable":true,"href":"https:\/\/frenchyfondant.fr\/index.php?rest_route=%2Fwp%2Fv2%2Fproduct_tag&post=1904"}],"curies":[{"name":"wp","href":"https:\/\/api.w.org\/{rel}","templated":true}]}}