{"id":1647,"date":"2024-11-25T12:29:27","date_gmt":"2024-11-25T11:29:27","guid":{"rendered":"https:\/\/frenchyfondant.fr\/?post_type=product&#038;p=1647"},"modified":"2025-09-01T10:55:16","modified_gmt":"2025-09-01T08:55:16","slug":"nuit-dorient","status":"publish","type":"product","link":"https:\/\/frenchyfondant.fr\/?product=nuit-dorient","title":{"rendered":"NUIT D&rsquo;ORIENT"},"content":{"rendered":"<p style=\"text-align: center;\">Apportez une touche d&rsquo;\u00e9l\u00e9gance \u00e0 votre int\u00e9rieur avec ce br\u00fble-parfum parfait pour diffuser des senteurs apaisantes, il est con\u00e7u pour faire fondre vos fondants de bougies pr\u00e9f\u00e9r\u00e9s tout en ajoutant une note d\u00e9corative \u00e0 votre espace.<\/p>\n<p style=\"text-align: center;\">Fabriqu\u00e9 avec des mat\u00e9riaux de qualit\u00e9 sup\u00e9rieure, ce br\u00fble-parfum allie fonctionnalit\u00e9 et esth\u00e9tique.<\/p>\n<p style=\"text-align: center;\">Faites de chaque moment un instant de bien-\u00eatre gr\u00e2ce \u00e0 cet accessoire alliant praticit\u00e9 et style. Ajoutez-le \u00e0 votre collection ou offrez-le en cadeau : succ\u00e8s garanti !<\/p>\n<p style=\"text-align: center;\">Disponibles en 4 teintes: \u00a0Beige, Bleu, Marron &amp;. vert<\/p>\n<p style=\"text-align: center;\"><span style=\"color: #ff0000;\"><span style=\"color: #000000;\">Ce br\u00fble-parfum peut contenir un fondant entier. <\/span><\/span><span style=\"color: #000000;\"><span style=\"color: #ff0000;\"><span style=\"color: #000000;\">Recommand\u00e9 pour les coffrets <\/span><span style=\"color: #000000;\">d\u00e9couverte et les fondants myst\u00e8res.\u00a0<\/span><\/span><\/span><\/p>\n","protected":false},"excerpt":{"rendered":"<p style=\"text-align: center;\">Apportez une touche d&rsquo;\u00e9l\u00e9gance \u00e0 votre int\u00e9rieur avec ce br\u00fble-parfum parfait pour diffuser des senteurs apaisantes, il est con\u00e7u pour faire fondre vos fondants de bougies pr\u00e9f\u00e9r\u00e9s tout en ajoutant une note d\u00e9corative \u00e0 votre espace.<\/p>\n<p style=\"text-align: center;\">Disponibles en 4 teintes: \u00a0Beige, Bleu, Marron &amp;. vert<\/p>\n<p style=\"text-align: center;\"><span style=\"color: #ff0000;\"><span style=\"color: #000000;\">Ce br\u00fble-parfum peut contenir un fondant entier. <\/span><\/span><\/p>\n<p style=\"text-align: center;\"><span style=\"color: #000000;\"><span style=\"color: #ff0000;\">Recommand\u00e9 pour les coffrets d\u00e9couverte et les fondants myst\u00e8res.\u00a0<\/span><\/span><\/p>\n","protected":false},"featured_media":1742,"comment_status":"open","ping_status":"closed","template":"","meta":{"om_disable_all_campaigns":false,"_monsterinsights_skip_tracking":false,"_monsterinsights_sitenote_active":false,"_monsterinsights_sitenote_note":"","_monsterinsights_sitenote_category":0},"product_cat":[46,47],"product_tag":[],"aioseo_notices":[],"jetpack_sharing_enabled":true,"_links":{"self":[{"href":"https:\/\/frenchyfondant.fr\/index.php?rest_route=\/wp\/v2\/product\/1647"}],"collection":[{"href":"https:\/\/frenchyfondant.fr\/index.php?rest_route=\/wp\/v2\/product"}],"about":[{"href":"https:\/\/frenchyfondant.fr\/index.php?rest_route=\/wp\/v2\/types\/product"}],"replies":[{"embeddable":true,"href":"https:\/\/frenchyfondant.fr\/index.php?rest_route=%2Fwp%2Fv2%2Fcomments&post=1647"}],"wp:featuredmedia":[{"embeddable":true,"href":"https:\/\/frenchyfondant.fr\/index.php?rest_route=\/wp\/v2\/media\/1742"}],"wp:attachment":[{"href":"https:\/\/frenchyfondant.fr\/index.php?rest_route=%2Fwp%2Fv2%2Fmedia&parent=1647"}],"wp:term":[{"taxonomy":"product_cat","embeddable":true,"href":"https:\/\/frenchyfondant.fr\/index.php?rest_route=%2Fwp%2Fv2%2Fproduct_cat&post=1647"},{"taxonomy":"product_tag","embeddable":true,"href":"https:\/\/frenchyfondant.fr\/index.php?rest_route=%2Fwp%2Fv2%2Fproduct_tag&post=1647"}],"curies":[{"name":"wp","href":"https:\/\/api.w.org\/{rel}","templated":true}]}}