{"id":1626,"date":"2024-11-25T11:45:12","date_gmt":"2024-11-25T10:45:12","guid":{"rendered":"https:\/\/frenchyfondant.fr\/?post_type=product&#038;p=1626"},"modified":"2025-06-11T19:03:27","modified_gmt":"2025-06-11T17:03:27","slug":"asia","status":"publish","type":"product","link":"https:\/\/frenchyfondant.fr\/?product=asia","title":{"rendered":"ASIA"},"content":{"rendered":"<p style=\"text-align: center;\">Apportez une touche d&rsquo;\u00e9l\u00e9gance \u00e0 votre int\u00e9rieur avec ce br\u00fble-parfum au design inspir\u00e9 de l&rsquo;Asie.<\/p>\n<p style=\"text-align: center;\">Parfait pour diffuser des senteurs apaisantes, il est con\u00e7u pour faire fondre vos fondants de bougies pr\u00e9f\u00e9r\u00e9s tout en ajoutant une note d\u00e9corative \u00e0 votre espace.<\/p>\n<p style=\"text-align: center;\">Fabriqu\u00e9 avec des mat\u00e9riaux de qualit\u00e9 sup\u00e9rieure, ce br\u00fble-parfum allie fonctionnalit\u00e9 et esth\u00e9tique. Son design ing\u00e9nieux garantit une fonte uniforme, pour une diffusion homog\u00e8ne et prolong\u00e9e de vos fragrances pr\u00e9f\u00e9r\u00e9es.<\/p>\n<p style=\"text-align: center;\">Faites de chaque moment un instant de bien-\u00eatre gr\u00e2ce \u00e0 cet accessoire alliant praticit\u00e9 et style. Ajoutez-le \u00e0 votre collection ou offrez-le en cadeau : succ\u00e8s garanti !<\/p>\n<p style=\"text-align: center;\">\n","protected":false},"excerpt":{"rendered":"<p style=\"text-align: center;\">Apportez une touche d&rsquo;\u00e9l\u00e9gance \u00e0 votre int\u00e9rieur avec ce br\u00fble-parfum au design inspir\u00e9 de l&rsquo;Asie. Parfait pour diffuser des senteurs apaisantes, il est con\u00e7u pour faire fondre vos fondants de bougies pr\u00e9f\u00e9r\u00e9s tout en ajoutant une note d\u00e9corative \u00e0 votre espace.<\/p>\n","protected":false},"featured_media":1765,"comment_status":"open","ping_status":"closed","template":"","meta":{"om_disable_all_campaigns":false,"_monsterinsights_skip_tracking":false,"_monsterinsights_sitenote_active":false,"_monsterinsights_sitenote_note":"","_monsterinsights_sitenote_category":0},"product_cat":[46,48],"product_tag":[],"aioseo_notices":[],"jetpack_sharing_enabled":true,"_links":{"self":[{"href":"https:\/\/frenchyfondant.fr\/index.php?rest_route=\/wp\/v2\/product\/1626"}],"collection":[{"href":"https:\/\/frenchyfondant.fr\/index.php?rest_route=\/wp\/v2\/product"}],"about":[{"href":"https:\/\/frenchyfondant.fr\/index.php?rest_route=\/wp\/v2\/types\/product"}],"replies":[{"embeddable":true,"href":"https:\/\/frenchyfondant.fr\/index.php?rest_route=%2Fwp%2Fv2%2Fcomments&post=1626"}],"wp:featuredmedia":[{"embeddable":true,"href":"https:\/\/frenchyfondant.fr\/index.php?rest_route=\/wp\/v2\/media\/1765"}],"wp:attachment":[{"href":"https:\/\/frenchyfondant.fr\/index.php?rest_route=%2Fwp%2Fv2%2Fmedia&parent=1626"}],"wp:term":[{"taxonomy":"product_cat","embeddable":true,"href":"https:\/\/frenchyfondant.fr\/index.php?rest_route=%2Fwp%2Fv2%2Fproduct_cat&post=1626"},{"taxonomy":"product_tag","embeddable":true,"href":"https:\/\/frenchyfondant.fr\/index.php?rest_route=%2Fwp%2Fv2%2Fproduct_tag&post=1626"}],"curies":[{"name":"wp","href":"https:\/\/api.w.org\/{rel}","templated":true}]}}