{"id":1622,"date":"2024-11-25T11:32:34","date_gmt":"2024-11-25T10:32:34","guid":{"rendered":"https:\/\/frenchyfondant.fr\/?post_type=product&#038;p=1622"},"modified":"2025-07-17T08:54:37","modified_gmt":"2025-07-17T06:54:37","slug":"petales","status":"publish","type":"product","link":"https:\/\/frenchyfondant.fr\/?product=petales","title":{"rendered":"PETALES"},"content":{"rendered":"<p style=\"text-align: center;\">Apportez un charme floral \u00e0 votre int\u00e9rieur avec ce br\u00fble-parfum en c\u00e9ramique, d\u00e9licatement sculpt\u00e9 avec des trous en forme de p\u00e9tales de fleur.<\/p>\n<p style=\"text-align: center;\">Placez une bougie chauffe-plat \u00e0 l&rsquo;int\u00e9rieur pour faire fondre vos fondants parfum\u00e9s et laissez les effets de lumi\u00e8re danser \u00e0 travers les p\u00e9tales, cr\u00e9ant une atmosph\u00e8re cosy et relaxante.<\/p>\n<p style=\"text-align: center;\">Fabriqu\u00e9 en c\u00e9ramique de qualit\u00e9, il garantit une diffusion homog\u00e8ne et prolong\u00e9e des fragrances. Id\u00e9al pour une d\u00e9coration \u00e9l\u00e9gante ou comme cadeau raffin\u00e9, ce br\u00fble-parfum apporte une touche de beaut\u00e9 naturelle \u00e0 n\u2019importe quelle pi\u00e8ce.<\/p>\n<p style=\"text-align: center;\">Disponibles en 2 teintes:Blanc et Noir<\/p>\n","protected":false},"excerpt":{"rendered":"<p style=\"text-align: center;\">Apportez un charme floral \u00e0 votre int\u00e9rieur avec ce br\u00fble-parfum en c\u00e9ramique, d\u00e9licatement sculpt\u00e9 avec des trous en forme de p\u00e9tales de fleur.<\/p>\n<p style=\"text-align: center;\">Placez une bougie chauffe-plat \u00e0 l&rsquo;int\u00e9rieur pour faire fondre vos fondants parfum\u00e9s et laissez les effets de lumi\u00e8re danser \u00e0 travers les p\u00e9tales, cr\u00e9ant une atmosph\u00e8re cosy et relaxante.<\/p>\n<p style=\"text-align: center;\">Disponibles en 2 teintes:Blanc et Noir<\/p>\n","protected":false},"featured_media":1750,"comment_status":"open","ping_status":"closed","template":"","meta":{"om_disable_all_campaigns":false,"_monsterinsights_skip_tracking":false,"_monsterinsights_sitenote_active":false,"_monsterinsights_sitenote_note":"","_monsterinsights_sitenote_category":0},"product_cat":[46,49],"product_tag":[],"aioseo_notices":[],"jetpack_sharing_enabled":true,"_links":{"self":[{"href":"https:\/\/frenchyfondant.fr\/index.php?rest_route=\/wp\/v2\/product\/1622"}],"collection":[{"href":"https:\/\/frenchyfondant.fr\/index.php?rest_route=\/wp\/v2\/product"}],"about":[{"href":"https:\/\/frenchyfondant.fr\/index.php?rest_route=\/wp\/v2\/types\/product"}],"replies":[{"embeddable":true,"href":"https:\/\/frenchyfondant.fr\/index.php?rest_route=%2Fwp%2Fv2%2Fcomments&post=1622"}],"wp:featuredmedia":[{"embeddable":true,"href":"https:\/\/frenchyfondant.fr\/index.php?rest_route=\/wp\/v2\/media\/1750"}],"wp:attachment":[{"href":"https:\/\/frenchyfondant.fr\/index.php?rest_route=%2Fwp%2Fv2%2Fmedia&parent=1622"}],"wp:term":[{"taxonomy":"product_cat","embeddable":true,"href":"https:\/\/frenchyfondant.fr\/index.php?rest_route=%2Fwp%2Fv2%2Fproduct_cat&post=1622"},{"taxonomy":"product_tag","embeddable":true,"href":"https:\/\/frenchyfondant.fr\/index.php?rest_route=%2Fwp%2Fv2%2Fproduct_tag&post=1622"}],"curies":[{"name":"wp","href":"https:\/\/api.w.org\/{rel}","templated":true}]}}