{"id":1612,"date":"2024-11-25T11:15:23","date_gmt":"2024-11-25T10:15:23","guid":{"rendered":"https:\/\/frenchyfondant.fr\/?post_type=product&#038;p=1612"},"modified":"2026-05-13T19:45:58","modified_gmt":"2026-05-13T17:45:58","slug":"corolle","status":"publish","type":"product","link":"https:\/\/frenchyfondant.fr\/?product=corolle","title":{"rendered":"COROLLE"},"content":{"rendered":"<p style=\"text-align: center;\">Ajoutez une touche de magie \u00e0 votre int\u00e9rieur avec ce br\u00fble-parfum ultra styl\u00e9 ! Son design moderne et \u00e9pur\u00e9 transforme instantan\u00e9ment n\u2019importe quelle pi\u00e8ce en un sanctuaire de bien-\u00eatre. Parfait pour faire fondre vos fondants parfum\u00e9s pr\u00e9f\u00e9r\u00e9s, il diffuse des ar\u00f4mes envo\u00fbtants tout en apportant une note d\u00e9co chic.<\/p>\n<p style=\"text-align: center;\">Un produit au top :<br \/>\nFabriqu\u00e9 avec des mat\u00e9riaux de super qualit\u00e9, ce br\u00fble-parfum assure une fonte parfaite et homog\u00e8ne, pour une diffusion de senteur ultra longue. Que vous l\u2019utilisiez pour une soir\u00e9e d\u00e9tente ou pour ajouter un peu de zen \u00e0 votre quotidien, il cr\u00e9e une ambiance relaxante et cosy en un clin d\u2019\u0153il.<\/p>\n<p style=\"text-align: center;\">Un accessoire d\u00e9co \u00e0 ne pas manquer :<br \/>\nFaites de chaque moment un instant agr\u00e9able avec cet objet \u00e0 la fois pratique et \u00e9l\u00e9gant. \u00c0 offrir (et \u00e0 s\u2019offrir), il sera le cadeau parfait pour \u00e9pater vos amis ou embellir votre maison. Succ\u00e8s garanti !<\/p>\n","protected":false},"excerpt":{"rendered":"<p style=\"text-align: center;\">Ajoutez une touche de magie \u00e0 votre int\u00e9rieur avec ce br\u00fble-parfum ultra styl\u00e9 ! Son design moderne et \u00e9pur\u00e9 transforme instantan\u00e9ment n\u2019importe quelle pi\u00e8ce en un sanctuaire de bien-\u00eatre. Parfait pour faire fondre vos fondants parfum\u00e9s pr\u00e9f\u00e9r\u00e9s, il diffuse des ar\u00f4mes envo\u00fbtants tout en apportant une note d\u00e9co chic.<\/p>\n<p style=\"text-align: center;\">Disponible en 3 teintes: Blanc, Marbr\u00e9 (jaune &amp; violet sur fond Beige) et Vert.<\/p>\n","protected":false},"featured_media":1717,"comment_status":"open","ping_status":"closed","template":"","meta":{"om_disable_all_campaigns":false,"_monsterinsights_skip_tracking":false,"_monsterinsights_sitenote_active":false,"_monsterinsights_sitenote_note":"","_monsterinsights_sitenote_category":0},"product_cat":[46,49],"product_tag":[],"aioseo_notices":[],"jetpack_sharing_enabled":true,"_links":{"self":[{"href":"https:\/\/frenchyfondant.fr\/index.php?rest_route=\/wp\/v2\/product\/1612"}],"collection":[{"href":"https:\/\/frenchyfondant.fr\/index.php?rest_route=\/wp\/v2\/product"}],"about":[{"href":"https:\/\/frenchyfondant.fr\/index.php?rest_route=\/wp\/v2\/types\/product"}],"replies":[{"embeddable":true,"href":"https:\/\/frenchyfondant.fr\/index.php?rest_route=%2Fwp%2Fv2%2Fcomments&post=1612"}],"wp:featuredmedia":[{"embeddable":true,"href":"https:\/\/frenchyfondant.fr\/index.php?rest_route=\/wp\/v2\/media\/1717"}],"wp:attachment":[{"href":"https:\/\/frenchyfondant.fr\/index.php?rest_route=%2Fwp%2Fv2%2Fmedia&parent=1612"}],"wp:term":[{"taxonomy":"product_cat","embeddable":true,"href":"https:\/\/frenchyfondant.fr\/index.php?rest_route=%2Fwp%2Fv2%2Fproduct_cat&post=1612"},{"taxonomy":"product_tag","embeddable":true,"href":"https:\/\/frenchyfondant.fr\/index.php?rest_route=%2Fwp%2Fv2%2Fproduct_tag&post=1612"}],"curies":[{"name":"wp","href":"https:\/\/api.w.org\/{rel}","templated":true}]}}