{"id":1576,"date":"2024-11-03T13:01:55","date_gmt":"2024-11-03T12:01:55","guid":{"rendered":"https:\/\/frenchyfondant.fr\/?post_type=product&#038;p=1576"},"modified":"2025-06-11T19:14:04","modified_gmt":"2025-06-11T17:14:04","slug":"pomme-cannelle","status":"publish","type":"product","link":"https:\/\/frenchyfondant.fr\/?product=pomme-cannelle","title":{"rendered":"POMME-CANNELLE"},"content":{"rendered":"<p style=\"text-align: center;\">Fondant de bougie Senteur \u00ab\u00a0Pomme cannelle\u00a0\u00bb<\/p>\n<p style=\"text-align: center;\">La senteur pomme cannelle est un classique chaleureux et \u00e9pic\u00e9 qui \u00e9voque le confort d\u2019un dessert automnal. Elle associe la douceur fruit\u00e9e et l\u00e9g\u00e8rement acidul\u00e9e de la pomme, rappelant une tarte dor\u00e9e au four, avec les notes chaudes et \u00e9pic\u00e9es de la cannelle. Ce parfum enveloppant diffuse une ambiance r\u00e9confortante, comme celle d\u2019une maison o\u00f9 l\u2019on vient de pr\u00e9parer une compote ou un crumble. Id\u00e9ale pour la saison froide, cette fragrance apporte une touche conviviale et rustique, parfaite pour une atmosph\u00e8re accueillante et douillette.<\/p>\n<p>&nbsp;<\/p>\n<p style=\"text-align: center;\">100% artisanal &amp; fabriqu\u00e9 en France<\/p>\n<p style=\"text-align: center;\">Parfum sans CMR, ni phtalates &#8211; Origine Grasse<\/p>\n<p style=\"text-align: center;\">Cire de soja 100% naturelle &#8211; Origine: UE (Espagne)<\/p>\n<p style=\"text-align: center;\">Colorant naturel (d&rsquo;origine v\u00e9g\u00e9tale ou min\u00e9rale)<\/p>\n<p style=\"text-align: center;\">20g<\/p>\n","protected":false},"excerpt":{"rendered":"<p style=\"text-align: center;\">Fondant de bougie Senteur \u00ab\u00a0Pomme cannelle\u00a0\u00bb<\/p>\n<p style=\"text-align: center;\">La senteur pomme cannelle est un classique chaleureux et \u00e9pic\u00e9 qui \u00e9voque le confort d\u2019un dessert automnal. Elle associe la douceur fruit\u00e9e et l\u00e9g\u00e8rement acidul\u00e9e de la pomme, rappelant une tarte dor\u00e9e au four, avec les notes chaudes et \u00e9pic\u00e9es de la cannelle. Ce parfum enveloppant diffuse une ambiance r\u00e9confortante, comme celle d\u2019une maison o\u00f9 l\u2019on vient de pr\u00e9parer une compote ou un crumble. Id\u00e9ale pour la saison froide, cette fragrance apporte une touche conviviale et rustique, parfaite pour une atmosph\u00e8re accueillante et douillette.<\/p>\n","protected":false},"featured_media":1583,"comment_status":"open","ping_status":"closed","template":"","meta":{"om_disable_all_campaigns":false,"_monsterinsights_skip_tracking":false,"_monsterinsights_sitenote_active":false,"_monsterinsights_sitenote_note":"","_monsterinsights_sitenote_category":0},"product_cat":[38,41,36],"product_tag":[],"aioseo_notices":[],"jetpack_sharing_enabled":true,"_links":{"self":[{"href":"https:\/\/frenchyfondant.fr\/index.php?rest_route=\/wp\/v2\/product\/1576"}],"collection":[{"href":"https:\/\/frenchyfondant.fr\/index.php?rest_route=\/wp\/v2\/product"}],"about":[{"href":"https:\/\/frenchyfondant.fr\/index.php?rest_route=\/wp\/v2\/types\/product"}],"replies":[{"embeddable":true,"href":"https:\/\/frenchyfondant.fr\/index.php?rest_route=%2Fwp%2Fv2%2Fcomments&post=1576"}],"wp:featuredmedia":[{"embeddable":true,"href":"https:\/\/frenchyfondant.fr\/index.php?rest_route=\/wp\/v2\/media\/1583"}],"wp:attachment":[{"href":"https:\/\/frenchyfondant.fr\/index.php?rest_route=%2Fwp%2Fv2%2Fmedia&parent=1576"}],"wp:term":[{"taxonomy":"product_cat","embeddable":true,"href":"https:\/\/frenchyfondant.fr\/index.php?rest_route=%2Fwp%2Fv2%2Fproduct_cat&post=1576"},{"taxonomy":"product_tag","embeddable":true,"href":"https:\/\/frenchyfondant.fr\/index.php?rest_route=%2Fwp%2Fv2%2Fproduct_tag&post=1576"}],"curies":[{"name":"wp","href":"https:\/\/api.w.org\/{rel}","templated":true}]}}