{"id":1529,"date":"2024-11-01T18:39:22","date_gmt":"2024-11-01T17:39:22","guid":{"rendered":"https:\/\/frenchyfondant.fr\/?post_type=product&#038;p=1529"},"modified":"2025-06-11T19:13:14","modified_gmt":"2025-06-11T17:13:14","slug":"pain-depices-alsacien","status":"publish","type":"product","link":"https:\/\/frenchyfondant.fr\/?product=pain-depices-alsacien","title":{"rendered":"PAIN D&rsquo;\u00c9PICES ALSACIEN"},"content":{"rendered":"<p style=\"text-align: center;\">Fondant de bougie Senteur \u00ab\u00a0Pain d&rsquo;\u00e9pices alsacien\u00a0\u00bb<\/p>\n<p style=\"text-align: center;\">Pain d\u2019\u00e9pices alsacien, c\u2019est le fondant qui te rappelle les dimanches en famille, avec les effluves sucr\u00e9es de la cuisine de ta grand-m\u00e8re. Les notes de t\u00eate \u00e0 base de miel blanc, d\u2019amande douce et de cannelle te font saliver d\u00e8s la premi\u00e8re inspiration. Les notes de coeur, avec leur m\u00e9lange d\u2019agrumes, d\u2019anis \u00e9toil\u00e9 et de noix de muscade, te rappellent l\u2019atmosph\u00e8re festive de No\u00ebl. Enfin, les notes de fond, avec leur accord gourmand et leur touche de tabac blond, te laissent sur une sensation de r\u00e9confort total. Avec Pain d\u2019\u00e9pices alsacien, c\u2019est No\u00ebl toute l\u2019ann\u00e9e.<\/p>\n<p>&nbsp;<\/p>\n<p style=\"text-align: center;\">100% artisanal &amp; fabriqu\u00e9 en France<\/p>\n<p style=\"text-align: center;\">Parfum sans CMR, ni phtalates &#8211; Origine Grasse<\/p>\n<p style=\"text-align: center;\">Cire de soja 100% naturelle &#8211; Origine: UE (Espagne)<\/p>\n<p style=\"text-align: center;\">Colorant naturel (d&rsquo;origine v\u00e9g\u00e9tale ou min\u00e9rale)<\/p>\n<p style=\"text-align: center;\">20g<\/p>\n","protected":false},"excerpt":{"rendered":"<p style=\"text-align: center;\">Fondant de bougie Senteur \u00ab\u00a0Pain d&rsquo;\u00e9pices alsacien\u00a0\u00bb<\/p>\n<p style=\"text-align: center;\">Pain d\u2019\u00e9pices alsacien, c\u2019est le fondant qui te rappelle les dimanches en famille, avec les effluves sucr\u00e9es de la cuisine de ta grand-m\u00e8re. Les notes de t\u00eate \u00e0 base de miel blanc, d\u2019amande douce et de cannelle te font saliver d\u00e8s la premi\u00e8re inspiration. Les notes de coeur, avec leur m\u00e9lange d\u2019agrumes, d\u2019anis \u00e9toil\u00e9 et de noix de muscade, te rappellent l\u2019atmosph\u00e8re festive de No\u00ebl. Enfin, les notes de fond, avec leur accord gourmand et leur touche de tabac blond, te laissent sur une sensation de r\u00e9confort total. Avec Pain d\u2019\u00e9pices alsacien, c\u2019est No\u00ebl toute l\u2019ann\u00e9e.<\/p>\n<p>&nbsp;<\/p>\n","protected":false},"featured_media":1584,"comment_status":"open","ping_status":"closed","template":"","meta":{"om_disable_all_campaigns":false,"_monsterinsights_skip_tracking":false,"_monsterinsights_sitenote_active":false,"_monsterinsights_sitenote_note":"","_monsterinsights_sitenote_category":0},"product_cat":[38,41,37],"product_tag":[],"aioseo_notices":[],"jetpack_sharing_enabled":true,"_links":{"self":[{"href":"https:\/\/frenchyfondant.fr\/index.php?rest_route=\/wp\/v2\/product\/1529"}],"collection":[{"href":"https:\/\/frenchyfondant.fr\/index.php?rest_route=\/wp\/v2\/product"}],"about":[{"href":"https:\/\/frenchyfondant.fr\/index.php?rest_route=\/wp\/v2\/types\/product"}],"replies":[{"embeddable":true,"href":"https:\/\/frenchyfondant.fr\/index.php?rest_route=%2Fwp%2Fv2%2Fcomments&post=1529"}],"wp:featuredmedia":[{"embeddable":true,"href":"https:\/\/frenchyfondant.fr\/index.php?rest_route=\/wp\/v2\/media\/1584"}],"wp:attachment":[{"href":"https:\/\/frenchyfondant.fr\/index.php?rest_route=%2Fwp%2Fv2%2Fmedia&parent=1529"}],"wp:term":[{"taxonomy":"product_cat","embeddable":true,"href":"https:\/\/frenchyfondant.fr\/index.php?rest_route=%2Fwp%2Fv2%2Fproduct_cat&post=1529"},{"taxonomy":"product_tag","embeddable":true,"href":"https:\/\/frenchyfondant.fr\/index.php?rest_route=%2Fwp%2Fv2%2Fproduct_tag&post=1529"}],"curies":[{"name":"wp","href":"https:\/\/api.w.org\/{rel}","templated":true}]}}