{"id":1528,"date":"2024-11-01T18:37:45","date_gmt":"2024-11-01T17:37:45","guid":{"rendered":"https:\/\/frenchyfondant.fr\/?post_type=product&#038;p=1528"},"modified":"2025-09-01T10:52:19","modified_gmt":"2025-09-01T08:52:19","slug":"cafe-amande","status":"publish","type":"product","link":"https:\/\/frenchyfondant.fr\/?product=cafe-amande","title":{"rendered":"CAF\u00c9 &#8211; AMANDE"},"content":{"rendered":"<p style=\"text-align: center;\">Fondant de bougie senteur \u00ab\u00a0Caf\u00e9-Amande\u00a0\u00bb<\/p>\n<p style=\"text-align: center;\">La senteur caf\u00e9 amande offre une exp\u00e9rience olfactive douce et enveloppante, combinant l\u2019ar\u00f4me chaleureux du caf\u00e9 torr\u00e9fi\u00e9 avec la subtilit\u00e9 douce et l\u00e9g\u00e8rement sucr\u00e9e de l&rsquo;amande. L&rsquo;amande ajoute une touche de finesse et de rondeur au parfum, adoucissant l\u2019intensit\u00e9 du caf\u00e9 tout en apportant une sensation de confort. Ce mariage cr\u00e9e une atmosph\u00e8re \u00e0 la fois sophistiqu\u00e9e et gourmande, \u00e9voquant un cappuccino onctueux agr\u00e9ment\u00e9 de lait d\u2019amande ou une p\u00e2tisserie artisanale.<\/p>\n<p style=\"text-align: center;\">100% artisanal &amp; fabriqu\u00e9 en France<\/p>\n<p style=\"text-align: center;\">Parfum sans CMR, ni phtalates &#8211; Origine Grasse<\/p>\n<p style=\"text-align: center;\">Cire de soja 100% naturelle &#8211; Origine: UE (Espagne)<\/p>\n<p style=\"text-align: center;\">Colorant naturel (d&rsquo;origine v\u00e9g\u00e9tale ou min\u00e9rale)<\/p>\n<p style=\"text-align: center;\">20g<\/p>\n","protected":false},"excerpt":{"rendered":"<p style=\"text-align: center;\">Fondant de bougie senteur \u00ab\u00a0Caf\u00e9-Amande\u00a0\u00bb<\/p>\n<p style=\"text-align: center;\">La senteur caf\u00e9 amande offre une exp\u00e9rience olfactive douce et enveloppante, combinant l\u2019ar\u00f4me chaleureux du caf\u00e9 torr\u00e9fi\u00e9 avec la subtilit\u00e9 douce et l\u00e9g\u00e8rement sucr\u00e9e de l&rsquo;amande. L&rsquo;amande ajoute une touche de finesse et de rondeur au parfum, adoucissant l\u2019intensit\u00e9 du caf\u00e9 tout en apportant une sensation de confort. Ce mariage cr\u00e9e une atmosph\u00e8re \u00e0 la fois sophistiqu\u00e9e et gourmande, \u00e9voquant un cappuccino onctueux agr\u00e9ment\u00e9 de lait d\u2019amande ou une p\u00e2tisserie artisanale.<\/p>\n<p style=\"text-align: center;\">\n","protected":false},"featured_media":1587,"comment_status":"open","ping_status":"closed","template":"","meta":{"om_disable_all_campaigns":false,"_monsterinsights_skip_tracking":false,"_monsterinsights_sitenote_active":false,"_monsterinsights_sitenote_note":"","_monsterinsights_sitenote_category":0},"product_cat":[38,37],"product_tag":[],"aioseo_notices":[],"jetpack_sharing_enabled":true,"_links":{"self":[{"href":"https:\/\/frenchyfondant.fr\/index.php?rest_route=\/wp\/v2\/product\/1528"}],"collection":[{"href":"https:\/\/frenchyfondant.fr\/index.php?rest_route=\/wp\/v2\/product"}],"about":[{"href":"https:\/\/frenchyfondant.fr\/index.php?rest_route=\/wp\/v2\/types\/product"}],"replies":[{"embeddable":true,"href":"https:\/\/frenchyfondant.fr\/index.php?rest_route=%2Fwp%2Fv2%2Fcomments&post=1528"}],"wp:featuredmedia":[{"embeddable":true,"href":"https:\/\/frenchyfondant.fr\/index.php?rest_route=\/wp\/v2\/media\/1587"}],"wp:attachment":[{"href":"https:\/\/frenchyfondant.fr\/index.php?rest_route=%2Fwp%2Fv2%2Fmedia&parent=1528"}],"wp:term":[{"taxonomy":"product_cat","embeddable":true,"href":"https:\/\/frenchyfondant.fr\/index.php?rest_route=%2Fwp%2Fv2%2Fproduct_cat&post=1528"},{"taxonomy":"product_tag","embeddable":true,"href":"https:\/\/frenchyfondant.fr\/index.php?rest_route=%2Fwp%2Fv2%2Fproduct_tag&post=1528"}],"curies":[{"name":"wp","href":"https:\/\/api.w.org\/{rel}","templated":true}]}}