{"id":1526,"date":"2024-11-01T18:34:18","date_gmt":"2024-11-01T17:34:18","guid":{"rendered":"https:\/\/frenchyfondant.fr\/?post_type=product&#038;p=1526"},"modified":"2025-02-01T01:01:00","modified_gmt":"2025-02-01T00:01:00","slug":"cuberdon","status":"publish","type":"product","link":"https:\/\/frenchyfondant.fr\/?product=cuberdon","title":{"rendered":"CUBERDON"},"content":{"rendered":"<p style=\"text-align: center;\">Fondant de bougie Senteur \u00ab\u00a0No\u00ebl d&rsquo;enfance\u00a0\u00bb<\/p>\n<p style=\"text-align: center;\">Norte fondant \u00e0 la senteur Cuberdon \u00e9voque les confiseries belges et donne \u00e0 vos bougies une signature olfactive d\u00e9licate et s\u00e9duisante, parfaite pour ceux qui recherchent une touche sucr\u00e9e et nostalgique dans leurs cr\u00e9ations.<br \/>\nD\u00e8s les premi\u00e8res effluves, les notes fruit\u00e9es de banane et de p\u00eache \u00e9veillent les sens avec fra\u00eecheur et douceur.<br \/>\nPuis, un c\u0153ur sucr\u00e9 de framboise et de praline \u00e9merge, offrant une sensation gourmande irr\u00e9sistible.<br \/>\nEnfin, le parfum se fond dans des notes chaleureuses de vanille et de caramel, cr\u00e9ant une base r\u00e9confortante et durable, laissant une empreinte olfactive douce et envo\u00fbtante dans l&rsquo;atmosph\u00e8re.<\/p>\n<p style=\"text-align: center;\">100% artisanal &amp; fabriqu\u00e9 en France<\/p>\n<p style=\"text-align: center;\">Parfum sans CMR, ni phtalates &#8211; Origine Grasse<\/p>\n<p style=\"text-align: center;\">Cire de soja 100% naturelle &#8211; Origine: UE (Espagne)<\/p>\n<p style=\"text-align: center;\">Colorant naturel (d&rsquo;origine v\u00e9g\u00e9tale ou min\u00e9rale)<\/p>\n<p style=\"text-align: center;\">20g<\/p>\n","protected":false},"excerpt":{"rendered":"<p style=\"text-align: center;\">Fondant de bougie Senteur \u00ab\u00a0No\u00ebl d&rsquo;enfance\u00a0\u00bb<\/p>\n<p style=\"text-align: center;\">Norte fondant \u00e0 la senteur Cuberdon \u00e9voque les confiseries belges et donne \u00e0 vos bougies une signature olfactive d\u00e9licate et s\u00e9duisante, parfaite pour ceux qui recherchent une touche sucr\u00e9e et nostalgique dans leurs cr\u00e9ations.<br \/>\nD\u00e8s les premi\u00e8res effluves, les notes fruit\u00e9es de banane et de p\u00eache \u00e9veillent les sens avec fra\u00eecheur et douceur.<br \/>\nPuis, un c\u0153ur sucr\u00e9 de framboise et de praline \u00e9merge, offrant une sensation gourmande irr\u00e9sistible.<br \/>\nEnfin, le parfum se fond dans des notes chaleureuses de vanille et de caramel, cr\u00e9ant une base r\u00e9confortante et durable, laissant une empreinte olfactive douce et envo\u00fbtante dans l&rsquo;atmosph\u00e8re.<\/p>\n","protected":false},"featured_media":1580,"comment_status":"open","ping_status":"closed","template":"","meta":{"om_disable_all_campaigns":false,"_monsterinsights_skip_tracking":false,"_monsterinsights_sitenote_active":false,"_monsterinsights_sitenote_note":"","_monsterinsights_sitenote_category":0},"product_cat":[38,41,37],"product_tag":[],"aioseo_notices":[],"jetpack_sharing_enabled":true,"_links":{"self":[{"href":"https:\/\/frenchyfondant.fr\/index.php?rest_route=\/wp\/v2\/product\/1526"}],"collection":[{"href":"https:\/\/frenchyfondant.fr\/index.php?rest_route=\/wp\/v2\/product"}],"about":[{"href":"https:\/\/frenchyfondant.fr\/index.php?rest_route=\/wp\/v2\/types\/product"}],"replies":[{"embeddable":true,"href":"https:\/\/frenchyfondant.fr\/index.php?rest_route=%2Fwp%2Fv2%2Fcomments&post=1526"}],"wp:featuredmedia":[{"embeddable":true,"href":"https:\/\/frenchyfondant.fr\/index.php?rest_route=\/wp\/v2\/media\/1580"}],"wp:attachment":[{"href":"https:\/\/frenchyfondant.fr\/index.php?rest_route=%2Fwp%2Fv2%2Fmedia&parent=1526"}],"wp:term":[{"taxonomy":"product_cat","embeddable":true,"href":"https:\/\/frenchyfondant.fr\/index.php?rest_route=%2Fwp%2Fv2%2Fproduct_cat&post=1526"},{"taxonomy":"product_tag","embeddable":true,"href":"https:\/\/frenchyfondant.fr\/index.php?rest_route=%2Fwp%2Fv2%2Fproduct_tag&post=1526"}],"curies":[{"name":"wp","href":"https:\/\/api.w.org\/{rel}","templated":true}]}}