{"id":1521,"date":"2024-11-01T18:26:16","date_gmt":"2024-11-01T17:26:16","guid":{"rendered":"https:\/\/frenchyfondant.fr\/?post_type=product&#038;p=1521"},"modified":"2025-06-11T19:14:30","modified_gmt":"2025-06-11T17:14:30","slug":"pumpkin-spice","status":"publish","type":"product","link":"https:\/\/frenchyfondant.fr\/?product=pumpkin-spice","title":{"rendered":"PUMPKIN SPICE"},"content":{"rendered":"<p style=\"text-align: center;\">Fondant de bougie senteur \u00ab\u00a0pumpkin spice\u00a0\u00bb<\/p>\n<div class=\"relative flex w-full flex-col agent-turn\">\n<div class=\"flex-col gap-1 md:gap-3\">\n<div class=\"flex flex-grow flex-col max-w-full\">\n<div class=\"min-h-[20px] text-message flex flex-col items-start gap-3 whitespace-pre-wrap break-words [.text-message+&amp;]:mt-5 overflow-x-auto\" data-message-author-role=\"assistant\" data-message-id=\"22efb7ee-1243-421b-93ce-cd902868042c\">\n<div class=\"markdown prose w-full break-words dark:prose-invert dark\">\n<p style=\"text-align: center;\">Un fondant qui transporte vos sens dans un univers de d\u00e9lices automnaux. Le m\u00e9lange coco et aub\u00e9pine en t\u00eate laisse place \u00e0 un c\u0153ur gourmand de citrouille, reposant sur une base sucr\u00e9e de vanille et f\u00e8ve tonka. La fragrance de ce fondant c\u00e9l\u00e8bre la saison des r\u00e9coltes avec douceur et chaleur.<\/p>\n<\/div>\n<\/div>\n<\/div>\n<\/div>\n<\/div>\n<p style=\"text-align: center;\">100% artisanal &amp; fabriqu\u00e9 en France<\/p>\n<p style=\"text-align: center;\">Parfum sans CMR, ni phtalates &#8211; Origine Grasse<\/p>\n<p style=\"text-align: center;\">Cire de soja 100% naturelle &#8211; Origine: UE (Espagne)<\/p>\n<p style=\"text-align: center;\">Colorant naturel (d&rsquo;origine v\u00e9g\u00e9tale ou min\u00e9rale)<\/p>\n<p style=\"text-align: center;\">20g<\/p>\n","protected":false},"excerpt":{"rendered":"<p style=\"text-align: center;\">Fondant de bougie senteur \u00ab\u00a0Pumpkin spice\u00a0\u00bb<\/p>\n<div class=\"relative flex w-full flex-col agent-turn\">\n<div class=\"flex-col gap-1 md:gap-3\">\n<div class=\"flex flex-grow flex-col max-w-full\">\n<div class=\"min-h-[20px] text-message flex flex-col items-start gap-3 whitespace-pre-wrap break-words [.text-message+&amp;]:mt-5 overflow-x-auto\" data-message-author-role=\"assistant\" data-message-id=\"22efb7ee-1243-421b-93ce-cd902868042c\">\n<div class=\"markdown prose w-full break-words dark:prose-invert dark\">\n<p style=\"text-align: center;\">Un fondant qui transporte vos sens dans un univers de d\u00e9lices automnaux. Le m\u00e9lange coco et aub\u00e9pine en t\u00eate laisse place \u00e0 un c\u0153ur gourmand de citrouille, reposant sur une base sucr\u00e9e de vanille et f\u00e8ve tonka. La fragrance de ce fondant c\u00e9l\u00e8bre la saison des r\u00e9coltes avec douceur et chaleur.<\/p>\n<\/div>\n<\/div>\n<\/div>\n<\/div>\n<\/div>\n","protected":false},"featured_media":1589,"comment_status":"open","ping_status":"closed","template":"","meta":{"om_disable_all_campaigns":false,"_monsterinsights_skip_tracking":false,"_monsterinsights_sitenote_active":false,"_monsterinsights_sitenote_note":"","_monsterinsights_sitenote_category":0},"product_cat":[38,41,36],"product_tag":[],"aioseo_notices":[],"jetpack_sharing_enabled":true,"_links":{"self":[{"href":"https:\/\/frenchyfondant.fr\/index.php?rest_route=\/wp\/v2\/product\/1521"}],"collection":[{"href":"https:\/\/frenchyfondant.fr\/index.php?rest_route=\/wp\/v2\/product"}],"about":[{"href":"https:\/\/frenchyfondant.fr\/index.php?rest_route=\/wp\/v2\/types\/product"}],"replies":[{"embeddable":true,"href":"https:\/\/frenchyfondant.fr\/index.php?rest_route=%2Fwp%2Fv2%2Fcomments&post=1521"}],"wp:featuredmedia":[{"embeddable":true,"href":"https:\/\/frenchyfondant.fr\/index.php?rest_route=\/wp\/v2\/media\/1589"}],"wp:attachment":[{"href":"https:\/\/frenchyfondant.fr\/index.php?rest_route=%2Fwp%2Fv2%2Fmedia&parent=1521"}],"wp:term":[{"taxonomy":"product_cat","embeddable":true,"href":"https:\/\/frenchyfondant.fr\/index.php?rest_route=%2Fwp%2Fv2%2Fproduct_cat&post=1521"},{"taxonomy":"product_tag","embeddable":true,"href":"https:\/\/frenchyfondant.fr\/index.php?rest_route=%2Fwp%2Fv2%2Fproduct_tag&post=1521"}],"curies":[{"name":"wp","href":"https:\/\/api.w.org\/{rel}","templated":true}]}}