{"id":1518,"date":"2024-11-01T18:17:15","date_gmt":"2024-11-01T17:17:15","guid":{"rendered":"https:\/\/frenchyfondant.fr\/?post_type=product&#038;p=1518"},"modified":"2025-09-01T10:52:30","modified_gmt":"2025-09-01T08:52:30","slug":"cafe-praline","status":"publish","type":"product","link":"https:\/\/frenchyfondant.fr\/?product=cafe-praline","title":{"rendered":"CAF\u00c9 &#8211; PRALIN\u00c9"},"content":{"rendered":"<p style=\"text-align: center;\">Fondant de bougie senteur \u00ab\u00a0Caf\u00e9 pralin\u00e9\u00a0\u00bb<\/p>\n<p style=\"text-align: center;\">La senteur caf\u00e9 pralin\u00e9 \u00e9voque une ambiance gourmande et chaleureuse. Elle marie l\u2019ar\u00f4me intense et l\u00e9g\u00e8rement amer du caf\u00e9 fra\u00eechement moulu \u00e0 la douceur sucr\u00e9e et cr\u00e9meuse du pralin\u00e9. Cette senteur se distingue par des notes riches de noisette caram\u00e9lis\u00e9e, envelopp\u00e9es d&rsquo;une touche de vanille, qui rappelle un dessert luxueux. Ensemble, ces accords cr\u00e9ent une atmosph\u00e8re r\u00e9confortante, parfaite pour les amateurs de fragrances gourmandes et enveloppantes, inspirant l&rsquo;image d&rsquo;un caf\u00e9 cozy o\u00f9 l&rsquo;on savoure une p\u00e2tisserie.<\/p>\n<p style=\"text-align: center;\">100% artisanal &amp; fabriqu\u00e9 en France<\/p>\n<p style=\"text-align: center;\">Parfum sans CMR, ni phtalates &#8211; Origine Grasse<\/p>\n<p style=\"text-align: center;\">Cire de soja 100% naturelle &#8211; Origine: UE (Espagne)<\/p>\n<p style=\"text-align: center;\">Colorant naturel (d&rsquo;origine v\u00e9g\u00e9tale ou min\u00e9rale)<\/p>\n<p style=\"text-align: center;\">20g<\/p>\n","protected":false},"excerpt":{"rendered":"<p style=\"text-align: center;\">Fondant de bougie senteur \u00ab\u00a0Caf\u00e9-pralin\u00e9\u00a0\u00bb<\/p>\n<p style=\"text-align: center;\">La senteur caf\u00e9 pralin\u00e9 \u00e9voque une ambiance gourmande et chaleureuse. Elle marie l\u2019ar\u00f4me intense et l\u00e9g\u00e8rement amer du caf\u00e9 fra\u00eechement moulu \u00e0 la douceur sucr\u00e9e et cr\u00e9meuse du pralin\u00e9. Cette senteur se distingue par des notes riches de noisette caram\u00e9lis\u00e9e, envelopp\u00e9es d&rsquo;une touche de vanille, qui rappelle un dessert luxueux. Ensemble, ces accords cr\u00e9ent une atmosph\u00e8re r\u00e9confortante, parfaite pour les amateurs de fragrances gourmandes et enveloppantes, inspirant l&rsquo;image d&rsquo;un caf\u00e9 cozy o\u00f9 l&rsquo;on savoure une p\u00e2tisserie.<\/p>\n<p style=\"text-align: center;\">\n","protected":false},"featured_media":1590,"comment_status":"open","ping_status":"closed","template":"","meta":{"om_disable_all_campaigns":false,"_monsterinsights_skip_tracking":false,"_monsterinsights_sitenote_active":false,"_monsterinsights_sitenote_note":"","_monsterinsights_sitenote_category":0},"product_cat":[38,37],"product_tag":[],"aioseo_notices":[],"jetpack_sharing_enabled":true,"_links":{"self":[{"href":"https:\/\/frenchyfondant.fr\/index.php?rest_route=\/wp\/v2\/product\/1518"}],"collection":[{"href":"https:\/\/frenchyfondant.fr\/index.php?rest_route=\/wp\/v2\/product"}],"about":[{"href":"https:\/\/frenchyfondant.fr\/index.php?rest_route=\/wp\/v2\/types\/product"}],"replies":[{"embeddable":true,"href":"https:\/\/frenchyfondant.fr\/index.php?rest_route=%2Fwp%2Fv2%2Fcomments&post=1518"}],"wp:featuredmedia":[{"embeddable":true,"href":"https:\/\/frenchyfondant.fr\/index.php?rest_route=\/wp\/v2\/media\/1590"}],"wp:attachment":[{"href":"https:\/\/frenchyfondant.fr\/index.php?rest_route=%2Fwp%2Fv2%2Fmedia&parent=1518"}],"wp:term":[{"taxonomy":"product_cat","embeddable":true,"href":"https:\/\/frenchyfondant.fr\/index.php?rest_route=%2Fwp%2Fv2%2Fproduct_cat&post=1518"},{"taxonomy":"product_tag","embeddable":true,"href":"https:\/\/frenchyfondant.fr\/index.php?rest_route=%2Fwp%2Fv2%2Fproduct_tag&post=1518"}],"curies":[{"name":"wp","href":"https:\/\/api.w.org\/{rel}","templated":true}]}}