{"id":1422,"date":"2024-05-21T15:58:34","date_gmt":"2024-05-21T13:58:34","guid":{"rendered":"https:\/\/frenchyfondant.fr\/?post_type=product&#038;p=1422"},"modified":"2025-02-01T01:01:00","modified_gmt":"2025-02-01T00:01:00","slug":"citron","status":"publish","type":"product","link":"https:\/\/frenchyfondant.fr\/?product=citron","title":{"rendered":"CITRON"},"content":{"rendered":"<p style=\"text-align: center;\">Fondant de bougie senteur Citron<\/p>\n<p style=\"text-align: center;\">\u00c9veillez vos sens avec ce fondant de bougie parfum\u00e9 au citron et agrumes. L&rsquo;eucalyptus piquant se marie harmonieusement avec les notes lumineuses d&rsquo;orange et de citron vert, le tout sur une toile de fond rafra\u00eechissante de citronnelle, \u00e9voquant une matin\u00e9e ensoleill\u00e9e dans un jardin d&rsquo;agrumes florissant.<\/p>\n<p style=\"text-align: center;\">100% artisanal &amp; fabriqu\u00e9 en France<\/p>\n<p style=\"text-align: center;\">Parfum sans CMR, ni Phtalate &#8211; Origine Grasse<\/p>\n<p style=\"text-align: center;\">Cire de soja 100% naturelle &#8211; Origine: UE (Espagne)<\/p>\n<p style=\"text-align: center;\">Colorant naturel (d&rsquo;origine v\u00e9g\u00e9tale ou min\u00e9rale)<\/p>\n<p style=\"text-align: center;\">\n","protected":false},"excerpt":{"rendered":"<p style=\"text-align: center;\">Fondant de bougie senteur Citron<\/p>\n<p style=\"text-align: center;\">\u00c9veillez vos sens avec ce fondant de bougie parfum\u00e9 au citron et agrumes. L&rsquo;eucalyptus piquant se marie harmonieusement avec les notes lumineuses d&rsquo;orange et de citron vert, le tout sur une toile de fond rafra\u00eechissante de citronnelle, \u00e9voquant une matin\u00e9e ensoleill\u00e9e dans un jardin d&rsquo;agrumes florissant.<\/p>\n","protected":false},"featured_media":1427,"comment_status":"open","ping_status":"closed","template":"","meta":{"om_disable_all_campaigns":false,"_monsterinsights_skip_tracking":false,"_monsterinsights_sitenote_active":false,"_monsterinsights_sitenote_note":"","_monsterinsights_sitenote_category":0},"product_cat":[38,39,36],"product_tag":[],"aioseo_notices":[],"jetpack_sharing_enabled":true,"_links":{"self":[{"href":"https:\/\/frenchyfondant.fr\/index.php?rest_route=\/wp\/v2\/product\/1422"}],"collection":[{"href":"https:\/\/frenchyfondant.fr\/index.php?rest_route=\/wp\/v2\/product"}],"about":[{"href":"https:\/\/frenchyfondant.fr\/index.php?rest_route=\/wp\/v2\/types\/product"}],"replies":[{"embeddable":true,"href":"https:\/\/frenchyfondant.fr\/index.php?rest_route=%2Fwp%2Fv2%2Fcomments&post=1422"}],"wp:featuredmedia":[{"embeddable":true,"href":"https:\/\/frenchyfondant.fr\/index.php?rest_route=\/wp\/v2\/media\/1427"}],"wp:attachment":[{"href":"https:\/\/frenchyfondant.fr\/index.php?rest_route=%2Fwp%2Fv2%2Fmedia&parent=1422"}],"wp:term":[{"taxonomy":"product_cat","embeddable":true,"href":"https:\/\/frenchyfondant.fr\/index.php?rest_route=%2Fwp%2Fv2%2Fproduct_cat&post=1422"},{"taxonomy":"product_tag","embeddable":true,"href":"https:\/\/frenchyfondant.fr\/index.php?rest_route=%2Fwp%2Fv2%2Fproduct_tag&post=1422"}],"curies":[{"name":"wp","href":"https:\/\/api.w.org\/{rel}","templated":true}]}}