{"id":1300,"date":"2024-05-13T15:19:52","date_gmt":"2024-05-13T13:19:52","guid":{"rendered":"https:\/\/frenchyfondant.fr\/?post_type=product&#038;p=1300"},"modified":"2024-05-21T16:40:10","modified_gmt":"2024-05-21T14:40:10","slug":"linge-propre-tablette","status":"publish","type":"product","link":"https:\/\/frenchyfondant.fr\/?product=linge-propre-tablette","title":{"rendered":"LINGE PROPRE (Tablette)"},"content":{"rendered":"<p style=\"text-align: center;\">Tablettes senteur \u00ab\u00a0Linge propre\u00a0\u00bb<\/p>\n<p style=\"text-align: center;\">\u00a0A mettre dans les armoires\/tiroirs pour que votre linge sente bon le propre toute l&rsquo;ann\u00e9e!<\/p>\n<p style=\"text-align: center;\">Des tablettes dont la fragrance rappelle le confort et la tranquillit\u00e9 d&rsquo;un foyer accueillant. Les notes dominantes incluent des ar\u00f4mes de frais et de propre, rappelant le savon, la lessive fra\u00eechement lav\u00e9e et des touches de fleurs l\u00e9g\u00e8res comme le de jasmin. Cette senteur \u00e9voque un sentiment de propret\u00e9, de confort et de bien-\u00eatre, id\u00e9ale pour cr\u00e9er une ambiance apaisante et accueillante dans n&rsquo;importe quel espace de vie. Ideal pour les placards et les tiroirs afin de garder vos v\u00eatements et vos draps frais !<\/p>\n<p style=\"text-align: center;\"><a href=\"https:\/\/frenchyfondant.fr\/?product=linge-propre\">Existe \u00e9galement en fondant de bougie parfum\u00e9 (cannel\u00e9)<\/a><\/p>\n<p style=\"text-align: center;\">100% artisanal &amp; fabriqu\u00e9 en France<\/p>\n<p style=\"text-align: center;\">Parfum sans CMR, ni phtalates &#8211; Origine Grasse<\/p>\n<p style=\"text-align: center;\">Cire de soja 100% naturelle &#8211; Origine: UE (Espagne)<\/p>\n<p style=\"text-align: center;\">Colorant naturel (d&rsquo;origine v\u00e9g\u00e9tale ou min\u00e9rale)<\/p>\n<p style=\"text-align: center;\">20g<\/p>\n","protected":false},"excerpt":{"rendered":"<p style=\"text-align: center;\">Tablettes senteur \u00ab\u00a0Linge propre\u00a0\u00bb<\/p>\n<p style=\"text-align: center;\">\u00a0A mettre dans les armoires\/tiroirs pour que votre linge sente bon le propre toute l&rsquo;ann\u00e9e!<\/p>\n<p style=\"text-align: center;\">Des tablettes dont la fragrance rappelle le confort et la tranquillit\u00e9 d&rsquo;un foyer accueillant. Les notes dominantes incluent des ar\u00f4mes de frais et de propre, rappelant le savon, la lessive fra\u00eechement lav\u00e9e et des touches de fleurs l\u00e9g\u00e8res comme le de jasmin. Cette senteur \u00e9voque un sentiment de propret\u00e9, de confort et de bien-\u00eatre, id\u00e9ale pour cr\u00e9er une ambiance apaisante et accueillante dans n&rsquo;importe quel espace de vie. Ideal pour les placards et les tiroirs afin de garder vos v\u00eatements et vos draps frais !<\/p>\n<p style=\"text-align: center;\"><a href=\"https:\/\/frenchyfondant.fr\/?product=linge-propre\">Existe \u00e9galement en fondant de bougie parfum\u00e9 (cannel\u00e9)<\/a><\/p>\n","protected":false},"featured_media":1302,"comment_status":"open","ping_status":"closed","template":"","meta":{"om_disable_all_campaigns":false,"_monsterinsights_skip_tracking":false,"_monsterinsights_sitenote_active":false,"_monsterinsights_sitenote_note":"","_monsterinsights_sitenote_category":0},"product_cat":[38,35],"product_tag":[],"aioseo_notices":[],"jetpack_sharing_enabled":true,"_links":{"self":[{"href":"https:\/\/frenchyfondant.fr\/index.php?rest_route=\/wp\/v2\/product\/1300"}],"collection":[{"href":"https:\/\/frenchyfondant.fr\/index.php?rest_route=\/wp\/v2\/product"}],"about":[{"href":"https:\/\/frenchyfondant.fr\/index.php?rest_route=\/wp\/v2\/types\/product"}],"replies":[{"embeddable":true,"href":"https:\/\/frenchyfondant.fr\/index.php?rest_route=%2Fwp%2Fv2%2Fcomments&post=1300"}],"wp:featuredmedia":[{"embeddable":true,"href":"https:\/\/frenchyfondant.fr\/index.php?rest_route=\/wp\/v2\/media\/1302"}],"wp:attachment":[{"href":"https:\/\/frenchyfondant.fr\/index.php?rest_route=%2Fwp%2Fv2%2Fmedia&parent=1300"}],"wp:term":[{"taxonomy":"product_cat","embeddable":true,"href":"https:\/\/frenchyfondant.fr\/index.php?rest_route=%2Fwp%2Fv2%2Fproduct_cat&post=1300"},{"taxonomy":"product_tag","embeddable":true,"href":"https:\/\/frenchyfondant.fr\/index.php?rest_route=%2Fwp%2Fv2%2Fproduct_tag&post=1300"}],"curies":[{"name":"wp","href":"https:\/\/api.w.org\/{rel}","templated":true}]}}