{"id":1262,"date":"2024-04-26T17:15:30","date_gmt":"2024-04-26T15:15:30","guid":{"rendered":"https:\/\/frenchyfondant.fr\/?post_type=product&#038;p=1262"},"modified":"2025-02-01T01:01:00","modified_gmt":"2025-02-01T00:01:00","slug":"barbe-a-papa","status":"publish","type":"product","link":"https:\/\/frenchyfondant.fr\/?product=barbe-a-papa","title":{"rendered":"BONBON FRAISE"},"content":{"rendered":"<p style=\"text-align: left;\">Fondant de bougie au bonbon \u00e0 la fraise<\/p>\n<p style=\"text-align: left;\">Envie de vous sucrer le bec ? Laissez-vous tenter par ce fondant au parfum qui transporte dans un univers sucr\u00e9 et d\u00e9licieux. Il rappelle les f\u00eates foraines et les moments insouciants. Les notes vanill\u00e9es et de noix de coco \u00e9voquent la douceur des bonbons \u00e0 la fraise. De plus, ce d\u00e9lice olfactif m\u00eale harmonieusement des notes fruit\u00e9es. La fraise, la m\u00fbre et la framboise cr\u00e9ent une exp\u00e9rience sensorielle unique. Notre fondant \u00e0 la fraise devient le plaisir gourmand sans culpabilit\u00e9, vous invitant \u00e0 vous \u00e9vader. Offrez-vous un instant de douceur qui ravira vos sens et vous fera voyager \u00e0 travers les senteurs sucr\u00e9es de votre enfance.<\/p>\n<p style=\"text-align: left;\">100% artisanal &amp; fabriqu\u00e9 en France<\/p>\n<p style=\"text-align: left;\">Parfum sans CMR, ni Phtalate &#8211; Origine Grasse<\/p>\n<p style=\"text-align: left;\">Cire de soja 100% naturelle &#8211; Origine: UE (Espagne)<\/p>\n<p style=\"text-align: left;\">Colorant naturel (d&rsquo;origine v\u00e9g\u00e9tale ou min\u00e9rale)<\/p>\n<p style=\"text-align: left;\">ATTENTION: Ce fondant ne doit pas \u00eatre chauff\u00e9. Il est sp\u00e9cialement con\u00e7u pour \u00e9maner son odeur sans \u00eatre chauff\u00e9. Id\u00e9al sur un bureau, sur une table de chevet ou dans une voiture, il embaumera le lieu pendant 3 \u00e0 4 mois.<\/p>\n<p><a href=\"https:\/\/frenchyfondant.fr\/?product=bonbon-fraise-tablettes\">Existe \u00e9galement en format tablette pour mettre dans le linge, les tiroirs, les petites pi\u00e8ces. Tr\u00e8s odorant, ne doit pas \u00eatre chauff\u00e9. Posez le simplement dans la pi\u00e8ce et l&rsquo;odeur se diffuse en un rien de temps!<\/a><\/p>\n","protected":false},"excerpt":{"rendered":"<p style=\"text-align: center;\">Fondant de bougie Bonbon \u00e0 la fraise<\/p>\n<p style=\"text-align: center;\">Envie de vous sucrer le bec ? Laissez-vous tenter par ce fondant au parfum qui transporte dans un univers sucr\u00e9 et d\u00e9licieux. Il rappelle les f\u00eates foraines et les moments insouciants. Les notes vanill\u00e9es et de noix de coco \u00e9voquent la douceur des bonbons \u00e0 la fraise.<\/p>\n<p style=\"text-align: center;\">ATTENTION: <strong>Ce fondant ne doit pas \u00eatre chauff\u00e9. Il est sp\u00e9cialement con\u00e7u pour \u00e9maner son odeur sans \u00eatre chauff\u00e9. Id\u00e9al sur un bureau, sur une table de chevet ou dans une voiture, il embaumera le lieu pendant 3 \u00e0 4 mois. <\/strong><\/p>\n<p style=\"text-align: center;\"><a href=\"https:\/\/frenchyfondant.fr\/?product=bonbon-fraise-tablettes\">Existe \u00e9galement en format tablette pour mettre dans le linge, les tiroirs, les petites pi\u00e8ces. Tr\u00e8s odorant, ne doit pas \u00eatre chauff\u00e9. Posez le simplement dans la pi\u00e8ce et l&rsquo;odeur se diffuse en un rien de temps!<\/a><\/p>\n","protected":false},"featured_media":1364,"comment_status":"open","ping_status":"closed","template":"","meta":{"om_disable_all_campaigns":false,"_monsterinsights_skip_tracking":false,"_monsterinsights_sitenote_active":false,"_monsterinsights_sitenote_note":"","_monsterinsights_sitenote_category":0},"product_cat":[38,37],"product_tag":[],"aioseo_notices":[],"jetpack_sharing_enabled":true,"_links":{"self":[{"href":"https:\/\/frenchyfondant.fr\/index.php?rest_route=\/wp\/v2\/product\/1262"}],"collection":[{"href":"https:\/\/frenchyfondant.fr\/index.php?rest_route=\/wp\/v2\/product"}],"about":[{"href":"https:\/\/frenchyfondant.fr\/index.php?rest_route=\/wp\/v2\/types\/product"}],"replies":[{"embeddable":true,"href":"https:\/\/frenchyfondant.fr\/index.php?rest_route=%2Fwp%2Fv2%2Fcomments&post=1262"}],"wp:featuredmedia":[{"embeddable":true,"href":"https:\/\/frenchyfondant.fr\/index.php?rest_route=\/wp\/v2\/media\/1364"}],"wp:attachment":[{"href":"https:\/\/frenchyfondant.fr\/index.php?rest_route=%2Fwp%2Fv2%2Fmedia&parent=1262"}],"wp:term":[{"taxonomy":"product_cat","embeddable":true,"href":"https:\/\/frenchyfondant.fr\/index.php?rest_route=%2Fwp%2Fv2%2Fproduct_cat&post=1262"},{"taxonomy":"product_tag","embeddable":true,"href":"https:\/\/frenchyfondant.fr\/index.php?rest_route=%2Fwp%2Fv2%2Fproduct_tag&post=1262"}],"curies":[{"name":"wp","href":"https:\/\/api.w.org\/{rel}","templated":true}]}}