{"id":1261,"date":"2024-04-26T17:14:41","date_gmt":"2024-04-26T15:14:41","guid":{"rendered":"https:\/\/frenchyfondant.fr\/?post_type=product&#038;p=1261"},"modified":"2025-02-01T01:01:00","modified_gmt":"2025-02-01T00:01:00","slug":"amour-de-bebe","status":"publish","type":"product","link":"https:\/\/frenchyfondant.fr\/?product=amour-de-bebe","title":{"rendered":"AMOUR DE B\u00c9B\u00c9"},"content":{"rendered":"<p style=\"text-align: left;\">Fondant de bougie senteur amour de b\u00e9b\u00e9<\/p>\n<div class=\"elementor-element elementor-element-4da817c elementor-widget elementor-widget-woocommerce-product-short-description\" data-id=\"4da817c\" data-element_type=\"widget\" data-widget_type=\"woocommerce-product-short-description.default\">\n<div class=\"elementor-widget-container\">\n<div class=\"woocommerce-product-details__short-description\">\n<p>La magie d\u2019un c\u00e2lin de b\u00e9b\u00e9 se trouve dans cette bouteille enchanteresse. Les notes d\u00e9licates de rose, de jasmin et de violette s\u2019entrem\u00ealent, cr\u00e9ant un parfum floral et musqu\u00e9. Ce fondant\u00a0rappelle les doux souvenirs de l\u2019enfance gr\u00e2ce aux nuances de fond de santal et de f\u00e8ve tonka.<\/p>\n<div id=\"yrm-tuEfF\" class=\"yrm-content yrm-content-2 yrm-content-hidden\" data-id=\"2\" data-show-status=\"true\" data-after-action=\"\">\n<div id=\"yrm-inner-content-yrm-tuEfF\" class=\"yrm-inner-content-wrapper yrm-cntent-2\">Des touches l\u00e9g\u00e8res de vanille et d\u2019ambre compl\u00e8tent la fragrance, ajoutant une dimension chaleureuse et rassurante. Ce parfum \u00e9quilibr\u00e9 et apaisant enveloppe votre \u00eatre de bien-\u00eatre et de bonheur. Succombez au charme de ce parfum unique, qui capture l\u2019essence d\u2019un c\u00e2lin de b\u00e9b\u00e9. Offrez-vous un moment de r\u00e9confort et d\u2019\u00e9vasion avec cette fragrance d\u00e9licate.<\/div>\n<\/div>\n<\/div>\n<\/div>\n<\/div>\n<div class=\"elementor-element elementor-element-c2806ca elementor-widget__width-auto elementor-widget elementor-widget-woocommerce-product-price\" data-id=\"c2806ca\" data-element_type=\"widget\" data-widget_type=\"woocommerce-product-price.default\">\n<div class=\"elementor-widget-container\">\n<p>&nbsp;<\/p>\n<\/div>\n<\/div>\n<p style=\"text-align: left;\">100% artisanal &amp; fabriqu\u00e9 en France<\/p>\n<p style=\"text-align: left;\">Parfum sans CMR, ni Phtalate &#8211; Origine Grasse<\/p>\n<p style=\"text-align: left;\">Cire de soja 100% naturelle &#8211; Origine: UE (Espagne)<\/p>\n<p style=\"text-align: left;\">Colorant naturel (d&rsquo;origine v\u00e9g\u00e9tale ou min\u00e9rale)<\/p>\n<p style=\"text-align: left;\">\n","protected":false},"excerpt":{"rendered":"<p style=\"text-align: center;\">Fondant de bougie senteur amour de b\u00e9b\u00e9<\/p>\n<div class=\"elementor-element elementor-element-4da817c elementor-widget elementor-widget-woocommerce-product-short-description\" data-id=\"4da817c\" data-element_type=\"widget\" data-widget_type=\"woocommerce-product-short-description.default\">\n<div class=\"elementor-widget-container\">\n<div class=\"woocommerce-product-details__short-description\">\n<p style=\"text-align: center;\">La magie d\u2019un c\u00e2lin de b\u00e9b\u00e9 se trouve dans cette bouteille enchanteresse. Les notes d\u00e9licates de rose, de jasmin et de violette s\u2019entrem\u00ealent, cr\u00e9ant un parfum floral et musqu\u00e9. Ce fondant rappelle les doux souvenirs de l\u2019enfance gr\u00e2ce aux nuances de fond de santal et de f\u00e8ve tonka. Des touches l\u00e9g\u00e8res de vanille et d\u2019ambre compl\u00e8tent la fragrance, ajoutant une dimension chaleureuse et rassurante. Ce parfum \u00e9quilibr\u00e9 et apaisant enveloppe votre \u00eatre de bien-\u00eatre et de bonheur. Succombez au charme de ce parfum unique, qui capture l\u2019essence d\u2019un c\u00e2lin de b\u00e9b\u00e9. Offrez-vous un moment de r\u00e9confort et d\u2019\u00e9vasion avec cette fragrance d\u00e9licate.<\/p>\n<\/div>\n<\/div>\n<\/div>\n","protected":false},"featured_media":1416,"comment_status":"open","ping_status":"closed","template":"","meta":{"om_disable_all_campaigns":false,"_monsterinsights_skip_tracking":false,"_monsterinsights_sitenote_active":false,"_monsterinsights_sitenote_note":"","_monsterinsights_sitenote_category":0},"product_cat":[38,35,36],"product_tag":[],"aioseo_notices":[],"jetpack_sharing_enabled":true,"_links":{"self":[{"href":"https:\/\/frenchyfondant.fr\/index.php?rest_route=\/wp\/v2\/product\/1261"}],"collection":[{"href":"https:\/\/frenchyfondant.fr\/index.php?rest_route=\/wp\/v2\/product"}],"about":[{"href":"https:\/\/frenchyfondant.fr\/index.php?rest_route=\/wp\/v2\/types\/product"}],"replies":[{"embeddable":true,"href":"https:\/\/frenchyfondant.fr\/index.php?rest_route=%2Fwp%2Fv2%2Fcomments&post=1261"}],"wp:featuredmedia":[{"embeddable":true,"href":"https:\/\/frenchyfondant.fr\/index.php?rest_route=\/wp\/v2\/media\/1416"}],"wp:attachment":[{"href":"https:\/\/frenchyfondant.fr\/index.php?rest_route=%2Fwp%2Fv2%2Fmedia&parent=1261"}],"wp:term":[{"taxonomy":"product_cat","embeddable":true,"href":"https:\/\/frenchyfondant.fr\/index.php?rest_route=%2Fwp%2Fv2%2Fproduct_cat&post=1261"},{"taxonomy":"product_tag","embeddable":true,"href":"https:\/\/frenchyfondant.fr\/index.php?rest_route=%2Fwp%2Fv2%2Fproduct_tag&post=1261"}],"curies":[{"name":"wp","href":"https:\/\/api.w.org\/{rel}","templated":true}]}}