{"id":1260,"date":"2024-04-26T17:14:30","date_gmt":"2024-04-26T15:14:30","guid":{"rendered":"https:\/\/frenchyfondant.fr\/?post_type=product&#038;p=1260"},"modified":"2025-09-01T10:51:52","modified_gmt":"2025-09-01T08:51:52","slug":"chutney-cranberry","status":"publish","type":"product","link":"https:\/\/frenchyfondant.fr\/?product=chutney-cranberry","title":{"rendered":"CHUTNEY-CRANBERRY"},"content":{"rendered":"<p style=\"text-align: center;\">Fondant de bougie senteur Chutney-Cranberry<\/p>\n<p style=\"text-align: center;\">Parce que la vie, c\u2019est comme un chutney : un m\u00e9lange de saveurs et de surprises. Avec ses notes fruit\u00e9es et gourmandes de poire et de canneberge, le parfum de ce fondant de bougie vous fera voyager dans les contr\u00e9es lointaines de l\u2019Afrique de l\u2019Est. Attention toutefois \u00e0 ne pas vous perdre dans la jungle des framboises et des airelles !<\/p>\n<p style=\"text-align: center;\">100% artisanal &amp; fabriqu\u00e9 en France<\/p>\n<p style=\"text-align: center;\">Parfum sans CMR, ni Phtalate &#8211; Origine Grasse<\/p>\n<p style=\"text-align: center;\">Cire de soja 100% naturelle &#8211; Origine: UE (Espagne)<\/p>\n<p style=\"text-align: center;\">Colorant naturel (d&rsquo;origine v\u00e9g\u00e9tale ou min\u00e9rale)<\/p>\n<p style=\"text-align: center;\">\n","protected":false},"excerpt":{"rendered":"<p style=\"text-align: center;\">Fondant de bougie senteur Chutney-Cranberry<\/p>\n<p style=\"text-align: center;\">Parce que la vie, c\u2019est comme un chutney : un m\u00e9lange de saveurs et de surprises. Avec ses notes fruit\u00e9es et gourmandes de poire et de canneberge, le parfum de ce fondant de bougie vous fera voyager dans les contr\u00e9es lointaines de l\u2019Afrique de l\u2019Est. Attention toutefois \u00e0 ne pas vous perdre dans la jungle des framboises et des airelles !<\/p>\n","protected":false},"featured_media":1371,"comment_status":"open","ping_status":"closed","template":"","meta":{"om_disable_all_campaigns":false,"_monsterinsights_skip_tracking":false,"_monsterinsights_sitenote_active":false,"_monsterinsights_sitenote_note":"","_monsterinsights_sitenote_category":0},"product_cat":[38,41,36],"product_tag":[],"aioseo_notices":[],"jetpack_sharing_enabled":true,"_links":{"self":[{"href":"https:\/\/frenchyfondant.fr\/index.php?rest_route=\/wp\/v2\/product\/1260"}],"collection":[{"href":"https:\/\/frenchyfondant.fr\/index.php?rest_route=\/wp\/v2\/product"}],"about":[{"href":"https:\/\/frenchyfondant.fr\/index.php?rest_route=\/wp\/v2\/types\/product"}],"replies":[{"embeddable":true,"href":"https:\/\/frenchyfondant.fr\/index.php?rest_route=%2Fwp%2Fv2%2Fcomments&post=1260"}],"wp:featuredmedia":[{"embeddable":true,"href":"https:\/\/frenchyfondant.fr\/index.php?rest_route=\/wp\/v2\/media\/1371"}],"wp:attachment":[{"href":"https:\/\/frenchyfondant.fr\/index.php?rest_route=%2Fwp%2Fv2%2Fmedia&parent=1260"}],"wp:term":[{"taxonomy":"product_cat","embeddable":true,"href":"https:\/\/frenchyfondant.fr\/index.php?rest_route=%2Fwp%2Fv2%2Fproduct_cat&post=1260"},{"taxonomy":"product_tag","embeddable":true,"href":"https:\/\/frenchyfondant.fr\/index.php?rest_route=%2Fwp%2Fv2%2Fproduct_tag&post=1260"}],"curies":[{"name":"wp","href":"https:\/\/api.w.org\/{rel}","templated":true}]}}