{"id":1257,"date":"2024-04-26T17:11:22","date_gmt":"2024-04-26T15:11:22","guid":{"rendered":"https:\/\/frenchyfondant.fr\/?post_type=product&#038;p=1257"},"modified":"2025-02-01T01:01:00","modified_gmt":"2025-02-01T00:01:00","slug":"agrumes-sauge","status":"publish","type":"product","link":"https:\/\/frenchyfondant.fr\/?product=agrumes-sauge","title":{"rendered":"AGRUMES &#038; SAUGE"},"content":{"rendered":"<p style=\"text-align: center;\">Fondant de bougie senteur agrumes et sauge<\/p>\n<div class=\"elementor-element elementor-element-4da817c elementor-widget elementor-widget-woocommerce-product-short-description\" style=\"text-align: center;\" data-id=\"4da817c\" data-element_type=\"widget\" data-widget_type=\"woocommerce-product-short-description.default\">\n<div class=\"elementor-widget-container\">\n<div class=\"woocommerce-product-details__short-description\">\n<p>D\u00e9couvrez un concentr\u00e9 olfactif qui \u00e9veille les sens et dynamise votre quotidien ! Notre fondant parfum\u00e9, impr\u00e9gn\u00e9 de notes d&rsquo;agrumes et de sauge, vous transporte instantan\u00e9ment dans un univers de fra\u00eecheur et de vitalit\u00e9. Compos\u00e9 d&rsquo;une fusion audacieuse de mandarine, de citron, de cardamome et de basilic, ce fondant est un v\u00e9ritable hymne \u00e0 la nature printani\u00e8re. Enveloppez-vous dans un tourbillon de senteurs hesp\u00e9rid\u00e9es et florales, qui vous procurera une sensation de bien-\u00eatre incomparable. Nos notes musqu\u00e9es et bois\u00e9es de sauge, de santal et de musc vous offrent ensuite un r\u00e9confort apaisant, id\u00e9al pour apaiser les journ\u00e9es les plus mouvement\u00e9es. Avec notre Fondant de Bougie, m\u00eame dans l&rsquo;agitation, le sourire reste votre plus fid\u00e8le alli\u00e9.<\/p>\n<\/div>\n<\/div>\n<\/div>\n<div class=\"elementor-element elementor-element-c2806ca elementor-widget__width-auto elementor-widget elementor-widget-woocommerce-product-price\" data-id=\"c2806ca\" data-element_type=\"widget\" data-widget_type=\"woocommerce-product-price.default\">\n<div class=\"elementor-widget-container\">\n<div id=\"yrm-JslHo\" class=\"yrm-content yrm-content-2 yrm-content-hidden\" data-id=\"2\" data-show-status=\"true\" data-after-action=\"\">\n<div style=\"text-align: center;\"><\/div>\n<\/div>\n<\/div>\n<\/div>\n<p style=\"text-align: left;\">100% artisanal &amp; fabriqu\u00e9 en France<\/p>\n<p style=\"text-align: left;\">Parfum sans CMR, ni Phtalate &#8211; Origine Grasse<\/p>\n<p style=\"text-align: left;\">Cire de soja 100% naturelle &#8211; Origine: UE (Espagne)<\/p>\n<p style=\"text-align: left;\">Colorant naturel (d&rsquo;origine v\u00e9g\u00e9tale ou min\u00e9rale)<\/p>\n<p style=\"text-align: left;\">\n","protected":false},"excerpt":{"rendered":"<p style=\"text-align: center;\">Fondant de bougie senteur agrumes et sauge<\/p>\n<div class=\"elementor-element elementor-element-4da817c elementor-widget elementor-widget-woocommerce-product-short-description\" style=\"text-align: center;\" data-id=\"4da817c\" data-element_type=\"widget\" data-widget_type=\"woocommerce-product-short-description.default\">\n<div class=\"elementor-widget-container\">\n<div class=\"woocommerce-product-details__short-description\">\n<p>D\u00e9couvrez un concentr\u00e9 olfactif qui \u00e9veille les sens et dynamise votre quotidien ! Notre fondant parfum\u00e9, impr\u00e9gn\u00e9 de notes d&rsquo;agrumes et de sauge, vous transporte instantan\u00e9ment dans un univers de fra\u00eecheur et de vitalit\u00e9. Compos\u00e9 d&rsquo;une fusion audacieuse de mandarine, de citron, de cardamome et de basilic, ce fondant est un v\u00e9ritable hymne \u00e0 la nature printani\u00e8re.<\/p>\n<\/div>\n<\/div>\n<\/div>\n","protected":false},"featured_media":1419,"comment_status":"open","ping_status":"closed","template":"","meta":{"om_disable_all_campaigns":false,"_monsterinsights_skip_tracking":false,"_monsterinsights_sitenote_active":false,"_monsterinsights_sitenote_note":"","_monsterinsights_sitenote_category":0},"product_cat":[38,36],"product_tag":[],"aioseo_notices":[],"jetpack_sharing_enabled":true,"_links":{"self":[{"href":"https:\/\/frenchyfondant.fr\/index.php?rest_route=\/wp\/v2\/product\/1257"}],"collection":[{"href":"https:\/\/frenchyfondant.fr\/index.php?rest_route=\/wp\/v2\/product"}],"about":[{"href":"https:\/\/frenchyfondant.fr\/index.php?rest_route=\/wp\/v2\/types\/product"}],"replies":[{"embeddable":true,"href":"https:\/\/frenchyfondant.fr\/index.php?rest_route=%2Fwp%2Fv2%2Fcomments&post=1257"}],"wp:featuredmedia":[{"embeddable":true,"href":"https:\/\/frenchyfondant.fr\/index.php?rest_route=\/wp\/v2\/media\/1419"}],"wp:attachment":[{"href":"https:\/\/frenchyfondant.fr\/index.php?rest_route=%2Fwp%2Fv2%2Fmedia&parent=1257"}],"wp:term":[{"taxonomy":"product_cat","embeddable":true,"href":"https:\/\/frenchyfondant.fr\/index.php?rest_route=%2Fwp%2Fv2%2Fproduct_cat&post=1257"},{"taxonomy":"product_tag","embeddable":true,"href":"https:\/\/frenchyfondant.fr\/index.php?rest_route=%2Fwp%2Fv2%2Fproduct_tag&post=1257"}],"curies":[{"name":"wp","href":"https:\/\/api.w.org\/{rel}","templated":true}]}}