{"id":1256,"date":"2024-04-26T17:11:12","date_gmt":"2024-04-26T15:11:12","guid":{"rendered":"https:\/\/frenchyfondant.fr\/?post_type=product&#038;p=1256"},"modified":"2025-06-11T19:14:46","modified_gmt":"2025-06-11T17:14:46","slug":"pralines","status":"publish","type":"product","link":"https:\/\/frenchyfondant.fr\/?product=pralines","title":{"rendered":"PRALINES"},"content":{"rendered":"<p style=\"text-align: left;\">Fondant de bougie senteur pralines<\/p>\n<p>Voyagez dans un univers gourmand o\u00f9 chaque note \u00e9voque la douceur des pralines craquantes. Les notes de t\u00eate, combinant le sucre et le lait chaud, cr\u00e9ent une ouverture enveloppante et r\u00e9confortante. En c\u0153ur, le pralin\u00e9 r\u00e8gne en ma\u00eetre, offrant une explosion de gourmandise. La finale de musc et de cr\u00e8me br\u00fbl\u00e9e apporte une rondeur addictive, une ode \u00e0 la gourmandise qui ravira les amateurs de douceurs.<\/p>\n<p style=\"text-align: left;\">100% artisanal &amp; fabriqu\u00e9 en France<\/p>\n<p style=\"text-align: left;\">Parfum sans CMR, ni Phtalate &#8211; Origine Grasse<\/p>\n<p style=\"text-align: left;\">Cire de soja 100% naturelle &#8211; Origine: UE (Espagne)<\/p>\n<p style=\"text-align: left;\">Colorant naturel (d&rsquo;origine v\u00e9g\u00e9tale ou min\u00e9rale)<\/p>\n<p style=\"text-align: left;\">\n","protected":false},"excerpt":{"rendered":"<p style=\"text-align: center;\">Fondant de bougie senteur pralines<\/p>\n<p style=\"text-align: center;\">Voyagez dans un univers gourmand o\u00f9 chaque note \u00e9voque la douceur des pralines craquantes. Les notes de t\u00eate, combinant le sucre et le lait chaud, cr\u00e9ent une ouverture enveloppante et r\u00e9confortante. En c\u0153ur, le pralin\u00e9 r\u00e8gne en ma\u00eetre, offrant une explosion de gourmandise. La finale de musc et de cr\u00e8me br\u00fbl\u00e9e apporte une rondeur addictive, une ode \u00e0 la gourmandise qui ravira les amateurs de douceurs.<\/p>\n","protected":false},"featured_media":1357,"comment_status":"open","ping_status":"closed","template":"","meta":{"om_disable_all_campaigns":false,"_monsterinsights_skip_tracking":false,"_monsterinsights_sitenote_active":false,"_monsterinsights_sitenote_note":"","_monsterinsights_sitenote_category":0},"product_cat":[38,37],"product_tag":[],"aioseo_notices":[],"jetpack_sharing_enabled":true,"_links":{"self":[{"href":"https:\/\/frenchyfondant.fr\/index.php?rest_route=\/wp\/v2\/product\/1256"}],"collection":[{"href":"https:\/\/frenchyfondant.fr\/index.php?rest_route=\/wp\/v2\/product"}],"about":[{"href":"https:\/\/frenchyfondant.fr\/index.php?rest_route=\/wp\/v2\/types\/product"}],"replies":[{"embeddable":true,"href":"https:\/\/frenchyfondant.fr\/index.php?rest_route=%2Fwp%2Fv2%2Fcomments&post=1256"}],"wp:featuredmedia":[{"embeddable":true,"href":"https:\/\/frenchyfondant.fr\/index.php?rest_route=\/wp\/v2\/media\/1357"}],"wp:attachment":[{"href":"https:\/\/frenchyfondant.fr\/index.php?rest_route=%2Fwp%2Fv2%2Fmedia&parent=1256"}],"wp:term":[{"taxonomy":"product_cat","embeddable":true,"href":"https:\/\/frenchyfondant.fr\/index.php?rest_route=%2Fwp%2Fv2%2Fproduct_cat&post=1256"},{"taxonomy":"product_tag","embeddable":true,"href":"https:\/\/frenchyfondant.fr\/index.php?rest_route=%2Fwp%2Fv2%2Fproduct_tag&post=1256"}],"curies":[{"name":"wp","href":"https:\/\/api.w.org\/{rel}","templated":true}]}}