{"id":1255,"date":"2024-04-26T17:08:38","date_gmt":"2024-04-26T15:08:38","guid":{"rendered":"https:\/\/frenchyfondant.fr\/?post_type=product&#038;p=1255"},"modified":"2025-02-01T01:01:00","modified_gmt":"2025-02-01T00:01:00","slug":"mure-myrtille","status":"publish","type":"product","link":"https:\/\/frenchyfondant.fr\/?product=mure-myrtille","title":{"rendered":"M\u00dbRE-MYRTILLE"},"content":{"rendered":"<p style=\"text-align: center;\">Fondant de bougie senteur m\u00fbre-myrtille<\/p>\n<div class=\"description\" style=\"text-align: center;\">\n<div class=\"desc\">Plongez dans une aventure fruit\u00e9e et gourmande avec notre fondant de bougie parfum\u00e9 \u00e0 la m\u00fbre-myrtille, d\u00e9butant avec des notes sucr\u00e9es de caramel et de violette. Le duo juteux de m\u00fbre et de myrtille dans le c\u0153ur de la fragrance se marie parfaitement avec les notes de fond de musc et de vanille, pour une explosion fruit\u00e9e enivrante.<\/div>\n<\/div>\n<div class=\"rightSide\" style=\"text-align: center;\">\n<div class=\"pyramide\"><\/div>\n<\/div>\n<p style=\"text-align: center;\">100% artisanal &amp; fabriqu\u00e9 en France<\/p>\n<p style=\"text-align: center;\">Parfum sans CMR, ni Phtalate &#8211; Origine Grasse<\/p>\n<p style=\"text-align: center;\">Cire de soja 100% naturelle &#8211; Origine: UE (Espagne)<\/p>\n<p style=\"text-align: center;\">Colorant naturel (d&rsquo;origine v\u00e9g\u00e9tale ou min\u00e9rale)<\/p>\n<p style=\"text-align: left;\">\n","protected":false},"excerpt":{"rendered":"<p style=\"text-align: center;\">Fondant de bougie senteur m\u00fbre-myrtille<\/p>\n<div class=\"description\" style=\"text-align: center;\">\n<div class=\"desc\">Plongez dans une aventure fruit\u00e9e et gourmande avec notre fondant de bougie parfum\u00e9 \u00e0 la m\u00fbre-myrtille, d\u00e9butant avec des notes sucr\u00e9es de caramel et de violette. Le duo juteux de m\u00fbre et de myrtille dans le c\u0153ur de la fragrance se marie parfaitement avec les notes de fond de musc et de vanille, pour une explosion fruit\u00e9e enivrante.<\/div>\n<\/div>\n<div class=\"rightSide\">\n<div class=\"pyramide\"><\/div>\n<\/div>\n","protected":false},"featured_media":1401,"comment_status":"open","ping_status":"closed","template":"","meta":{"om_disable_all_campaigns":false,"_monsterinsights_skip_tracking":false,"_monsterinsights_sitenote_active":false,"_monsterinsights_sitenote_note":"","_monsterinsights_sitenote_category":0},"product_cat":[38,36],"product_tag":[],"aioseo_notices":[],"jetpack_sharing_enabled":true,"_links":{"self":[{"href":"https:\/\/frenchyfondant.fr\/index.php?rest_route=\/wp\/v2\/product\/1255"}],"collection":[{"href":"https:\/\/frenchyfondant.fr\/index.php?rest_route=\/wp\/v2\/product"}],"about":[{"href":"https:\/\/frenchyfondant.fr\/index.php?rest_route=\/wp\/v2\/types\/product"}],"replies":[{"embeddable":true,"href":"https:\/\/frenchyfondant.fr\/index.php?rest_route=%2Fwp%2Fv2%2Fcomments&post=1255"}],"wp:featuredmedia":[{"embeddable":true,"href":"https:\/\/frenchyfondant.fr\/index.php?rest_route=\/wp\/v2\/media\/1401"}],"wp:attachment":[{"href":"https:\/\/frenchyfondant.fr\/index.php?rest_route=%2Fwp%2Fv2%2Fmedia&parent=1255"}],"wp:term":[{"taxonomy":"product_cat","embeddable":true,"href":"https:\/\/frenchyfondant.fr\/index.php?rest_route=%2Fwp%2Fv2%2Fproduct_cat&post=1255"},{"taxonomy":"product_tag","embeddable":true,"href":"https:\/\/frenchyfondant.fr\/index.php?rest_route=%2Fwp%2Fv2%2Fproduct_tag&post=1255"}],"curies":[{"name":"wp","href":"https:\/\/api.w.org\/{rel}","templated":true}]}}