{"id":1254,"date":"2024-04-26T17:08:28","date_gmt":"2024-04-26T15:08:28","guid":{"rendered":"https:\/\/frenchyfondant.fr\/?post_type=product&#038;p=1254"},"modified":"2025-02-01T01:01:00","modified_gmt":"2025-02-01T00:01:00","slug":"cypres-bois-de-santal","status":"publish","type":"product","link":"https:\/\/frenchyfondant.fr\/?product=cypres-bois-de-santal","title":{"rendered":"CYPR\u00c8S-BOIS DE SANTAL"},"content":{"rendered":"<p style=\"text-align: center;\">Fondant de bougie senteur cypr\u00e8s-bois de santal<\/p>\n<p style=\"text-align: center;\">Le parfum de nos fondants de bougie Cypr\u00e8s-Bois de Santal fusionne harmonieusement les essences de la for\u00eat et les nuances bois\u00e9es pour cr\u00e9er une exp\u00e9rience olfactive captivante. Inspir\u00e9 par la nature luxuriante, ce parfum offre une immersion totale dans un monde de fra\u00eecheur et de tranquillit\u00e9. Les notes de t\u00eate vives de l&rsquo;aiguille de pin et du cypr\u00e8s \u00e9voquent une brise fra\u00eeche et purifiante, tandis que les accords chaleureux de l&rsquo;\u00e9pic\u00e9a, de l&rsquo;armoise et du pin des landes apportent une profondeur bois\u00e9e et terreuse au c\u0153ur de la fragrance. Enveloppant cette composition, le bois de santal et le c\u00e8dre se marient avec \u00e9l\u00e9gance, accompagn\u00e9s de la d\u00e9licatesse florale de l&rsquo;aub\u00e9pine. La douceur de la f\u00e8ve tonka et du musc ajoute une touche de subtilit\u00e9 et de raffinement, cr\u00e9ant ainsi une symphonie olfactive harmonieuse et authentique, parfaite pour ceux qui recherchent une alliance exquise entre richesse et douceur. Plongez dans l&rsquo;univers envo\u00fbtant du parfum Cypr\u00e8s-Bois de Santal et laissez-vous transporter dans un voyage sensoriel o\u00f9 la nature et l&rsquo;\u00e9l\u00e9gance se rencontrent.<\/p>\n<p style=\"text-align: center;\">100% artisanal &amp; fabriqu\u00e9 en France<\/p>\n<p style=\"text-align: center;\">Parfum sans CMR, ni Phtalates &#8211; Origine Grasse<\/p>\n<p style=\"text-align: center;\">Cire de soja 100% naturelle &#8211; Origine: UE (Espagne)<\/p>\n<p style=\"text-align: center;\">Colorant naturel (d&rsquo;origine v\u00e9g\u00e9tale ou min\u00e9rale)<\/p>\n<p style=\"text-align: left;\">\n","protected":false},"excerpt":{"rendered":"<div class=\"elementor-element elementor-element-4da817c elementor-widget elementor-widget-woocommerce-product-short-description\" data-id=\"4da817c\" data-element_type=\"widget\" data-widget_type=\"woocommerce-product-short-description.default\">\n<div class=\"elementor-widget-container\">\n<div class=\"woocommerce-product-details__short-description\">\n<p style=\"text-align: center;\">Loin des yeux, mais cypr\u00e8s du coeur<\/p>\n<\/div>\n<\/div>\n<\/div>\n<p style=\"text-align: center;\">Le parfum de nos fondants de bougie Cypr\u00e8s-Bois de Santal fusionne harmonieusement les essences de la for\u00eat et les nuances bois\u00e9es pour cr\u00e9er une exp\u00e9rience olfactive captivante. Inspir\u00e9 par la nature luxuriante, ce parfum offre une immersion totale dans un monde de fra\u00eecheur et de tranquillit\u00e9. Les notes de t\u00eate vives de l&rsquo;aiguille de pin et du cypr\u00e8s \u00e9voquent une brise fra\u00eeche et purifiante, tandis que les accords chaleureux de l&rsquo;\u00e9pic\u00e9a, de l&rsquo;armoise et du pin des landes apportent une profondeur bois\u00e9e et terreuse au c\u0153ur de la fragrance.<\/p>\n<div id=\"yrm-60Wzl\" class=\"yrm-content yrm-content-2 yrm-content-hidden\" data-id=\"2\" data-show-status=\"true\" data-after-action=\"\"><\/div>\n<p style=\"text-align: center;\">\n","protected":false},"featured_media":1313,"comment_status":"open","ping_status":"closed","template":"","meta":{"om_disable_all_campaigns":false,"_monsterinsights_skip_tracking":false,"_monsterinsights_sitenote_active":false,"_monsterinsights_sitenote_note":"","_monsterinsights_sitenote_category":0},"product_cat":[38,35,39],"product_tag":[],"aioseo_notices":[],"jetpack_sharing_enabled":true,"_links":{"self":[{"href":"https:\/\/frenchyfondant.fr\/index.php?rest_route=\/wp\/v2\/product\/1254"}],"collection":[{"href":"https:\/\/frenchyfondant.fr\/index.php?rest_route=\/wp\/v2\/product"}],"about":[{"href":"https:\/\/frenchyfondant.fr\/index.php?rest_route=\/wp\/v2\/types\/product"}],"replies":[{"embeddable":true,"href":"https:\/\/frenchyfondant.fr\/index.php?rest_route=%2Fwp%2Fv2%2Fcomments&post=1254"}],"wp:featuredmedia":[{"embeddable":true,"href":"https:\/\/frenchyfondant.fr\/index.php?rest_route=\/wp\/v2\/media\/1313"}],"wp:attachment":[{"href":"https:\/\/frenchyfondant.fr\/index.php?rest_route=%2Fwp%2Fv2%2Fmedia&parent=1254"}],"wp:term":[{"taxonomy":"product_cat","embeddable":true,"href":"https:\/\/frenchyfondant.fr\/index.php?rest_route=%2Fwp%2Fv2%2Fproduct_cat&post=1254"},{"taxonomy":"product_tag","embeddable":true,"href":"https:\/\/frenchyfondant.fr\/index.php?rest_route=%2Fwp%2Fv2%2Fproduct_tag&post=1254"}],"curies":[{"name":"wp","href":"https:\/\/api.w.org\/{rel}","templated":true}]}}