{"id":1253,"date":"2024-04-26T17:08:17","date_gmt":"2024-04-26T15:08:17","guid":{"rendered":"https:\/\/frenchyfondant.fr\/?post_type=product&#038;p=1253"},"modified":"2025-02-01T01:01:00","modified_gmt":"2025-02-01T00:01:00","slug":"muguet","status":"publish","type":"product","link":"https:\/\/frenchyfondant.fr\/?product=muguet","title":{"rendered":"LAVANDE"},"content":{"rendered":"<p style=\"text-align: left;\">Fondant de bougie senteur lavande<\/p>\n<p style=\"text-align: left;\">Offrez-vous une escapade dans les champs de lavande en fleur gr\u00e2ce \u00e0 cette cr\u00e9ation aromatique fra\u00eeche. La sauge donne le ton d\u00e8s les premi\u00e8res notes, \u00e9voquant une promenade dans un jardin matinal. Au c\u0153ur, un duo de lavande et de lavandin domine, vous enveloppant d&rsquo;un voile relaxant et apaisant. En fond, des notes chaudes de tolu, de tonka et de benjoin cr\u00e9ent une finale r\u00e9confortante et rassurante, prolongeant l&rsquo;\u00e9vasion.<\/p>\n<p style=\"text-align: left;\">100% artisanal &amp; fabriqu\u00e9 en France<\/p>\n<p style=\"text-align: left;\">Parfum sans CMR, ni Phtalate &#8211; Origine Grasse<\/p>\n<p style=\"text-align: left;\">Cire de soja 100% naturelle &#8211; Origine: UE (Espagne)<\/p>\n<p style=\"text-align: left;\">Colorant naturel (d&rsquo;origine v\u00e9g\u00e9tale ou min\u00e9rale)<\/p>\n<p style=\"text-align: left;\">\n","protected":false},"excerpt":{"rendered":"<p style=\"text-align: center;\">Fondant de bougie senteur Lavande<\/p>\n<p style=\"text-align: center;\">Offrez-vous une escapade dans les champs de lavande en fleur gr\u00e2ce \u00e0 cette cr\u00e9ation aromatique fra\u00eeche. La sauge donne le ton d\u00e8s les premi\u00e8res notes, \u00e9voquant une promenade dans un jardin matinal. Au c\u0153ur, un duo de lavande et de lavandin domine, vous enveloppant d&rsquo;un voile relaxant et apaisant. En fond, des notes chaudes de tolu, de tonka et de benjoin cr\u00e9ent une finale r\u00e9confortante et rassurante, prolongeant l&rsquo;\u00e9vasion.<\/p>\n","protected":false},"featured_media":1315,"comment_status":"open","ping_status":"closed","template":"","meta":{"om_disable_all_campaigns":false,"_monsterinsights_skip_tracking":false,"_monsterinsights_sitenote_active":false,"_monsterinsights_sitenote_note":"","_monsterinsights_sitenote_category":0},"product_cat":[38,42],"product_tag":[],"aioseo_notices":[],"jetpack_sharing_enabled":true,"_links":{"self":[{"href":"https:\/\/frenchyfondant.fr\/index.php?rest_route=\/wp\/v2\/product\/1253"}],"collection":[{"href":"https:\/\/frenchyfondant.fr\/index.php?rest_route=\/wp\/v2\/product"}],"about":[{"href":"https:\/\/frenchyfondant.fr\/index.php?rest_route=\/wp\/v2\/types\/product"}],"replies":[{"embeddable":true,"href":"https:\/\/frenchyfondant.fr\/index.php?rest_route=%2Fwp%2Fv2%2Fcomments&post=1253"}],"wp:featuredmedia":[{"embeddable":true,"href":"https:\/\/frenchyfondant.fr\/index.php?rest_route=\/wp\/v2\/media\/1315"}],"wp:attachment":[{"href":"https:\/\/frenchyfondant.fr\/index.php?rest_route=%2Fwp%2Fv2%2Fmedia&parent=1253"}],"wp:term":[{"taxonomy":"product_cat","embeddable":true,"href":"https:\/\/frenchyfondant.fr\/index.php?rest_route=%2Fwp%2Fv2%2Fproduct_cat&post=1253"},{"taxonomy":"product_tag","embeddable":true,"href":"https:\/\/frenchyfondant.fr\/index.php?rest_route=%2Fwp%2Fv2%2Fproduct_tag&post=1253"}],"curies":[{"name":"wp","href":"https:\/\/api.w.org\/{rel}","templated":true}]}}