{"id":1252,"date":"2024-04-26T17:08:07","date_gmt":"2024-04-26T15:08:07","guid":{"rendered":"https:\/\/frenchyfondant.fr\/?post_type=product&#038;p=1252"},"modified":"2025-02-01T01:01:01","modified_gmt":"2025-02-01T00:01:01","slug":"lilas","status":"publish","type":"product","link":"https:\/\/frenchyfondant.fr\/?product=lilas","title":{"rendered":"LILAS"},"content":{"rendered":"<p style=\"text-align: left;\">Fondant de bougie senteur lilas<\/p>\n<p style=\"text-align: left;\">La fragrance de notre fondant de bougie d\u00e9bute par des notes de t\u00eate d\u2019amande douce, apportant une sensation de douceur et de confort. Le c\u0153ur du parfum se compose d\u2019anis et d\u2019accords aqueux, ajoutant une fra\u00eecheur l\u00e9g\u00e8re et d\u00e9licate \u00e0 l\u2019ensemble. Enfin, les notes dominantes de lilas et de styrax viennent couronner cette composition, cr\u00e9ant une atmosph\u00e8re florale et d\u00e9licatement parfum\u00e9e. N\u2019h\u00e9sitez plus et offrez-vous un petit coin de jardin fleuri avec notre fragrance Lilas. Une ambiance olfactive qui vous transportera dans un monde de douceur et de s\u00e9r\u00e9nit\u00e9.<\/p>\n<p style=\"text-align: left;\">100% artisanal &amp; fabriqu\u00e9 en France<\/p>\n<p style=\"text-align: left;\">Parfum sans CMR, ni Phtalate &#8211; Origine Grasse<\/p>\n<p style=\"text-align: left;\">Cire de soja 100% naturelle &#8211; Origine: UE (Espagne)<\/p>\n<p style=\"text-align: left;\">Colorant naturel (d&rsquo;origine v\u00e9g\u00e9tale ou min\u00e9rale)<\/p>\n<p style=\"text-align: left;\">\n","protected":false},"excerpt":{"rendered":"<div class=\"elementor-element elementor-element-4da817c elementor-widget elementor-widget-woocommerce-product-short-description\" data-id=\"4da817c\" data-element_type=\"widget\" data-widget_type=\"woocommerce-product-short-description.default\">\n<div class=\"elementor-widget-container\">\n<div class=\"woocommerce-product-details__short-description\">\n<p style=\"text-align: center;\">Quand je vais chez la fleuriste, je n\u2019ach\u00e8te que des lilas<\/p>\n<\/div>\n<\/div>\n<\/div>\n<div class=\"elementor-element elementor-element-c2806ca elementor-widget__width-auto elementor-widget elementor-widget-woocommerce-product-price\" data-id=\"c2806ca\" data-element_type=\"widget\" data-widget_type=\"woocommerce-product-price.default\">\n<div class=\"elementor-widget-container\">\n<div id=\"yrm-mv5Vc\" class=\"yrm-content yrm-content-2 yrm-content-hidden\" data-id=\"2\" data-show-status=\"true\" data-after-action=\"\">\n<div id=\"yrm-inner-content-yrm-mv5Vc\" class=\"yrm-inner-content-wrapper yrm-cntent-2\" style=\"text-align: center;\">La fragrance de notre fondant de bougie d\u00e9bute par des notes de t\u00eate d\u2019amande douce, apportant une sensation de douceur et de confort. Le c\u0153ur du parfum se compose d\u2019anis et d\u2019accords aqueux, ajoutant une fra\u00eecheur l\u00e9g\u00e8re et d\u00e9licate \u00e0 l\u2019ensemble. Enfin, les notes dominantes de lilas et de styrax viennent couronner cette composition, cr\u00e9ant une atmosph\u00e8re florale et d\u00e9licatement parfum\u00e9e. N\u2019h\u00e9sitez plus et offrez-vous un petit coin de jardin fleuri avec notre fragrance Lilas. Une ambiance olfactive qui vous transportera dans un monde de douceur et de s\u00e9r\u00e9nit\u00e9.<\/div>\n<\/div>\n<\/div>\n<\/div>\n","protected":false},"featured_media":1402,"comment_status":"open","ping_status":"closed","template":"","meta":{"om_disable_all_campaigns":false,"_monsterinsights_skip_tracking":false,"_monsterinsights_sitenote_active":false,"_monsterinsights_sitenote_note":"","_monsterinsights_sitenote_category":0},"product_cat":[38,42],"product_tag":[],"aioseo_notices":[],"jetpack_sharing_enabled":true,"_links":{"self":[{"href":"https:\/\/frenchyfondant.fr\/index.php?rest_route=\/wp\/v2\/product\/1252"}],"collection":[{"href":"https:\/\/frenchyfondant.fr\/index.php?rest_route=\/wp\/v2\/product"}],"about":[{"href":"https:\/\/frenchyfondant.fr\/index.php?rest_route=\/wp\/v2\/types\/product"}],"replies":[{"embeddable":true,"href":"https:\/\/frenchyfondant.fr\/index.php?rest_route=%2Fwp%2Fv2%2Fcomments&post=1252"}],"wp:featuredmedia":[{"embeddable":true,"href":"https:\/\/frenchyfondant.fr\/index.php?rest_route=\/wp\/v2\/media\/1402"}],"wp:attachment":[{"href":"https:\/\/frenchyfondant.fr\/index.php?rest_route=%2Fwp%2Fv2%2Fmedia&parent=1252"}],"wp:term":[{"taxonomy":"product_cat","embeddable":true,"href":"https:\/\/frenchyfondant.fr\/index.php?rest_route=%2Fwp%2Fv2%2Fproduct_cat&post=1252"},{"taxonomy":"product_tag","embeddable":true,"href":"https:\/\/frenchyfondant.fr\/index.php?rest_route=%2Fwp%2Fv2%2Fproduct_tag&post=1252"}],"curies":[{"name":"wp","href":"https:\/\/api.w.org\/{rel}","templated":true}]}}