{"id":1250,"date":"2024-04-26T17:06:26","date_gmt":"2024-04-26T15:06:26","guid":{"rendered":"https:\/\/frenchyfondant.fr\/?post_type=product&#038;p=1250"},"modified":"2025-02-01T01:01:01","modified_gmt":"2025-02-01T00:01:01","slug":"hibiscus","status":"publish","type":"product","link":"https:\/\/frenchyfondant.fr\/?product=hibiscus","title":{"rendered":"HIBISCUS"},"content":{"rendered":"<p style=\"text-align: center;\">Fondant de bougie senteur Hibiscus<\/p>\n<p style=\"text-align: center;\">Laissez-vous s\u00e9duire par la douce \u00e9treinte florale de l&rsquo;Hibiscus, une fragrance qui \u00e9voque des images d&rsquo;un jardin tropical en fleur. Les notes de t\u00eate de fruits jaunes m\u00fbrs \u00e9veillent vos sens avant de vous laisser explorer un c\u0153ur riche et floral o\u00f9 l&rsquo;hibiscus r\u00e8gne en ma\u00eetre, cr\u00e9ant une atmosph\u00e8re vibrante et ensoleill\u00e9e. Cette belle promenade olfactive est compl\u00e9t\u00e9e par un fond doux d&rsquo;accord floral, ajoutant une profondeur et une douceur sereine \u00e0 cette exp\u00e9rience sensorielle unique.<\/p>\n<p style=\"text-align: center;\">100% artisanal &amp; fabriqu\u00e9 en France<\/p>\n<p style=\"text-align: center;\">Parfum sans CMR, ni Phtalate &#8211; Origine Grasse<\/p>\n<p style=\"text-align: center;\">Cire de soja 100% naturelle &#8211; Origine: UE (Espagne)<\/p>\n<p style=\"text-align: center;\">Colorant naturel (d&rsquo;origine v\u00e9g\u00e9tale ou min\u00e9rale)<\/p>\n<p style=\"text-align: left;\">\n","protected":false},"excerpt":{"rendered":"<p style=\"text-align: center;\">Fondant de bougie senteur Hibiscus<\/p>\n<p style=\"text-align: center;\">Laissez-vous s\u00e9duire par la douce \u00e9treinte florale de l&rsquo;Hibiscus, une fragrance qui \u00e9voque des images d&rsquo;un jardin tropical en fleur. Les notes de t\u00eate de fruits jaunes m\u00fbrs \u00e9veillent vos sens avant de vous laisser explorer un c\u0153ur riche et floral o\u00f9 l&rsquo;hibiscus r\u00e8gne en ma\u00eetre, cr\u00e9ant une atmosph\u00e8re vibrante et ensoleill\u00e9e. Cette belle promenade olfactive est compl\u00e9t\u00e9e par un fond doux d&rsquo;accord floral, ajoutant une profondeur et une douceur sereine \u00e0 cette exp\u00e9rience sensorielle unique.<\/p>\n","protected":false},"featured_media":1309,"comment_status":"open","ping_status":"closed","template":"","meta":{"om_disable_all_campaigns":false,"_monsterinsights_skip_tracking":false,"_monsterinsights_sitenote_active":false,"_monsterinsights_sitenote_note":"","_monsterinsights_sitenote_category":0},"product_cat":[38,40,36],"product_tag":[],"aioseo_notices":[],"jetpack_sharing_enabled":true,"_links":{"self":[{"href":"https:\/\/frenchyfondant.fr\/index.php?rest_route=\/wp\/v2\/product\/1250"}],"collection":[{"href":"https:\/\/frenchyfondant.fr\/index.php?rest_route=\/wp\/v2\/product"}],"about":[{"href":"https:\/\/frenchyfondant.fr\/index.php?rest_route=\/wp\/v2\/types\/product"}],"replies":[{"embeddable":true,"href":"https:\/\/frenchyfondant.fr\/index.php?rest_route=%2Fwp%2Fv2%2Fcomments&post=1250"}],"wp:featuredmedia":[{"embeddable":true,"href":"https:\/\/frenchyfondant.fr\/index.php?rest_route=\/wp\/v2\/media\/1309"}],"wp:attachment":[{"href":"https:\/\/frenchyfondant.fr\/index.php?rest_route=%2Fwp%2Fv2%2Fmedia&parent=1250"}],"wp:term":[{"taxonomy":"product_cat","embeddable":true,"href":"https:\/\/frenchyfondant.fr\/index.php?rest_route=%2Fwp%2Fv2%2Fproduct_cat&post=1250"},{"taxonomy":"product_tag","embeddable":true,"href":"https:\/\/frenchyfondant.fr\/index.php?rest_route=%2Fwp%2Fv2%2Fproduct_tag&post=1250"}],"curies":[{"name":"wp","href":"https:\/\/api.w.org\/{rel}","templated":true}]}}