{"id":1245,"date":"2024-04-26T16:49:35","date_gmt":"2024-04-26T14:49:35","guid":{"rendered":"https:\/\/frenchyfondant.fr\/?post_type=product&#038;p=1245"},"modified":"2025-02-01T01:01:00","modified_gmt":"2025-02-01T00:01:00","slug":"fleur-doranger","status":"publish","type":"product","link":"https:\/\/frenchyfondant.fr\/?product=fleur-doranger","title":{"rendered":"FLEUR D&rsquo;ORANGER"},"content":{"rendered":"<p style=\"text-align: left;\">Fondant de bougie senteur Fleur d&rsquo;oranger<\/p>\n<p style=\"text-align: left;\">Un v\u00e9ritable hymne \u00e0 la nature, ce parfum d\u00e9voile en premi\u00e8re note un petit grain p\u00e9tillant, qui s&rsquo;ouvre ensuite sur un c\u0153ur floral o\u00f9 l&rsquo;oranger est mis en lumi\u00e8re, avant de s&rsquo;arr\u00eater sur une base douce et r\u00e9confortante de f\u00e8ve tonka.<\/p>\n<p style=\"text-align: left;\">100% artisanal &amp; fabriqu\u00e9 en France<\/p>\n<p style=\"text-align: left;\">Parfum sans CMR, ni Phtalate &#8211; Origine Grasse<\/p>\n<p style=\"text-align: left;\">Cire de soja 100% naturelle &#8211; Origine: UE (Espagne)<\/p>\n<p style=\"text-align: left;\">Colorant naturel (d&rsquo;origine v\u00e9g\u00e9tale ou min\u00e9rale)<\/p>\n<p style=\"text-align: left;\">\n","protected":false},"excerpt":{"rendered":"<p style=\"text-align: center;\">Fondant de bougie senteur Fleur d&rsquo;oranger<\/p>\n<p style=\"text-align: center;\">Un v\u00e9ritable hymne \u00e0 la nature, ce parfum d\u00e9voile en premi\u00e8re note un petit grain p\u00e9tillant, qui s&rsquo;ouvre ensuite sur un c\u0153ur floral o\u00f9 l&rsquo;oranger est mis en lumi\u00e8re, avant de s&rsquo;arr\u00eater sur une base douce et r\u00e9confortante de f\u00e8ve tonka.<\/p>\n","protected":false},"featured_media":1350,"comment_status":"open","ping_status":"closed","template":"","meta":{"om_disable_all_campaigns":false,"_monsterinsights_skip_tracking":false,"_monsterinsights_sitenote_active":false,"_monsterinsights_sitenote_note":"","_monsterinsights_sitenote_category":0},"product_cat":[38,36],"product_tag":[],"aioseo_notices":[],"jetpack_sharing_enabled":true,"_links":{"self":[{"href":"https:\/\/frenchyfondant.fr\/index.php?rest_route=\/wp\/v2\/product\/1245"}],"collection":[{"href":"https:\/\/frenchyfondant.fr\/index.php?rest_route=\/wp\/v2\/product"}],"about":[{"href":"https:\/\/frenchyfondant.fr\/index.php?rest_route=\/wp\/v2\/types\/product"}],"replies":[{"embeddable":true,"href":"https:\/\/frenchyfondant.fr\/index.php?rest_route=%2Fwp%2Fv2%2Fcomments&post=1245"}],"wp:featuredmedia":[{"embeddable":true,"href":"https:\/\/frenchyfondant.fr\/index.php?rest_route=\/wp\/v2\/media\/1350"}],"wp:attachment":[{"href":"https:\/\/frenchyfondant.fr\/index.php?rest_route=%2Fwp%2Fv2%2Fmedia&parent=1245"}],"wp:term":[{"taxonomy":"product_cat","embeddable":true,"href":"https:\/\/frenchyfondant.fr\/index.php?rest_route=%2Fwp%2Fv2%2Fproduct_cat&post=1245"},{"taxonomy":"product_tag","embeddable":true,"href":"https:\/\/frenchyfondant.fr\/index.php?rest_route=%2Fwp%2Fv2%2Fproduct_tag&post=1245"}],"curies":[{"name":"wp","href":"https:\/\/api.w.org\/{rel}","templated":true}]}}