{"id":1244,"date":"2024-04-26T16:49:25","date_gmt":"2024-04-26T14:49:25","guid":{"rendered":"https:\/\/frenchyfondant.fr\/?post_type=product&#038;p=1244"},"modified":"2025-02-01T01:01:00","modified_gmt":"2025-02-01T00:01:00","slug":"poudre-de-riz","status":"publish","type":"product","link":"https:\/\/frenchyfondant.fr\/?product=poudre-de-riz","title":{"rendered":"SOIR POUDR\u00c9"},"content":{"rendered":"<p style=\"text-align: center;\">Fondant de bougie senteur Soir poudr\u00e9<\/p>\n<p style=\"text-align: center;\">\u00c9voquant l&rsquo;\u00e9l\u00e9gance intemporelle des poudres de riz d&rsquo;antan, la fragrance de ce fondant de bougie s\u00e9duit par sa douceur enveloppante. Les notes florales d&rsquo;h\u00e9liotrope et d&rsquo;aub\u00e9pine se marient harmonieusement, introduisant une fragrance \u00e0 la fois douce et romantique. Au c\u0153ur, un bouquet floral d\u00e9licat se m\u00eale \u00e0 des notes de musc, cr\u00e9ant une ambiance raffin\u00e9e et apaisante. En fin de parcours, la vanille s&rsquo;unie \u00e0 la f\u00e8ve tonka, laissant une empreinte douce et velout\u00e9e dans votre int\u00e9rieur.<\/p>\n<p style=\"text-align: center;\">100% artisanal &amp; fabriqu\u00e9 en France<\/p>\n<p style=\"text-align: center;\">Parfum sans CMR, ni Phtalate &#8211; Origine Grasse<\/p>\n<p style=\"text-align: center;\">Cire de soja 100% naturelle &#8211; Origine: UE (Espagne)<\/p>\n<p style=\"text-align: center;\">Colorant naturel (d&rsquo;origine v\u00e9g\u00e9tale ou min\u00e9rale)<\/p>\n","protected":false},"excerpt":{"rendered":"<p style=\"text-align: center;\">Fondant de bougie senteur Soir poudr\u00e9<\/p>\n<p style=\"text-align: center;\">\u00c9voquant l&rsquo;\u00e9l\u00e9gance intemporelle des poudres de riz d&rsquo;antan, la fragrance de ce fondant de bougie s\u00e9duit par sa douceur enveloppante. Les notes florales d&rsquo;h\u00e9liotrope et d&rsquo;aub\u00e9pine se marient harmonieusement, introduisant une fragrance \u00e0 la fois douce et romantique. Au c\u0153ur, un bouquet floral d\u00e9licat se m\u00eale \u00e0 des notes de musc, cr\u00e9ant une ambiance raffin\u00e9e et apaisante. En fin de parcours, la vanille s&rsquo;unie \u00e0 la f\u00e8ve tonka, laissant une empreinte douce et velout\u00e9e dans votre int\u00e9rieur.<\/p>\n","protected":false},"featured_media":1403,"comment_status":"open","ping_status":"closed","template":"","meta":{"om_disable_all_campaigns":false,"_monsterinsights_skip_tracking":false,"_monsterinsights_sitenote_active":false,"_monsterinsights_sitenote_note":"","_monsterinsights_sitenote_category":0},"product_cat":[38,35],"product_tag":[],"aioseo_notices":[],"jetpack_sharing_enabled":true,"_links":{"self":[{"href":"https:\/\/frenchyfondant.fr\/index.php?rest_route=\/wp\/v2\/product\/1244"}],"collection":[{"href":"https:\/\/frenchyfondant.fr\/index.php?rest_route=\/wp\/v2\/product"}],"about":[{"href":"https:\/\/frenchyfondant.fr\/index.php?rest_route=\/wp\/v2\/types\/product"}],"replies":[{"embeddable":true,"href":"https:\/\/frenchyfondant.fr\/index.php?rest_route=%2Fwp%2Fv2%2Fcomments&post=1244"}],"wp:featuredmedia":[{"embeddable":true,"href":"https:\/\/frenchyfondant.fr\/index.php?rest_route=\/wp\/v2\/media\/1403"}],"wp:attachment":[{"href":"https:\/\/frenchyfondant.fr\/index.php?rest_route=%2Fwp%2Fv2%2Fmedia&parent=1244"}],"wp:term":[{"taxonomy":"product_cat","embeddable":true,"href":"https:\/\/frenchyfondant.fr\/index.php?rest_route=%2Fwp%2Fv2%2Fproduct_cat&post=1244"},{"taxonomy":"product_tag","embeddable":true,"href":"https:\/\/frenchyfondant.fr\/index.php?rest_route=%2Fwp%2Fv2%2Fproduct_tag&post=1244"}],"curies":[{"name":"wp","href":"https:\/\/api.w.org\/{rel}","templated":true}]}}