{"id":1242,"date":"2024-04-26T16:47:24","date_gmt":"2024-04-26T14:47:24","guid":{"rendered":"https:\/\/frenchyfondant.fr\/?post_type=product&#038;p=1242"},"modified":"2025-02-01T01:01:00","modified_gmt":"2025-02-01T00:01:00","slug":"fleur-de-coton","status":"publish","type":"product","link":"https:\/\/frenchyfondant.fr\/?product=fleur-de-coton","title":{"rendered":"FLEUR DE COTON"},"content":{"rendered":"<p style=\"text-align: left;\">Fondant de bougie senteur fleur de coton<\/p>\n<p style=\"text-align: left;\">\u00c9voquant la douceur d&rsquo;un linge frais, le parfum de ce fondant de bougie s&rsquo;ouvre sur des notes douces de rose et d&rsquo;ylang-ylang, d\u00e9voilant ensuite un c\u0153ur floral de jasmin et de fleur de coton, pour finir sur une base apaisante de musc et de f\u00e8ve tonka.<\/p>\n<p style=\"text-align: left;\">100% artisanal &amp; fabriqu\u00e9 en France<\/p>\n<p style=\"text-align: left;\">Parfum sans CMR, ni Phtalate &#8211; Origine Grasse<\/p>\n<p style=\"text-align: left;\">Cire de soja 100% naturelle &#8211; Origine: UE (Espagne)<\/p>\n<p style=\"text-align: left;\">Colorant naturel (d&rsquo;origine v\u00e9g\u00e9tale ou min\u00e9rale)<\/p>\n<p style=\"text-align: left;\">\n","protected":false},"excerpt":{"rendered":"<p style=\"text-align: center;\">Fondant de bougie senteur fleur de coton<\/p>\n<p style=\"text-align: center;\">\u00c9voquant la douceur d&rsquo;un linge frais, le parfum de ce fondant de bougie s&rsquo;ouvre sur des notes douces de rose et d&rsquo;ylang-ylang, d\u00e9voilant ensuite un c\u0153ur floral de jasmin et de fleur de coton, pour finir sur une base apaisante de musc et de f\u00e8ve tonka.<\/p>\n","protected":false},"featured_media":1340,"comment_status":"open","ping_status":"closed","template":"","meta":{"om_disable_all_campaigns":false,"_monsterinsights_skip_tracking":false,"_monsterinsights_sitenote_active":false,"_monsterinsights_sitenote_note":"","_monsterinsights_sitenote_category":0},"product_cat":[38,35],"product_tag":[],"aioseo_notices":[],"jetpack_sharing_enabled":true,"_links":{"self":[{"href":"https:\/\/frenchyfondant.fr\/index.php?rest_route=\/wp\/v2\/product\/1242"}],"collection":[{"href":"https:\/\/frenchyfondant.fr\/index.php?rest_route=\/wp\/v2\/product"}],"about":[{"href":"https:\/\/frenchyfondant.fr\/index.php?rest_route=\/wp\/v2\/types\/product"}],"replies":[{"embeddable":true,"href":"https:\/\/frenchyfondant.fr\/index.php?rest_route=%2Fwp%2Fv2%2Fcomments&post=1242"}],"wp:featuredmedia":[{"embeddable":true,"href":"https:\/\/frenchyfondant.fr\/index.php?rest_route=\/wp\/v2\/media\/1340"}],"wp:attachment":[{"href":"https:\/\/frenchyfondant.fr\/index.php?rest_route=%2Fwp%2Fv2%2Fmedia&parent=1242"}],"wp:term":[{"taxonomy":"product_cat","embeddable":true,"href":"https:\/\/frenchyfondant.fr\/index.php?rest_route=%2Fwp%2Fv2%2Fproduct_cat&post=1242"},{"taxonomy":"product_tag","embeddable":true,"href":"https:\/\/frenchyfondant.fr\/index.php?rest_route=%2Fwp%2Fv2%2Fproduct_tag&post=1242"}],"curies":[{"name":"wp","href":"https:\/\/api.w.org\/{rel}","templated":true}]}}