{"id":1241,"date":"2024-04-26T16:47:12","date_gmt":"2024-04-26T14:47:12","guid":{"rendered":"https:\/\/frenchyfondant.fr\/?post_type=product&#038;p=1241"},"modified":"2025-02-01T01:01:00","modified_gmt":"2025-02-01T00:01:00","slug":"figue-de-solies","status":"publish","type":"product","link":"https:\/\/frenchyfondant.fr\/?product=figue-de-solies","title":{"rendered":"FIGUE DE SOLIES"},"content":{"rendered":"<p style=\"text-align: left;\">Fondant de bougie senteur Figues de Solli\u00e8s<\/p>\n<p>Le parfum de notre fondant de bougie \u00e0 la Figue de Solli\u00e8s est une v\u00e9ritable escapade olfactive dans un verger luxuriant. Cette fragrance enchanteresse se termine par un sillage d\u00e9licat de c\u00e8dre et de musc blanc pour une exp\u00e9rience olfactive inoubliable. D\u00e8s les premi\u00e8res notes, la figue et le raisin s\u2019unissent pour cr\u00e9er une harmonie fruit\u00e9e et verte. Ce qui \u00e9voquera la g\u00e9n\u00e9rosit\u00e9 et la richesse de la nature. En coeur, la rhubarbe et la framboise ajoutent une touche acidul\u00e9e et rafra\u00eechissante, capturant l\u2019essence du verger en pleine floraison. Enfin, les notes de fond de c\u00e8dre et de musc blanc apportent une profondeur bois\u00e9e et douce, enveloppant le parfum d\u2019une aura chaleureuse et apaisante.<\/p>\n<p style=\"text-align: left;\">100% artisanal &amp; fabriqu\u00e9 en France<\/p>\n<p style=\"text-align: left;\">Parfum sans CMR, ni Phtalate &#8211; Origine Grasse<\/p>\n<p style=\"text-align: left;\">Cire de soja 100% naturelle &#8211; Origine: UE (Espagne)<\/p>\n<p style=\"text-align: left;\">Colorant naturel (d&rsquo;origine v\u00e9g\u00e9tale ou min\u00e9rale)<\/p>\n<p style=\"text-align: left;\">\n","protected":false},"excerpt":{"rendered":"<div class=\"elementor-element elementor-element-4da817c elementor-widget elementor-widget-woocommerce-product-short-description\" data-id=\"4da817c\" data-element_type=\"widget\" data-widget_type=\"woocommerce-product-short-description.default\">\n<div class=\"elementor-widget-container\">\n<div class=\"woocommerce-product-details__short-description\">\n<p style=\"text-align: center;\">La d\u00e9licatesse de la Provence en quelques gouttes<\/p>\n<\/div>\n<\/div>\n<\/div>\n<div class=\"elementor-element elementor-element-c2806ca elementor-widget__width-auto elementor-widget elementor-widget-woocommerce-product-price\" data-id=\"c2806ca\" data-element_type=\"widget\" data-widget_type=\"woocommerce-product-price.default\">\n<div class=\"elementor-widget-container\">\n<p>Le parfum de notre fondant de bougie \u00e0 la Figue de Solli\u00e8s est une v\u00e9ritable escapade olfactive dans un verger luxuriant. Cette fragrance enchanteresse se termine par un sillage d\u00e9licat de c\u00e8dre et de musc blanc pour une exp\u00e9rience olfactive inoubliable.<\/p>\n<div id=\"yrm-p1xXA\" class=\"yrm-content yrm-content-2 yrm-content-hidden\" data-id=\"2\" data-show-status=\"true\" data-after-action=\"\">\n<div id=\"yrm-inner-content-yrm-p1xXA\" class=\"yrm-inner-content-wrapper yrm-cntent-2\"><\/div>\n<\/div>\n<\/div>\n<\/div>\n","protected":false},"featured_media":1317,"comment_status":"open","ping_status":"closed","template":"","meta":{"om_disable_all_campaigns":false,"_monsterinsights_skip_tracking":false,"_monsterinsights_sitenote_active":false,"_monsterinsights_sitenote_note":"","_monsterinsights_sitenote_category":0},"product_cat":[38,36],"product_tag":[],"aioseo_notices":[],"jetpack_sharing_enabled":true,"_links":{"self":[{"href":"https:\/\/frenchyfondant.fr\/index.php?rest_route=\/wp\/v2\/product\/1241"}],"collection":[{"href":"https:\/\/frenchyfondant.fr\/index.php?rest_route=\/wp\/v2\/product"}],"about":[{"href":"https:\/\/frenchyfondant.fr\/index.php?rest_route=\/wp\/v2\/types\/product"}],"replies":[{"embeddable":true,"href":"https:\/\/frenchyfondant.fr\/index.php?rest_route=%2Fwp%2Fv2%2Fcomments&post=1241"}],"wp:featuredmedia":[{"embeddable":true,"href":"https:\/\/frenchyfondant.fr\/index.php?rest_route=\/wp\/v2\/media\/1317"}],"wp:attachment":[{"href":"https:\/\/frenchyfondant.fr\/index.php?rest_route=%2Fwp%2Fv2%2Fmedia&parent=1241"}],"wp:term":[{"taxonomy":"product_cat","embeddable":true,"href":"https:\/\/frenchyfondant.fr\/index.php?rest_route=%2Fwp%2Fv2%2Fproduct_cat&post=1241"},{"taxonomy":"product_tag","embeddable":true,"href":"https:\/\/frenchyfondant.fr\/index.php?rest_route=%2Fwp%2Fv2%2Fproduct_tag&post=1241"}],"curies":[{"name":"wp","href":"https:\/\/api.w.org\/{rel}","templated":true}]}}