{"id":1240,"date":"2024-04-26T16:47:00","date_gmt":"2024-04-26T14:47:00","guid":{"rendered":"https:\/\/frenchyfondant.fr\/?post_type=product&#038;p=1240"},"modified":"2024-11-01T18:15:56","modified_gmt":"2024-11-01T17:15:56","slug":"cola","status":"publish","type":"product","link":"https:\/\/frenchyfondant.fr\/?product=cola","title":{"rendered":"COLA"},"content":{"rendered":"<p style=\"text-align: left;\">Fondant de bougie senteur Cola<\/p>\n<p style=\"text-align: left;\">Un fondant au parfum p\u00e9tillant qui capte l&rsquo;essence effervescente d&rsquo;une boisson au cola classique. Les notes de t\u00eate d&rsquo;agrumes de citron et d&rsquo;orange se m\u00ealent \u00e0 la cannelle \u00e9pic\u00e9e, reposant sur une base sucr\u00e9e de vanille et de caramel, pour une fragrance \u00e0 la fois famili\u00e8re et revitalisante.<\/p>\n<p style=\"text-align: left;\">100% artisanal &amp; fabriqu\u00e9 en France<\/p>\n<p style=\"text-align: left;\">Parfum sans CMR, ni Phtalate &#8211; Origine Grasse<\/p>\n<p style=\"text-align: left;\">Cire de soja 100% naturelle &#8211; Origine: UE (Espagne)<\/p>\n<p style=\"text-align: left;\">Colorant naturel (d&rsquo;origine v\u00e9g\u00e9tale ou min\u00e9rale)<\/p>\n<p style=\"text-align: left;\">\n","protected":false},"excerpt":{"rendered":"<p style=\"text-align: center;\">Fondant de bougie senteur Cola<\/p>\n<p style=\"text-align: center;\">Un fondant au parfum p\u00e9tillant qui capte l&rsquo;essence effervescente d&rsquo;une boisson au cola classique. Les notes de t\u00eate d&rsquo;agrumes de citron et d&rsquo;orange se m\u00ealent \u00e0 la cannelle \u00e9pic\u00e9e, reposant sur une base sucr\u00e9e de vanille et de caramel, pour une fragrance \u00e0 la fois famili\u00e8re et revitalisante.<\/p>\n","protected":false},"featured_media":1415,"comment_status":"open","ping_status":"closed","template":"","meta":{"om_disable_all_campaigns":false,"_monsterinsights_skip_tracking":false,"_monsterinsights_sitenote_active":false,"_monsterinsights_sitenote_note":"","_monsterinsights_sitenote_category":0},"product_cat":[38,37],"product_tag":[],"aioseo_notices":[],"jetpack_sharing_enabled":true,"_links":{"self":[{"href":"https:\/\/frenchyfondant.fr\/index.php?rest_route=\/wp\/v2\/product\/1240"}],"collection":[{"href":"https:\/\/frenchyfondant.fr\/index.php?rest_route=\/wp\/v2\/product"}],"about":[{"href":"https:\/\/frenchyfondant.fr\/index.php?rest_route=\/wp\/v2\/types\/product"}],"replies":[{"embeddable":true,"href":"https:\/\/frenchyfondant.fr\/index.php?rest_route=%2Fwp%2Fv2%2Fcomments&post=1240"}],"wp:featuredmedia":[{"embeddable":true,"href":"https:\/\/frenchyfondant.fr\/index.php?rest_route=\/wp\/v2\/media\/1415"}],"wp:attachment":[{"href":"https:\/\/frenchyfondant.fr\/index.php?rest_route=%2Fwp%2Fv2%2Fmedia&parent=1240"}],"wp:term":[{"taxonomy":"product_cat","embeddable":true,"href":"https:\/\/frenchyfondant.fr\/index.php?rest_route=%2Fwp%2Fv2%2Fproduct_cat&post=1240"},{"taxonomy":"product_tag","embeddable":true,"href":"https:\/\/frenchyfondant.fr\/index.php?rest_route=%2Fwp%2Fv2%2Fproduct_tag&post=1240"}],"curies":[{"name":"wp","href":"https:\/\/api.w.org\/{rel}","templated":true}]}}