{"id":1237,"date":"2024-04-26T16:43:43","date_gmt":"2024-04-26T14:43:43","guid":{"rendered":"https:\/\/frenchyfondant.fr\/?post_type=product&#038;p=1237"},"modified":"2025-02-01T01:01:01","modified_gmt":"2025-02-01T00:01:01","slug":"feve-de-tonka","status":"publish","type":"product","link":"https:\/\/frenchyfondant.fr\/?product=feve-de-tonka","title":{"rendered":"F\u00caVE DE TONKA"},"content":{"rendered":"<p style=\"text-align: left;\">Fondant de bougie senteur f\u00e8ve de tonka<\/p>\n<p style=\"text-align: left;\">Immergez-vous dans l&rsquo;univers voluptueux de \u00ab\u00a0Tonka\u00a0\u00bb. D\u00e8s les premi\u00e8res notes, le galbanum flirt avec le cuir, esquissant une danse sensuelle et myst\u00e9rieuse. Au c\u0153ur de la fragrance de ce fondant de bougie, la tonka se r\u00e9v\u00e8le, drap\u00e9e d&rsquo;un musc \u00e0 la fois doux et envoutant. Le final est une sublime harmonie de patchouli et de santal, apportant une profondeur bois\u00e9e qui ne manquera pas de marquer les esprits.<\/p>\n<p style=\"text-align: left;\">100% artisanal &amp; fabriqu\u00e9 en France<\/p>\n<p style=\"text-align: left;\">Parfum sans CMR, ni Phtalate &#8211; Origine Grasse<\/p>\n<p style=\"text-align: left;\">Cire de soja 100% naturelle &#8211; Origine: UE (Espagne)<\/p>\n<p style=\"text-align: left;\">Colorant naturel (d&rsquo;origine v\u00e9g\u00e9tale ou min\u00e9rale)<\/p>\n<p style=\"text-align: left;\">\n","protected":false},"excerpt":{"rendered":"<p style=\"text-align: center;\">Fondant de bougie senteur f\u00e8ve de tonka<\/p>\n<p style=\"text-align: center;\">Immergez-vous dans l&rsquo;univers voluptueux de \u00ab\u00a0Tonka\u00a0\u00bb. D\u00e8s les premi\u00e8res notes, le galbanum flirt avec le cuir, esquissant une danse sensuelle et myst\u00e9rieuse. Au c\u0153ur de la fragrance de ce fondant de bougie, la tonka se r\u00e9v\u00e8le, drap\u00e9e d&rsquo;un musc \u00e0 la fois doux et envoutant. Le final est une sublime harmonie de patchouli et de santal, apportant une profondeur bois\u00e9e qui ne manquera pas de marquer les esprits.<\/p>\n","protected":false},"featured_media":1337,"comment_status":"open","ping_status":"closed","template":"","meta":{"om_disable_all_campaigns":false,"_monsterinsights_skip_tracking":false,"_monsterinsights_sitenote_active":false,"_monsterinsights_sitenote_note":"","_monsterinsights_sitenote_category":0},"product_cat":[38,37],"product_tag":[],"aioseo_notices":[],"jetpack_sharing_enabled":true,"_links":{"self":[{"href":"https:\/\/frenchyfondant.fr\/index.php?rest_route=\/wp\/v2\/product\/1237"}],"collection":[{"href":"https:\/\/frenchyfondant.fr\/index.php?rest_route=\/wp\/v2\/product"}],"about":[{"href":"https:\/\/frenchyfondant.fr\/index.php?rest_route=\/wp\/v2\/types\/product"}],"replies":[{"embeddable":true,"href":"https:\/\/frenchyfondant.fr\/index.php?rest_route=%2Fwp%2Fv2%2Fcomments&post=1237"}],"wp:featuredmedia":[{"embeddable":true,"href":"https:\/\/frenchyfondant.fr\/index.php?rest_route=\/wp\/v2\/media\/1337"}],"wp:attachment":[{"href":"https:\/\/frenchyfondant.fr\/index.php?rest_route=%2Fwp%2Fv2%2Fmedia&parent=1237"}],"wp:term":[{"taxonomy":"product_cat","embeddable":true,"href":"https:\/\/frenchyfondant.fr\/index.php?rest_route=%2Fwp%2Fv2%2Fproduct_cat&post=1237"},{"taxonomy":"product_tag","embeddable":true,"href":"https:\/\/frenchyfondant.fr\/index.php?rest_route=%2Fwp%2Fv2%2Fproduct_tag&post=1237"}],"curies":[{"name":"wp","href":"https:\/\/api.w.org\/{rel}","templated":true}]}}