{"id":1236,"date":"2024-04-26T16:42:58","date_gmt":"2024-04-26T14:42:58","guid":{"rendered":"https:\/\/frenchyfondant.fr\/?post_type=product&#038;p=1236"},"modified":"2025-02-01T01:01:01","modified_gmt":"2025-02-01T00:01:01","slug":"coton-meringue","status":"publish","type":"product","link":"https:\/\/frenchyfondant.fr\/?product=coton-meringue","title":{"rendered":"CITRON MERINGU\u00c9"},"content":{"rendered":"<p style=\"text-align: left;\">Fondant de bougie senteur Citron meringu\u00e9<\/p>\n<p style=\"text-align: left;\">Une ode \u00e0 la p\u00e2tisserie bien-aim\u00e9e, la fragrance de ce fondant de bougie est un d\u00e9lice citronn\u00e9 et gourmand. Les notes d&rsquo;agrumes en t\u00eate r\u00e9v\u00e8lent un c\u0153ur acidul\u00e9 de citron et de meringue, repose sur une base sucr\u00e9e de vanille, \u00e9voquant une tarte au citron meringu\u00e9e fra\u00eechement pr\u00e9par\u00e9e.<\/p>\n<p style=\"text-align: left;\">100% artisanal &amp; fabriqu\u00e9 en France<\/p>\n<p style=\"text-align: left;\">Parfum sans CMR, ni Phtalate &#8211; Origine Grasse<\/p>\n<p style=\"text-align: left;\">Cire de soja 100% naturelle &#8211; Origine: UE (Espagne)<\/p>\n<p style=\"text-align: left;\">Colorant naturel (d&rsquo;origine v\u00e9g\u00e9tale ou min\u00e9rale)<\/p>\n<p style=\"text-align: left;\">\n","protected":false},"excerpt":{"rendered":"<p style=\"text-align: center;\">Fondant de bougie senteur Citron meringu\u00e9<\/p>\n<p style=\"text-align: center;\">Une ode \u00e0 la p\u00e2tisserie bien-aim\u00e9e, la fragrance de ce fondant de bougie est un d\u00e9lice citronn\u00e9 et gourmand. Les notes d&rsquo;agrumes en t\u00eate r\u00e9v\u00e8lent un c\u0153ur acidul\u00e9 de citron et de meringue, repose sur une base sucr\u00e9e de vanille, \u00e9voquant une tarte au citron meringu\u00e9e fra\u00eechement pr\u00e9par\u00e9e.<\/p>\n","protected":false},"featured_media":1592,"comment_status":"open","ping_status":"closed","template":"","meta":{"om_disable_all_campaigns":false,"_monsterinsights_skip_tracking":false,"_monsterinsights_sitenote_active":false,"_monsterinsights_sitenote_note":"","_monsterinsights_sitenote_category":0},"product_cat":[38,37],"product_tag":[],"aioseo_notices":[],"jetpack_sharing_enabled":true,"_links":{"self":[{"href":"https:\/\/frenchyfondant.fr\/index.php?rest_route=\/wp\/v2\/product\/1236"}],"collection":[{"href":"https:\/\/frenchyfondant.fr\/index.php?rest_route=\/wp\/v2\/product"}],"about":[{"href":"https:\/\/frenchyfondant.fr\/index.php?rest_route=\/wp\/v2\/types\/product"}],"replies":[{"embeddable":true,"href":"https:\/\/frenchyfondant.fr\/index.php?rest_route=%2Fwp%2Fv2%2Fcomments&post=1236"}],"wp:featuredmedia":[{"embeddable":true,"href":"https:\/\/frenchyfondant.fr\/index.php?rest_route=\/wp\/v2\/media\/1592"}],"wp:attachment":[{"href":"https:\/\/frenchyfondant.fr\/index.php?rest_route=%2Fwp%2Fv2%2Fmedia&parent=1236"}],"wp:term":[{"taxonomy":"product_cat","embeddable":true,"href":"https:\/\/frenchyfondant.fr\/index.php?rest_route=%2Fwp%2Fv2%2Fproduct_cat&post=1236"},{"taxonomy":"product_tag","embeddable":true,"href":"https:\/\/frenchyfondant.fr\/index.php?rest_route=%2Fwp%2Fv2%2Fproduct_tag&post=1236"}],"curies":[{"name":"wp","href":"https:\/\/api.w.org\/{rel}","templated":true}]}}