{"id":1235,"date":"2024-04-26T16:42:47","date_gmt":"2024-04-26T14:42:47","guid":{"rendered":"https:\/\/frenchyfondant.fr\/?post_type=product&#038;p=1235"},"modified":"2025-02-01T01:01:01","modified_gmt":"2025-02-01T00:01:01","slug":"cerise-noire","status":"publish","type":"product","link":"https:\/\/frenchyfondant.fr\/?product=cerise-noire","title":{"rendered":"CERISE NOIRE EXPLOSIVE"},"content":{"rendered":"<p style=\"text-align: left;\">Fondant de bougie senteur Cerise noire<\/p>\n<p style=\"text-align: left;\">Un fondant de bougie au parfum dynamique et gourmand, qui encapsule la riche profondeur des cerises noires. La douceur de l&rsquo;amande et la frangipane en t\u00eate s&rsquo;ouvre sur un c\u0153ur juteux de cerise, soutenu par une base vanill\u00e9e, ajoutant une touche gourmande \u00e0 cette exp\u00e9rience olfactive explosive.<\/p>\n<p style=\"text-align: left;\">100% artisanal &amp; fabriqu\u00e9 en France<\/p>\n<p style=\"text-align: left;\">Parfum sans CMR, ni Phtalate &#8211; Origine Grasse<\/p>\n<p style=\"text-align: left;\">Cire de soja 100% naturelle &#8211; Origine: UE (Espagne)<\/p>\n<p style=\"text-align: left;\">Colorant naturel (d&rsquo;origine v\u00e9g\u00e9tale ou min\u00e9rale)<\/p>\n<p style=\"text-align: left;\">\n","protected":false},"excerpt":{"rendered":"<p style=\"text-align: center;\">Fondant de bougie senteur Cerise Noire<\/p>\n<p style=\"text-align: center;\">Un fondant de bougie au parfum dynamique et gourmand, qui encapsule la riche profondeur des cerises noires. La douceur de l&rsquo;amande et la frangipane en t\u00eate s&rsquo;ouvre sur un c\u0153ur juteux de cerise, soutenu par une base vanill\u00e9e, ajoutant une touche gourmande \u00e0 cette exp\u00e9rience olfactive explosive.<\/p>\n","protected":false},"featured_media":1417,"comment_status":"open","ping_status":"closed","template":"","meta":{"om_disable_all_campaigns":false,"_monsterinsights_skip_tracking":false,"_monsterinsights_sitenote_active":false,"_monsterinsights_sitenote_note":"","_monsterinsights_sitenote_category":0},"product_cat":[38,36],"product_tag":[],"aioseo_notices":[],"jetpack_sharing_enabled":true,"_links":{"self":[{"href":"https:\/\/frenchyfondant.fr\/index.php?rest_route=\/wp\/v2\/product\/1235"}],"collection":[{"href":"https:\/\/frenchyfondant.fr\/index.php?rest_route=\/wp\/v2\/product"}],"about":[{"href":"https:\/\/frenchyfondant.fr\/index.php?rest_route=\/wp\/v2\/types\/product"}],"replies":[{"embeddable":true,"href":"https:\/\/frenchyfondant.fr\/index.php?rest_route=%2Fwp%2Fv2%2Fcomments&post=1235"}],"wp:featuredmedia":[{"embeddable":true,"href":"https:\/\/frenchyfondant.fr\/index.php?rest_route=\/wp\/v2\/media\/1417"}],"wp:attachment":[{"href":"https:\/\/frenchyfondant.fr\/index.php?rest_route=%2Fwp%2Fv2%2Fmedia&parent=1235"}],"wp:term":[{"taxonomy":"product_cat","embeddable":true,"href":"https:\/\/frenchyfondant.fr\/index.php?rest_route=%2Fwp%2Fv2%2Fproduct_cat&post=1235"},{"taxonomy":"product_tag","embeddable":true,"href":"https:\/\/frenchyfondant.fr\/index.php?rest_route=%2Fwp%2Fv2%2Fproduct_tag&post=1235"}],"curies":[{"name":"wp","href":"https:\/\/api.w.org\/{rel}","templated":true}]}}