{"id":1233,"date":"2024-04-26T16:41:11","date_gmt":"2024-04-26T14:41:11","guid":{"rendered":"https:\/\/frenchyfondant.fr\/?post_type=product&#038;p=1233"},"modified":"2025-02-01T01:01:01","modified_gmt":"2025-02-01T00:01:01","slug":"bois-de-oud","status":"publish","type":"product","link":"https:\/\/frenchyfondant.fr\/?product=bois-de-oud","title":{"rendered":"BOIS DE OUD"},"content":{"rendered":"<p style=\"text-align: left;\">Fondant de bougie senteur Bois de Oud<\/p>\n<p style=\"text-align: left;\">Laissez-vous emporter par l&rsquo;exotisme mystique de notre fondant parfum\u00e9 au \u00ab\u00a0Bois de Oud\u00a0\u00bb. La fragrance d\u00e9bute par des notes \u00e9pic\u00e9es de cardamome et de c\u00e8dre marocain, ouvrant la voie \u00e0 un c\u0153ur riche de oud et de bois de cachemire, et se termine par une base profonde de musc et d&rsquo;ambre, \u00e9voquant un voyage olfactif dans un jardin oriental luxuriant et majestueux.<\/p>\n<p style=\"text-align: left;\">100% artisanal &amp; fabriqu\u00e9 en France<\/p>\n<p style=\"text-align: left;\">Parfum sans CMR, ni Phtalate &#8211; Origine Grasse<\/p>\n<p style=\"text-align: left;\">Cire de soja 100% naturelle &#8211; Origine: UE (Espagne)<\/p>\n<p style=\"text-align: left;\">Colorant naturel (d&rsquo;origine v\u00e9g\u00e9tale ou min\u00e9rale)<\/p>\n<p style=\"text-align: left;\">\n","protected":false},"excerpt":{"rendered":"<p style=\"text-align: center;\">Fondant de bougie senteur Bois de Oud<\/p>\n<p style=\"text-align: center;\">Laissez-vous emporter par l&rsquo;exotisme mystique de notre fondant parfum\u00e9 au \u00ab\u00a0Bois de Oud\u00a0\u00bb. La fragrance d\u00e9bute par des notes \u00e9pic\u00e9es de cardamome et de c\u00e8dre marocain, ouvrant la voie \u00e0 un c\u0153ur riche de oud et de bois de cachemire, et se termine par une base profonde de musc et d&rsquo;ambre, \u00e9voquant un voyage olfactif dans un jardin oriental luxuriant et majestueux.<\/p>\n","protected":false},"featured_media":1345,"comment_status":"open","ping_status":"closed","template":"","meta":{"om_disable_all_campaigns":false,"_monsterinsights_skip_tracking":false,"_monsterinsights_sitenote_active":false,"_monsterinsights_sitenote_note":"","_monsterinsights_sitenote_category":0},"product_cat":[38,35,39],"product_tag":[],"aioseo_notices":[],"jetpack_sharing_enabled":true,"_links":{"self":[{"href":"https:\/\/frenchyfondant.fr\/index.php?rest_route=\/wp\/v2\/product\/1233"}],"collection":[{"href":"https:\/\/frenchyfondant.fr\/index.php?rest_route=\/wp\/v2\/product"}],"about":[{"href":"https:\/\/frenchyfondant.fr\/index.php?rest_route=\/wp\/v2\/types\/product"}],"replies":[{"embeddable":true,"href":"https:\/\/frenchyfondant.fr\/index.php?rest_route=%2Fwp%2Fv2%2Fcomments&post=1233"}],"wp:featuredmedia":[{"embeddable":true,"href":"https:\/\/frenchyfondant.fr\/index.php?rest_route=\/wp\/v2\/media\/1345"}],"wp:attachment":[{"href":"https:\/\/frenchyfondant.fr\/index.php?rest_route=%2Fwp%2Fv2%2Fmedia&parent=1233"}],"wp:term":[{"taxonomy":"product_cat","embeddable":true,"href":"https:\/\/frenchyfondant.fr\/index.php?rest_route=%2Fwp%2Fv2%2Fproduct_cat&post=1233"},{"taxonomy":"product_tag","embeddable":true,"href":"https:\/\/frenchyfondant.fr\/index.php?rest_route=%2Fwp%2Fv2%2Fproduct_tag&post=1233"}],"curies":[{"name":"wp","href":"https:\/\/api.w.org\/{rel}","templated":true}]}}