{"id":1229,"date":"2024-04-26T16:25:39","date_gmt":"2024-04-26T14:25:39","guid":{"rendered":"https:\/\/frenchyfondant.fr\/?post_type=product&#038;p=1229"},"modified":"2025-02-01T01:01:01","modified_gmt":"2025-02-01T00:01:01","slug":"jasmin","status":"publish","type":"product","link":"https:\/\/frenchyfondant.fr\/?product=jasmin","title":{"rendered":"JASMIN"},"content":{"rendered":"<p style=\"text-align: left;\">Fondant de bougie senteur Jasmin<\/p>\n<p style=\"text-align: left;\">Plongez dans un jardin nocturne o\u00f9 le jasmin s&rsquo;\u00e9panouit avec grandeur, entour\u00e9 de nuances fruit\u00e9es et animales. La fragrance s&rsquo;ouvre sur des notes lumineuses de ylang et de lilas, annon\u00e7ant l&rsquo;arriv\u00e9e d&rsquo;un c\u0153ur florissant o\u00f9 le jasmin et la rose s&rsquo;unissent dans une danse \u00e9l\u00e9gante. Un fond de vanille et de fleur d&rsquo;oranger apporte une touche sucr\u00e9e, couronnant cette exp\u00e9rience olfactive exquise.<\/p>\n<p style=\"text-align: left;\">100% artisanal &amp; fabriqu\u00e9 en France<\/p>\n<p style=\"text-align: left;\">Parfum sans CMR, ni Phtalate &#8211; Origine Grasse<\/p>\n<p style=\"text-align: left;\">Cire de soja 100% naturelle &#8211; Origine: UE (Espagne)<\/p>\n<p style=\"text-align: left;\">Colorant naturel (d&rsquo;origine v\u00e9g\u00e9tale ou min\u00e9rale)<\/p>\n<p style=\"text-align: left;\">\n","protected":false},"excerpt":{"rendered":"<p style=\"text-align: center;\">Fondant de bougie senteur Jasmin<\/p>\n<p style=\"text-align: center;\">Plongez dans un jardin nocturne o\u00f9 le jasmin s&rsquo;\u00e9panouit avec grandeur, entour\u00e9 de nuances fruit\u00e9es et animales. La fragrance s&rsquo;ouvre sur des notes lumineuses de ylang et de lilas, annon\u00e7ant l&rsquo;arriv\u00e9e d&rsquo;un c\u0153ur florissant o\u00f9 le jasmin et la rose s&rsquo;unissent dans une danse \u00e9l\u00e9gante. Un fond de vanille et de fleur d&rsquo;oranger apporte une touche sucr\u00e9e, couronnant cette exp\u00e9rience olfactive exquise.<\/p>\n","protected":false},"featured_media":1362,"comment_status":"open","ping_status":"closed","template":"","meta":{"om_disable_all_campaigns":false,"_monsterinsights_skip_tracking":false,"_monsterinsights_sitenote_active":false,"_monsterinsights_sitenote_note":"","_monsterinsights_sitenote_category":0},"product_cat":[38,42],"product_tag":[],"aioseo_notices":[],"jetpack_sharing_enabled":true,"_links":{"self":[{"href":"https:\/\/frenchyfondant.fr\/index.php?rest_route=\/wp\/v2\/product\/1229"}],"collection":[{"href":"https:\/\/frenchyfondant.fr\/index.php?rest_route=\/wp\/v2\/product"}],"about":[{"href":"https:\/\/frenchyfondant.fr\/index.php?rest_route=\/wp\/v2\/types\/product"}],"replies":[{"embeddable":true,"href":"https:\/\/frenchyfondant.fr\/index.php?rest_route=%2Fwp%2Fv2%2Fcomments&post=1229"}],"wp:featuredmedia":[{"embeddable":true,"href":"https:\/\/frenchyfondant.fr\/index.php?rest_route=\/wp\/v2\/media\/1362"}],"wp:attachment":[{"href":"https:\/\/frenchyfondant.fr\/index.php?rest_route=%2Fwp%2Fv2%2Fmedia&parent=1229"}],"wp:term":[{"taxonomy":"product_cat","embeddable":true,"href":"https:\/\/frenchyfondant.fr\/index.php?rest_route=%2Fwp%2Fv2%2Fproduct_cat&post=1229"},{"taxonomy":"product_tag","embeddable":true,"href":"https:\/\/frenchyfondant.fr\/index.php?rest_route=%2Fwp%2Fv2%2Fproduct_tag&post=1229"}],"curies":[{"name":"wp","href":"https:\/\/api.w.org\/{rel}","templated":true}]}}