{"id":1208,"date":"2024-04-25T16:59:46","date_gmt":"2024-04-25T14:59:46","guid":{"rendered":"https:\/\/frenchyfondant.fr\/?post_type=product&#038;p=1208"},"modified":"2025-02-01T01:01:01","modified_gmt":"2025-02-01T00:01:01","slug":"rose-magnolia","status":"publish","type":"product","link":"https:\/\/frenchyfondant.fr\/?product=rose-magnolia","title":{"rendered":"ROSE MAGNOLIA"},"content":{"rendered":"<p style=\"text-align: center;\">Fondant de bougie senteur Rose Magnolia<\/p>\n<p style=\"text-align: center;\">Sentez-vous transport\u00e9 dans un jardin florissant gr\u00e2ce \u00e0 cette fragrance florale et hesp\u00e9rid\u00e9e qui capture l&rsquo;essence du magnolia en fleur. Les notes de t\u00eate de citron et d&rsquo;orange \u00e9voquent la fra\u00eecheur du matin, annon\u00e7ant une journ\u00e9e lumineuse. Le c\u0153ur r\u00e9v\u00e8le une floraison splendide de magnolia, sublim\u00e9e par une touche de musc. En fond, la fleur d&rsquo;oranger apporte une douceur rayonnante, comme une promesse de bonheur.<\/p>\n<p style=\"text-align: center;\">100% artisanal &amp; fabriqu\u00e9 en France<\/p>\n<p style=\"text-align: center;\">Parfum sans CMR, ni Phtalate &#8211; Origine Grasse<\/p>\n<p style=\"text-align: center;\">Cire de soja 100% naturelle &#8211; Origine: UE (Espagne)<\/p>\n<p style=\"text-align: center;\">Colorant naturel (d&rsquo;origine v\u00e9g\u00e9tale ou min\u00e9rale)<\/p>\n<p style=\"text-align: center;\">\n","protected":false},"excerpt":{"rendered":"<p style=\"text-align: center;\">Fondant de bougie senteur Rose Magnolia<\/p>\n<p style=\"text-align: center;\">Sentez-vous transport\u00e9 dans un jardin florissant gr\u00e2ce \u00e0 cette fragrance florale et hesp\u00e9rid\u00e9e qui capture l&rsquo;essence du magnolia en fleur. Les notes de t\u00eate de citron et d&rsquo;orange \u00e9voquent la fra\u00eecheur du matin, annon\u00e7ant une journ\u00e9e lumineuse. Le c\u0153ur r\u00e9v\u00e8le une floraison splendide de magnolia, sublim\u00e9e par une touche de musc. En fond, la fleur d&rsquo;oranger apporte une douceur rayonnante, comme une promesse de bonheur.<\/p>\n<p>&nbsp;<\/p>\n<p>&nbsp;<\/p>\n","protected":false},"featured_media":1226,"comment_status":"open","ping_status":"closed","template":"","meta":{"om_disable_all_campaigns":false,"_monsterinsights_skip_tracking":false,"_monsterinsights_sitenote_active":false,"_monsterinsights_sitenote_note":"","_monsterinsights_sitenote_category":0},"product_cat":[38,42],"product_tag":[],"aioseo_notices":[],"jetpack_sharing_enabled":true,"_links":{"self":[{"href":"https:\/\/frenchyfondant.fr\/index.php?rest_route=\/wp\/v2\/product\/1208"}],"collection":[{"href":"https:\/\/frenchyfondant.fr\/index.php?rest_route=\/wp\/v2\/product"}],"about":[{"href":"https:\/\/frenchyfondant.fr\/index.php?rest_route=\/wp\/v2\/types\/product"}],"replies":[{"embeddable":true,"href":"https:\/\/frenchyfondant.fr\/index.php?rest_route=%2Fwp%2Fv2%2Fcomments&post=1208"}],"wp:featuredmedia":[{"embeddable":true,"href":"https:\/\/frenchyfondant.fr\/index.php?rest_route=\/wp\/v2\/media\/1226"}],"wp:attachment":[{"href":"https:\/\/frenchyfondant.fr\/index.php?rest_route=%2Fwp%2Fv2%2Fmedia&parent=1208"}],"wp:term":[{"taxonomy":"product_cat","embeddable":true,"href":"https:\/\/frenchyfondant.fr\/index.php?rest_route=%2Fwp%2Fv2%2Fproduct_cat&post=1208"},{"taxonomy":"product_tag","embeddable":true,"href":"https:\/\/frenchyfondant.fr\/index.php?rest_route=%2Fwp%2Fv2%2Fproduct_tag&post=1208"}],"curies":[{"name":"wp","href":"https:\/\/api.w.org\/{rel}","templated":true}]}}